{"id":2104,"date":"2021-03-23T09:33:48","date_gmt":"2021-03-23T09:33:48","guid":{"rendered":"http:\/\/localhost\/nuss\/?page_id=167"},"modified":"2025-12-04T11:13:45","modified_gmt":"2025-12-04T11:13:45","slug":"unsere-geschichte","status":"publish","type":"page","link":"https:\/\/primehotelbeijing.com\/de\/unsere-geschichte\/","title":{"rendered":"Unsere Geschichte"},"content":{"rendered":"<div data-elementor-type=\"wp-page\" data-elementor-id=\"2104\" class=\"elementor elementor-2104\">\n\t\t\t\t\t\t<section class=\"elementor-section elementor-top-section elementor-element elementor-element-8f5bb9d elementor-section-boxed elementor-section-gap-beside-yes elementor-section-height-default elementor-section-height-default elementor-section-column-vertical-align-stretch\" data-id=\"8f5bb9d\" data-element_type=\"section\" data-e-type=\"section\">\n\t\t\t\t\t\t<div class=\"elementor-container elementor-column-gap-extended\">\n\t\t\t\t\t<div class=\"elementor-column elementor-col-100 elementor-top-column elementor-element elementor-element-7ec4215\" data-id=\"7ec4215\" data-element_type=\"column\" data-e-type=\"column\">\n\t\t\t<div class=\"elementor-widget-wrap elementor-element-populated\">\n\t\t\t\t\t\t<div class=\"elementor-element elementor-element-edd9d03 elementor-widget__width-initial elementor-invisible elementor-widget elementor-widget-text-editor\" data-id=\"edd9d03\" data-element_type=\"widget\" data-e-type=\"widget\" data-settings=\"{&quot;_animation&quot;:&quot;nussFadeInUp&quot;}\" data-widget_type=\"text-editor.default\">\n\t\t\t\t<div class=\"elementor-widget-container\">\n\t\t\t\t\t\t\t\t\t<h3>Unsere Geschichte: Empark Prime Hotel Beijing<\/h3>\t\t\t\t\t\t\t\t<\/div>\n\t\t\t\t<\/div>\n\t\t\t\t\t<\/div>\n\t\t<\/div>\n\t\t\t\t\t<\/div>\n\t\t<\/section>\n\t\t\t\t<section class=\"elementor-section elementor-top-section elementor-element elementor-element-fcc2c5b elementor-section-boxed elementor-section-gap-beside-yes elementor-section-height-default elementor-section-height-default elementor-section-column-vertical-align-stretch\" data-id=\"fcc2c5b\" data-element_type=\"section\" data-e-type=\"section\">\n\t\t\t\t\t\t<div class=\"elementor-container elementor-column-gap-extended\">\n\t\t\t\t\t<div class=\"elementor-column elementor-col-100 elementor-top-column elementor-element elementor-element-2f7d653\" data-id=\"2f7d653\" data-element_type=\"column\" data-e-type=\"column\">\n\t\t\t<div class=\"elementor-widget-wrap elementor-element-populated\">\n\t\t\t\t\t\t<section class=\"elementor-section elementor-inner-section elementor-element elementor-element-6f6d8ba elementor-section-boxed elementor-section-gap-beside-yes elementor-section-height-default elementor-section-height-default elementor-section-column-vertical-align-stretch\" data-id=\"6f6d8ba\" data-element_type=\"section\" data-e-type=\"section\">\n\t\t\t\t\t\t<div class=\"elementor-container elementor-column-gap-extended\">\n\t\t\t\t\t<div class=\"elementor-column elementor-col-50 elementor-inner-column elementor-element elementor-element-0878be6\" data-id=\"0878be6\" data-element_type=\"column\" data-e-type=\"column\">\n\t\t\t<div class=\"elementor-widget-wrap elementor-element-populated\">\n\t\t\t\t\t\t<div class=\"elementor-element elementor-element-2ba7908 elementor-invisible elementor-widget elementor-widget-text-editor\" data-id=\"2ba7908\" data-element_type=\"widget\" data-e-type=\"widget\" data-settings=\"{&quot;_animation&quot;:&quot;nussFadeInUp&quot;}\" data-widget_type=\"text-editor.default\">\n\t\t\t\t<div class=\"elementor-widget-container\">\n\t\t\t\t\t\t\t\t\t<p>Im Herzen Pekings, wo die jahrhundertealten Echos der kaiserlichen Geschichte auf den pulsierenden Puls einer modernen Metropole treffen, liegt das Empark Prime Hotel Beijing, Wangfujing Avenue 2, Dongcheng, Peking, China, 100006. Unsere Geschichte ist gepr\u00e4gt von Vision, Hingabe und dem tief verwurzelten Bestreben, Gastfreundschaft in einer der kulturell reichsten St\u00e4dte der Welt neu zu definieren. Das Empark Prime Hotel Beijing ist mehr als nur eine Unterkunft. Es ist ein Zeugnis der nahtlosen Verbindung von zeitlosem chinesischem Erbe und modernem Luxus und bietet jedem Gast ein unvergessliches Erlebnis, so wie die Stadt selbst.<\/p>\t\t\t\t\t\t\t\t<\/div>\n\t\t\t\t<\/div>\n\t\t\t\t\t<\/div>\n\t\t<\/div>\n\t\t\t\t<div class=\"elementor-column elementor-col-50 elementor-inner-column elementor-element elementor-element-6f3f021\" data-id=\"6f3f021\" data-element_type=\"column\" data-e-type=\"column\">\n\t\t\t<div class=\"elementor-widget-wrap elementor-element-populated\">\n\t\t\t\t\t\t<div class=\"elementor-element elementor-element-6013047 elementor-widget elementor-widget-image\" data-id=\"6013047\" data-element_type=\"widget\" data-e-type=\"widget\" data-widget_type=\"image.default\">\n\t\t\t\t<div class=\"elementor-widget-container\">\n\t\t\t\t\t\t\t\t\t\t\t\t\t\t\t<img fetchpriority=\"high\" decoding=\"async\" width=\"1024\" height=\"682\" src=\"https:\/\/primehotelbeijing.com\/wp-content\/uploads\/2025\/07\/Business-facilities-12-1024x682.webp\" class=\"attachment-large size-large wp-image-5699\" alt=\"\" srcset=\"https:\/\/primehotelbeijing.com\/wp-content\/uploads\/2025\/07\/Business-facilities-12-1024x682.webp 1024w, https:\/\/primehotelbeijing.com\/wp-content\/uploads\/2025\/07\/Business-facilities-12-300x200.webp 300w, https:\/\/primehotelbeijing.com\/wp-content\/uploads\/2025\/07\/Business-facilities-12-768x512.webp 768w, https:\/\/primehotelbeijing.com\/wp-content\/uploads\/2025\/07\/Business-facilities-12-18x12.webp 18w, https:\/\/primehotelbeijing.com\/wp-content\/uploads\/2025\/07\/Business-facilities-12.webp 1280w\" sizes=\"(max-width: 1024px) 100vw, 1024px\" \/>\t\t\t\t\t\t\t\t\t\t\t\t\t\t\t<\/div>\n\t\t\t\t<\/div>\n\t\t\t\t\t<\/div>\n\t\t<\/div>\n\t\t\t\t\t<\/div>\n\t\t<\/section>\n\t\t\t\t<section class=\"elementor-section elementor-inner-section elementor-element elementor-element-0ad233f elementor-section-boxed elementor-section-gap-beside-yes elementor-section-height-default elementor-section-height-default elementor-section-column-vertical-align-stretch\" data-id=\"0ad233f\" data-element_type=\"section\" data-e-type=\"section\">\n\t\t\t\t\t\t<div class=\"elementor-container elementor-column-gap-extended\">\n\t\t\t\t\t<div class=\"elementor-column elementor-col-50 elementor-inner-column elementor-element elementor-element-2cde083\" data-id=\"2cde083\" data-element_type=\"column\" data-e-type=\"column\">\n\t\t\t<div class=\"elementor-widget-wrap elementor-element-populated\">\n\t\t\t\t\t\t<div class=\"elementor-element elementor-element-b3ce026 elementor-widget elementor-widget-image\" data-id=\"b3ce026\" data-element_type=\"widget\" data-e-type=\"widget\" data-widget_type=\"image.default\">\n\t\t\t\t<div class=\"elementor-widget-container\">\n\t\t\t\t\t\t\t\t\t\t\t\t\t\t\t<img decoding=\"async\" width=\"1024\" height=\"764\" src=\"https:\/\/primehotelbeijing.com\/wp-content\/uploads\/2025\/07\/Business-facilities-10-1024x764.webp\" class=\"attachment-large size-large wp-image-5697\" alt=\"\" srcset=\"https:\/\/primehotelbeijing.com\/wp-content\/uploads\/2025\/07\/Business-facilities-10-1024x764.webp 1024w, https:\/\/primehotelbeijing.com\/wp-content\/uploads\/2025\/07\/Business-facilities-10-300x224.webp 300w, https:\/\/primehotelbeijing.com\/wp-content\/uploads\/2025\/07\/Business-facilities-10-768x573.webp 768w, https:\/\/primehotelbeijing.com\/wp-content\/uploads\/2025\/07\/Business-facilities-10-16x12.webp 16w, https:\/\/primehotelbeijing.com\/wp-content\/uploads\/2025\/07\/Business-facilities-10.webp 1143w\" sizes=\"(max-width: 1024px) 100vw, 1024px\" \/>\t\t\t\t\t\t\t\t\t\t\t\t\t\t\t<\/div>\n\t\t\t\t<\/div>\n\t\t\t\t\t<\/div>\n\t\t<\/div>\n\t\t\t\t<div class=\"elementor-column elementor-col-50 elementor-inner-column elementor-element elementor-element-ccbc7cc\" data-id=\"ccbc7cc\" data-element_type=\"column\" data-e-type=\"column\">\n\t\t\t<div class=\"elementor-widget-wrap elementor-element-populated\">\n\t\t\t\t\t\t<div class=\"elementor-element elementor-element-9956e21 elementor-invisible elementor-widget elementor-widget-text-editor\" data-id=\"9956e21\" data-element_type=\"widget\" data-e-type=\"widget\" data-settings=\"{&quot;_animation&quot;:&quot;nussFadeInUp&quot;}\" data-widget_type=\"text-editor.default\">\n\t\t\t\t<div class=\"elementor-widget-container\">\n\t\t\t\t\t\t\t\t\t<p>Unsere Reise begann mit dem Traum, im gesch\u00e4ftigen Stadtteil Dongcheng, direkt an der ber\u00fchmten Wangfujing-Stra\u00dfe \u2013 einer historischen Durchgangsstra\u00dfe, die f\u00fcr ihre Mischung aus Tradition und Moderne bekannt ist \u2013 ein Refugium f\u00fcr Reisende zu schaffen. Diese erstklassige Lage wurde nicht zuf\u00e4llig, sondern mit Bedacht gew\u00e4hlt, denn sie bringt uns an den Schnittpunkt von Pekings Vergangenheit und Gegenwart. Nur wenige Schritte von der Verbotenen Stadt, dem Tiananmen-Platz und anderen Sehensw\u00fcrdigkeiten entfernt, die die bewegte Geschichte Chinas erz\u00e4hlen, wurde das Empark Prime Hotel Beijing als Ausgangspunkt konzipiert, damit G\u00e4ste in die kulturelle Vielfalt der Hauptstadt eintauchen und gleichzeitig den Komfort einer erstklassigen Unterkunft genie\u00dfen k\u00f6nnen.<\/p>\t\t\t\t\t\t\t\t<\/div>\n\t\t\t\t<\/div>\n\t\t\t\t\t<\/div>\n\t\t<\/div>\n\t\t\t\t\t<\/div>\n\t\t<\/section>\n\t\t\t\t<section class=\"elementor-section elementor-inner-section elementor-element elementor-element-c127b44 elementor-section-boxed elementor-section-gap-beside-yes elementor-section-height-default elementor-section-height-default elementor-section-column-vertical-align-stretch\" data-id=\"c127b44\" data-element_type=\"section\" data-e-type=\"section\">\n\t\t\t\t\t\t<div class=\"elementor-container elementor-column-gap-extended\">\n\t\t\t\t\t<div class=\"elementor-column elementor-col-50 elementor-inner-column elementor-element elementor-element-e050279\" data-id=\"e050279\" data-element_type=\"column\" data-e-type=\"column\">\n\t\t\t<div class=\"elementor-widget-wrap elementor-element-populated\">\n\t\t\t\t\t\t<div class=\"elementor-element elementor-element-818ffa2 elementor-invisible elementor-widget elementor-widget-text-editor\" data-id=\"818ffa2\" data-element_type=\"widget\" data-e-type=\"widget\" data-settings=\"{&quot;_animation&quot;:&quot;nussFadeInUp&quot;}\" data-widget_type=\"text-editor.default\">\n\t\t\t\t<div class=\"elementor-widget-container\">\n\t\t\t\t\t\t\t\t\t<p>Von Anfang an war es unsere Mission, die Essenz chinesischer Gastfreundschaft zu verk\u00f6rpern, die Wert auf W\u00e4rme, Respekt und Liebe zum Detail legt. Architektur und Design des Empark Prime Hotel Beijing spiegeln diese Philosophie wider und verbinden elegante, moderne \u00c4sthetik mit subtilen Anspielungen auf traditionelle chinesische Kunst. Jeder Raum unseres Hotels \u2013 von der gro\u00dfz\u00fcgigen Lobby mit ihren aufwendigen Details bis zu den ruhigen G\u00e4stezimmern mit Panoramablick \u00fcber die Stadt \u2013 wurde sorgf\u00e4ltig gestaltet, um ein Gef\u00fchl von Ruhe und Eleganz zu vermitteln. Unser Ziel war es, eine Umgebung zu schaffen, in der unsere G\u00e4ste dem hektischen Treiben Pekings entfliehen und eine Oase der Entspannung und Inspiration finden k\u00f6nnen.<\/p>\t\t\t\t\t\t\t\t<\/div>\n\t\t\t\t<\/div>\n\t\t\t\t\t<\/div>\n\t\t<\/div>\n\t\t\t\t<div class=\"elementor-column elementor-col-50 elementor-inner-column elementor-element elementor-element-6cab6d3\" data-id=\"6cab6d3\" data-element_type=\"column\" data-e-type=\"column\">\n\t\t\t<div class=\"elementor-widget-wrap elementor-element-populated\">\n\t\t\t\t\t\t<div class=\"elementor-element elementor-element-ec4d36c elementor-widget elementor-widget-image\" data-id=\"ec4d36c\" data-element_type=\"widget\" data-e-type=\"widget\" data-widget_type=\"image.default\">\n\t\t\t\t<div class=\"elementor-widget-container\">\n\t\t\t\t\t\t\t\t\t\t\t\t\t\t\t<img decoding=\"async\" width=\"1024\" height=\"682\" src=\"https:\/\/primehotelbeijing.com\/wp-content\/uploads\/2025\/07\/Business-facilities-2-1024x682.webp\" class=\"attachment-large size-large wp-image-5689\" alt=\"\" srcset=\"https:\/\/primehotelbeijing.com\/wp-content\/uploads\/2025\/07\/Business-facilities-2-1024x682.webp 1024w, https:\/\/primehotelbeijing.com\/wp-content\/uploads\/2025\/07\/Business-facilities-2-300x200.webp 300w, https:\/\/primehotelbeijing.com\/wp-content\/uploads\/2025\/07\/Business-facilities-2-768x512.webp 768w, https:\/\/primehotelbeijing.com\/wp-content\/uploads\/2025\/07\/Business-facilities-2-18x12.webp 18w, https:\/\/primehotelbeijing.com\/wp-content\/uploads\/2025\/07\/Business-facilities-2.webp 1280w\" sizes=\"(max-width: 1024px) 100vw, 1024px\" \/>\t\t\t\t\t\t\t\t\t\t\t\t\t\t\t<\/div>\n\t\t\t\t<\/div>\n\t\t\t\t\t<\/div>\n\t\t<\/div>\n\t\t\t\t\t<\/div>\n\t\t<\/section>\n\t\t\t\t<section class=\"elementor-section elementor-inner-section elementor-element elementor-element-5956990 elementor-section-boxed elementor-section-gap-beside-yes elementor-section-height-default elementor-section-height-default elementor-section-column-vertical-align-stretch\" data-id=\"5956990\" data-element_type=\"section\" data-e-type=\"section\">\n\t\t\t\t\t\t<div class=\"elementor-container elementor-column-gap-extended\">\n\t\t\t\t\t<div class=\"elementor-column elementor-col-50 elementor-inner-column elementor-element elementor-element-70375aa\" data-id=\"70375aa\" data-element_type=\"column\" data-e-type=\"column\">\n\t\t\t<div class=\"elementor-widget-wrap elementor-element-populated\">\n\t\t\t\t\t\t<div class=\"elementor-element elementor-element-d84f5ca elementor-widget elementor-widget-image\" data-id=\"d84f5ca\" data-element_type=\"widget\" data-e-type=\"widget\" data-widget_type=\"image.default\">\n\t\t\t\t<div class=\"elementor-widget-container\">\n\t\t\t\t\t\t\t\t\t\t\t\t\t\t\t<img loading=\"lazy\" decoding=\"async\" width=\"1024\" height=\"683\" src=\"https:\/\/primehotelbeijing.com\/wp-content\/uploads\/2025\/07\/prime-hotel-beijing-38-1024x683.jpg\" class=\"attachment-large size-large wp-image-5561\" alt=\"\" srcset=\"https:\/\/primehotelbeijing.com\/wp-content\/uploads\/2025\/07\/prime-hotel-beijing-38-1024x683.jpg 1024w, https:\/\/primehotelbeijing.com\/wp-content\/uploads\/2025\/07\/prime-hotel-beijing-38-300x200.jpg 300w, https:\/\/primehotelbeijing.com\/wp-content\/uploads\/2025\/07\/prime-hotel-beijing-38-768x512.jpg 768w, https:\/\/primehotelbeijing.com\/wp-content\/uploads\/2025\/07\/prime-hotel-beijing-38.jpg 1200w\" sizes=\"(max-width: 1024px) 100vw, 1024px\" \/>\t\t\t\t\t\t\t\t\t\t\t\t\t\t\t<\/div>\n\t\t\t\t<\/div>\n\t\t\t\t\t<\/div>\n\t\t<\/div>\n\t\t\t\t<div class=\"elementor-column elementor-col-50 elementor-inner-column elementor-element elementor-element-f97383d\" data-id=\"f97383d\" data-element_type=\"column\" data-e-type=\"column\">\n\t\t\t<div class=\"elementor-widget-wrap elementor-element-populated\">\n\t\t\t\t\t\t<div class=\"elementor-element elementor-element-cc0cf43 elementor-invisible elementor-widget elementor-widget-text-editor\" data-id=\"cc0cf43\" data-element_type=\"widget\" data-e-type=\"widget\" data-settings=\"{&quot;_animation&quot;:&quot;nussFadeInUp&quot;}\" data-widget_type=\"text-editor.default\">\n\t\t\t\t<div class=\"elementor-widget-container\">\n\t\t\t\t\t\t\t\t\t<p>Im Laufe der Jahre sind wir zu mehr als nur einem Hotel gewachsen; wir erz\u00e4hlen Geschichten unz\u00e4hliger Reisen. Gesch\u00e4ftsreisende haben in uns einen zuverl\u00e4ssigen Partner gefunden, mit hochmodernen Einrichtungen und vielseitigen Veranstaltungsr\u00e4umen f\u00fcr Konferenzen, Meetings und Firmenveranstaltungen. Familien und Urlauber haben bei uns ein zweites Zuhause gefunden, in dem wir auf all unsere W\u00fcnsche eingehen \u2013 vom pers\u00f6nlichen Concierge-Service bis hin zu sorgf\u00e4ltig ausgew\u00e4hlten Empfehlungen f\u00fcr die Erkundung der verborgenen Sch\u00e4tze Pekings. Unsere Restaurants bieten eine harmonische Mischung aus authentischer chinesischer K\u00fcche und internationalen Aromen und sind zu einem eigenst\u00e4ndigen Reiseziel geworden, das G\u00e4ste einl\u00e4dt, die Aromen der Region und dar\u00fcber hinaus zu genie\u00dfen.<\/p>\t\t\t\t\t\t\t\t<\/div>\n\t\t\t\t<\/div>\n\t\t\t\t\t<\/div>\n\t\t<\/div>\n\t\t\t\t\t<\/div>\n\t\t<\/section>\n\t\t\t\t<section class=\"elementor-section elementor-inner-section elementor-element elementor-element-89b6319 elementor-section-boxed elementor-section-gap-beside-yes elementor-section-height-default elementor-section-height-default elementor-section-column-vertical-align-stretch\" data-id=\"89b6319\" data-element_type=\"section\" data-e-type=\"section\">\n\t\t\t\t\t\t<div class=\"elementor-container elementor-column-gap-extended\">\n\t\t\t\t\t<div class=\"elementor-column elementor-col-50 elementor-inner-column elementor-element elementor-element-3ebd8db\" data-id=\"3ebd8db\" data-element_type=\"column\" data-e-type=\"column\">\n\t\t\t<div class=\"elementor-widget-wrap elementor-element-populated\">\n\t\t\t\t\t\t<div class=\"elementor-element elementor-element-662e3f5 elementor-invisible elementor-widget elementor-widget-text-editor\" data-id=\"662e3f5\" data-element_type=\"widget\" data-e-type=\"widget\" data-settings=\"{&quot;_animation&quot;:&quot;nussFadeInUp&quot;}\" data-widget_type=\"text-editor.default\">\n\t\t\t\t<div class=\"elementor-widget-container\">\n\t\t\t\t\t\t\t\t\t<p>Unsere Geschichte ist auch eine Geschichte der Entwicklung und Innovation. W\u00e4hrend sich Peking zu einem globalen Zentrum entwickelt, sind wir bestrebt, mit modernster Technologie und nachhaltigen Praktiken die Nase vorn zu behalten, um das G\u00e4steerlebnis zu verbessern und gleichzeitig unserer Verantwortung gegen\u00fcber der Umwelt gerecht zu werden. Im Mittelpunkt all unseres Handelns steht jedoch unser unersch\u00fctterliches Engagement f\u00fcr die Menschen \u2013 unsere G\u00e4ste, unsere Mitarbeiter und die lebendige Gemeinschaft um uns herum. Jedes Mitglied der Empark Prime Hotel Beijing-Familie ist von der Leidenschaft f\u00fcr den Service getrieben und sorgt daf\u00fcr, dass jede Interaktion von echter F\u00fcrsorge und dem Wunsch gepr\u00e4gt ist, Erwartungen zu \u00fcbertreffen.<\/p>\t\t\t\t\t\t\t\t<\/div>\n\t\t\t\t<\/div>\n\t\t\t\t\t<\/div>\n\t\t<\/div>\n\t\t\t\t<div class=\"elementor-column elementor-col-50 elementor-inner-column elementor-element elementor-element-06712e5\" data-id=\"06712e5\" data-element_type=\"column\" data-e-type=\"column\">\n\t\t\t<div class=\"elementor-widget-wrap elementor-element-populated\">\n\t\t\t\t\t\t<div class=\"elementor-element elementor-element-225ce08 elementor-widget elementor-widget-image\" data-id=\"225ce08\" data-element_type=\"widget\" data-e-type=\"widget\" data-widget_type=\"image.default\">\n\t\t\t\t<div class=\"elementor-widget-container\">\n\t\t\t\t\t\t\t\t\t\t\t\t\t\t\t<img loading=\"lazy\" decoding=\"async\" width=\"1024\" height=\"768\" src=\"https:\/\/primehotelbeijing.com\/wp-content\/uploads\/2025\/07\/prime-hotel-beijing-48-1024x768.jpg\" class=\"attachment-large size-large wp-image-5571\" alt=\"\" srcset=\"https:\/\/primehotelbeijing.com\/wp-content\/uploads\/2025\/07\/prime-hotel-beijing-48-1024x768.jpg 1024w, https:\/\/primehotelbeijing.com\/wp-content\/uploads\/2025\/07\/prime-hotel-beijing-48-300x225.jpg 300w, https:\/\/primehotelbeijing.com\/wp-content\/uploads\/2025\/07\/prime-hotel-beijing-48-768x576.jpg 768w, https:\/\/primehotelbeijing.com\/wp-content\/uploads\/2025\/07\/prime-hotel-beijing-48.jpg 1200w\" sizes=\"(max-width: 1024px) 100vw, 1024px\" \/>\t\t\t\t\t\t\t\t\t\t\t\t\t\t\t<\/div>\n\t\t\t\t<\/div>\n\t\t\t\t\t<\/div>\n\t\t<\/div>\n\t\t\t\t\t<\/div>\n\t\t<\/section>\n\t\t\t\t\t<\/div>\n\t\t<\/div>\n\t\t\t\t\t<\/div>\n\t\t<\/section>\n\t\t<div class=\"elementor-element elementor-element-009f243 e-flex e-con-boxed e-con e-parent\" data-id=\"009f243\" data-element_type=\"container\" data-e-type=\"container\">\n\t\t\t\t\t<div class=\"e-con-inner\">\n\t\t\t\t<div class=\"elementor-element elementor-element-a45514b elementor-widget elementor-widget-text-editor\" data-id=\"a45514b\" data-element_type=\"widget\" data-e-type=\"widget\" data-widget_type=\"text-editor.default\">\n\t\t\t\t<div class=\"elementor-widget-container\">\n\t\t\t\t\t\t\t\t\t<div class=\"markdown-SpwdOz __markdown\" dir=\"auto\"><p>Heute, stolz in der Wangfujing Avenue 2, blicken wir mit Dankbarkeit auf die Erinnerungen zur\u00fcck, die wir Reisenden aus aller Welt beschert haben, und freuen uns auf die Geschichten, die noch geschrieben werden. Das Empark Prime Hotel Beijing ist nicht nur ein Reiseziel; es ist ein Kapitel in der Reise jedes Gastes, der unsere T\u00fcren betritt. Ob Sie die Wunder Pekings erkunden, neue Gesch\u00e4ftskontakte kn\u00fcpfen oder einfach nur luxuri\u00f6s entspannen m\u00f6chten \u2013 wir laden Sie ein, Teil unserer Geschichte zu werden. Willkommen im Empark Prime Hotel Beijing \u2013 hier beginnt Ihr unvergessliches Peking-Erlebnis.<\/p><\/div>\t\t\t\t\t\t\t\t<\/div>\n\t\t\t\t<\/div>\n\t\t\t\t\t<\/div>\n\t\t\t\t<\/div>\n\t\t\t\t<\/div>","protected":false},"excerpt":{"rendered":"<p>Our Story: Empark Prime Hotel Beijing At the heart of Beijing, where the ancient echoes of imperial history meet the vibrant pulse of a modern metropolis, stands Empark Prime Hotel Beijing, located at 2 Wangfujing Ave, Dongcheng, Beijing, China, 100006. Our story is one of vision, dedication, and a deep-rooted commitment to redefining hospitality in [&hellip;]<\/p>\n","protected":false},"author":1,"featured_media":0,"parent":0,"menu_order":0,"comment_status":"closed","ping_status":"closed","template":"","meta":{"footnotes":""},"class_list":["post-2104","page","type-page","status-publish","hentry","post-no-thumbnail"],"_links":{"self":[{"href":"https:\/\/primehotelbeijing.com\/de\/wp-json\/wp\/v2\/pages\/2104","targetHints":{"allow":["GET"]}}],"collection":[{"href":"https:\/\/primehotelbeijing.com\/de\/wp-json\/wp\/v2\/pages"}],"about":[{"href":"https:\/\/primehotelbeijing.com\/de\/wp-json\/wp\/v2\/types\/page"}],"author":[{"embeddable":true,"href":"https:\/\/primehotelbeijing.com\/de\/wp-json\/wp\/v2\/users\/1"}],"replies":[{"embeddable":true,"href":"https:\/\/primehotelbeijing.com\/de\/wp-json\/wp\/v2\/comments?post=2104"}],"version-history":[{"count":0,"href":"https:\/\/primehotelbeijing.com\/de\/wp-json\/wp\/v2\/pages\/2104\/revisions"}],"wp:attachment":[{"href":"https:\/\/primehotelbeijing.com\/de\/wp-json\/wp\/v2\/media?parent=2104"}],"curies":[{"name":"wp","href":"https:\/\/api.w.org\/{rel}","templated":true}]}}