{"id":5266,"date":"2021-07-18T08:03:35","date_gmt":"2021-07-18T08:03:35","guid":{"rendered":"https:\/\/nuss.uxper.co\/luxury-resort\/?page_id=5266"},"modified":"2025-12-04T11:12:47","modified_gmt":"2025-12-04T11:12:47","slug":"uber-uns","status":"publish","type":"page","link":"https:\/\/primehotelbeijing.com\/de\/uber-uns\/","title":{"rendered":"\u00dcber uns"},"content":{"rendered":"<div data-elementor-type=\"wp-page\" data-elementor-id=\"5266\" class=\"elementor elementor-5266\">\n\t\t\t\t\t\t<section class=\"elementor-section elementor-top-section elementor-element elementor-element-10416953 elementor-section-boxed elementor-section-gap-beside-yes elementor-section-height-default elementor-section-height-default elementor-section-column-vertical-align-stretch\" data-id=\"10416953\" data-element_type=\"section\" data-e-type=\"section\">\n\t\t\t\t\t\t<div class=\"elementor-container elementor-column-gap-extended\">\n\t\t\t\t\t<div class=\"elementor-column elementor-col-100 elementor-top-column elementor-element elementor-element-29c6aa8\" data-id=\"29c6aa8\" data-element_type=\"column\" data-e-type=\"column\">\n\t\t\t<div class=\"elementor-widget-wrap elementor-element-populated\">\n\t\t\t\t\t\t<div class=\"elementor-element elementor-element-7be18fe7 elementor-widget__width-initial elementor-invisible elementor-widget elementor-widget-text-editor\" data-id=\"7be18fe7\" data-element_type=\"widget\" data-e-type=\"widget\" data-settings=\"{&quot;_animation&quot;:&quot;nussFadeInUp&quot;}\" data-widget_type=\"text-editor.default\">\n\t\t\t\t<div class=\"elementor-widget-container\">\n\t\t\t\t\t\t\t\t\t<p><strong data-spm-anchor-id=\"a2ty_o01.29997173.0.i5.509dc9211SMQUl\">Entdecken Sie zeitlose Eleganz und modernen Komfort im Empark Prime Hotel Beijing \u2013 Ihrem Tor zum Herzen der chinesischen Hauptstadt <\/strong><\/p>\t\t\t\t\t\t\t\t<\/div>\n\t\t\t\t<\/div>\n\t\t\t\t<section class=\"elementor-section elementor-inner-section elementor-element elementor-element-1cb12958 elementor-section-boxed elementor-section-gap-beside-yes elementor-section-height-default elementor-section-height-default elementor-section-content-align-center elementor-section-column-vertical-align-stretch\" data-id=\"1cb12958\" data-element_type=\"section\" data-e-type=\"section\">\n\t\t\t\t\t\t<div class=\"elementor-container elementor-column-gap-extended\">\n\t\t\t\t\t<div class=\"elementor-column elementor-col-33 elementor-inner-column elementor-element elementor-element-1a8e0aeb\" data-id=\"1a8e0aeb\" data-element_type=\"column\" data-e-type=\"column\">\n\t\t\t<div class=\"elementor-widget-wrap elementor-element-populated\">\n\t\t\t\t\t\t<div class=\"elementor-element elementor-element-3a59fcdf elementor-invisible elementor-widget elementor-widget-counter\" data-id=\"3a59fcdf\" data-element_type=\"widget\" data-e-type=\"widget\" data-settings=\"{&quot;_animation&quot;:&quot;nussFadeInUp&quot;}\" data-widget_type=\"counter.default\">\n\t\t\t\t<div class=\"elementor-widget-container\">\n\t\t\t\t\t\t\t<div class=\"elementor-counter\">\n\t\t\t<div class=\"elementor-counter-title\">Zimmer<\/div>\t\t\t<div class=\"elementor-counter-number-wrapper\">\n\t\t\t\t<span class=\"elementor-counter-number-prefix\"><\/span>\n\t\t\t\t<span class=\"elementor-counter-number\" data-duration=\"2000\" data-to-value=\"399\" data-from-value=\"0\" data-delimiter=\",\">0<\/span>\n\t\t\t\t<span class=\"elementor-counter-number-suffix\"><\/span>\n\t\t\t<\/div>\n\t\t<\/div>\n\t\t\t\t\t\t<\/div>\n\t\t\t\t<\/div>\n\t\t\t\t\t<\/div>\n\t\t<\/div>\n\t\t\t\t<div class=\"elementor-column elementor-col-33 elementor-inner-column elementor-element elementor-element-205769a0\" data-id=\"205769a0\" data-element_type=\"column\" data-e-type=\"column\">\n\t\t\t<div class=\"elementor-widget-wrap elementor-element-populated\">\n\t\t\t\t\t\t<div class=\"elementor-element elementor-element-4dec3031 elementor-invisible elementor-widget elementor-widget-counter\" data-id=\"4dec3031\" data-element_type=\"widget\" data-e-type=\"widget\" data-settings=\"{&quot;_animation&quot;:&quot;nussFadeInUp&quot;}\" data-widget_type=\"counter.default\">\n\t\t\t\t<div class=\"elementor-widget-container\">\n\t\t\t\t\t\t\t<div class=\"elementor-counter\">\n\t\t\t<div class=\"elementor-counter-title\">Renoviert<\/div>\t\t\t<div class=\"elementor-counter-number-wrapper\">\n\t\t\t\t<span class=\"elementor-counter-number-prefix\"><\/span>\n\t\t\t\t<span class=\"elementor-counter-number\" data-duration=\"2000\" data-to-value=\"2021\" data-from-value=\"0\" data-delimiter=\",\">0<\/span>\n\t\t\t\t<span class=\"elementor-counter-number-suffix\"><\/span>\n\t\t\t<\/div>\n\t\t<\/div>\n\t\t\t\t\t\t<\/div>\n\t\t\t\t<\/div>\n\t\t\t\t\t<\/div>\n\t\t<\/div>\n\t\t\t\t<div class=\"elementor-column elementor-col-33 elementor-inner-column elementor-element elementor-element-416f28d6\" data-id=\"416f28d6\" data-element_type=\"column\" data-e-type=\"column\">\n\t\t\t<div class=\"elementor-widget-wrap elementor-element-populated\">\n\t\t\t\t\t\t<div class=\"elementor-element elementor-element-537ddd78 elementor-invisible elementor-widget elementor-widget-counter\" data-id=\"537ddd78\" data-element_type=\"widget\" data-e-type=\"widget\" data-settings=\"{&quot;_animation&quot;:&quot;nussFadeInUp&quot;}\" data-widget_type=\"counter.default\">\n\t\t\t\t<div class=\"elementor-widget-container\">\n\t\t\t\t\t\t\t<div class=\"elementor-counter\">\n\t\t\t<div class=\"elementor-counter-title\">Ge\u00f6ffnet<\/div>\t\t\t<div class=\"elementor-counter-number-wrapper\">\n\t\t\t\t<span class=\"elementor-counter-number-prefix\"><\/span>\n\t\t\t\t<span class=\"elementor-counter-number\" data-duration=\"2000\" data-to-value=\"1992\" data-from-value=\"0\" data-delimiter=\",\">0<\/span>\n\t\t\t\t<span class=\"elementor-counter-number-suffix\"><\/span>\n\t\t\t<\/div>\n\t\t<\/div>\n\t\t\t\t\t\t<\/div>\n\t\t\t\t<\/div>\n\t\t\t\t\t<\/div>\n\t\t<\/div>\n\t\t\t\t\t<\/div>\n\t\t<\/section>\n\t\t\t\t\t<\/div>\n\t\t<\/div>\n\t\t\t\t\t<\/div>\n\t\t<\/section>\n\t\t\t\t<section class=\"elementor-section elementor-top-section elementor-element elementor-element-7d18327f elementor-section-boxed elementor-section-gap-beside-yes elementor-section-height-default elementor-section-height-default elementor-section-column-vertical-align-stretch\" data-id=\"7d18327f\" data-element_type=\"section\" data-e-type=\"section\">\n\t\t\t\t\t\t<div class=\"elementor-container elementor-column-gap-extended\">\n\t\t\t\t\t<div class=\"elementor-column elementor-col-50 elementor-top-column elementor-element elementor-element-56533670\" data-id=\"56533670\" data-element_type=\"column\" data-e-type=\"column\">\n\t\t\t<div class=\"elementor-widget-wrap elementor-element-populated\">\n\t\t\t\t\t\t<div class=\"elementor-element elementor-element-19c3f543 elementor-invisible elementor-widget elementor-widget-text-editor\" data-id=\"19c3f543\" data-element_type=\"widget\" data-e-type=\"widget\" data-settings=\"{&quot;_animation&quot;:&quot;nussFadeInUp&quot;}\" data-widget_type=\"text-editor.default\">\n\t\t\t\t<div class=\"elementor-widget-container\">\n\t\t\t\t\t\t\t\t\t<p data-spm-anchor-id=\"a2ty_o01.29997173.0.i4.509dc9211SMQUl\">Eingebettet im pulsierenden Herzen von <strong data-spm-anchor-id=\"a2ty_o01.29997173.0.i7.509dc9211SMQUl\">Pekinger Bezirk Dongcheng <\/strong>, nur wenige Schritte von den ber\u00fchmtesten Wahrzeichen der Stadt entfernt, <strong>Empark Prime Hotel Beijing <\/strong> steht f\u00fcr gehobene Gastfreundschaft und modernen Luxus. Gelegen in <strong>Nr. 2 Wangfujing Avenue <\/strong>, eine der renommiertesten Adressen der Hauptstadt, bietet unser Hotel die perfekte Mischung aus Bequemlichkeit, Kultur und Komfort \u2013 und ist damit ein idealer R\u00fcckzugsort sowohl f\u00fcr anspruchsvolle Gesch\u00e4ftsreisende als auch f\u00fcr abenteuerlustige Entdecker.<\/p>\t\t\t\t\t\t\t\t<\/div>\n\t\t\t\t<\/div>\n\t\t\t\t\t<\/div>\n\t\t<\/div>\n\t\t\t\t<div class=\"elementor-column elementor-col-50 elementor-top-column elementor-element elementor-element-30f14127\" data-id=\"30f14127\" data-element_type=\"column\" data-e-type=\"column\">\n\t\t\t<div class=\"elementor-widget-wrap elementor-element-populated\">\n\t\t\t\t\t\t<div class=\"elementor-element elementor-element-895868f elementor-widget elementor-widget-image\" data-id=\"895868f\" data-element_type=\"widget\" data-e-type=\"widget\" data-widget_type=\"image.default\">\n\t\t\t\t<div class=\"elementor-widget-container\">\n\t\t\t\t\t\t\t\t\t\t\t\t\t\t\t<img fetchpriority=\"high\" decoding=\"async\" width=\"1024\" height=\"682\" src=\"https:\/\/primehotelbeijing.com\/wp-content\/uploads\/2025\/07\/empark-prime-hotel-beijing-wangfujing-1024x682.jpg\" class=\"attachment-large size-large wp-image-5484\" alt=\"\" srcset=\"https:\/\/primehotelbeijing.com\/wp-content\/uploads\/2025\/07\/empark-prime-hotel-beijing-wangfujing-1024x682.jpg 1024w, https:\/\/primehotelbeijing.com\/wp-content\/uploads\/2025\/07\/empark-prime-hotel-beijing-wangfujing-300x200.jpg 300w, https:\/\/primehotelbeijing.com\/wp-content\/uploads\/2025\/07\/empark-prime-hotel-beijing-wangfujing-768x512.jpg 768w, https:\/\/primehotelbeijing.com\/wp-content\/uploads\/2025\/07\/empark-prime-hotel-beijing-wangfujing-1536x1023.jpg 1536w, https:\/\/primehotelbeijing.com\/wp-content\/uploads\/2025\/07\/empark-prime-hotel-beijing-wangfujing.jpg 1600w\" sizes=\"(max-width: 1024px) 100vw, 1024px\" \/>\t\t\t\t\t\t\t\t\t\t\t\t\t\t\t<\/div>\n\t\t\t\t<\/div>\n\t\t\t\t\t<\/div>\n\t\t<\/div>\n\t\t\t\t\t<\/div>\n\t\t<\/section>\n\t\t\t\t<section class=\"elementor-section elementor-top-section elementor-element elementor-element-29fb8578 elementor-section-height-min-height elementor-section-stretched elementor-section-full_width elementor-section-items-stretch elementor-section-height-default elementor-section-column-vertical-align-stretch\" data-id=\"29fb8578\" data-element_type=\"section\" data-e-type=\"section\" data-settings=\"{&quot;stretch_section&quot;:&quot;section-stretched&quot;}\">\n\t\t\t\t\t\t<div class=\"elementor-container elementor-column-gap-no\">\n\t\t\t\t\t<div class=\"elementor-column elementor-col-50 elementor-top-column elementor-element elementor-element-40ac270b\" data-id=\"40ac270b\" data-element_type=\"column\" data-e-type=\"column\">\n\t\t\t<div class=\"elementor-widget-wrap elementor-element-populated\">\n\t\t\t\t\t\t<div class=\"elementor-element elementor-element-20872773 elementor-widget__width-initial elementor-widget-mobile__width-inherit elementor-invisible nuss-elementor-loading nuss-slide-in-right elementor-widget elementor-widget-image\" data-id=\"20872773\" data-element_type=\"widget\" data-e-type=\"widget\" data-settings=\"{&quot;_animation&quot;:&quot;nussSlideInRight&quot;}\" data-widget_type=\"image.default\">\n\t\t\t\t<div class=\"elementor-widget-container\">\n\t\t\t\t\t\t\t\t\t\t\t\t\t\t\t<img decoding=\"async\" width=\"1200\" height=\"828\" src=\"https:\/\/primehotelbeijing.com\/wp-content\/uploads\/2025\/07\/prime-hotel-beijing-22.jpg\" class=\"attachment-full size-full wp-image-5545\" alt=\"\" srcset=\"https:\/\/primehotelbeijing.com\/wp-content\/uploads\/2025\/07\/prime-hotel-beijing-22.jpg 1200w, https:\/\/primehotelbeijing.com\/wp-content\/uploads\/2025\/07\/prime-hotel-beijing-22-300x207.jpg 300w, https:\/\/primehotelbeijing.com\/wp-content\/uploads\/2025\/07\/prime-hotel-beijing-22-1024x707.jpg 1024w, https:\/\/primehotelbeijing.com\/wp-content\/uploads\/2025\/07\/prime-hotel-beijing-22-768x530.jpg 768w\" sizes=\"(max-width: 1200px) 100vw, 1200px\" \/>\t\t\t\t\t\t\t\t\t\t\t\t\t\t\t<\/div>\n\t\t\t\t<\/div>\n\t\t\t\t\t<\/div>\n\t\t<\/div>\n\t\t\t\t<div class=\"elementor-column elementor-col-50 elementor-top-column elementor-element elementor-element-2dac103\" data-id=\"2dac103\" data-element_type=\"column\" data-e-type=\"column\">\n\t\t\t<div class=\"elementor-widget-wrap elementor-element-populated\">\n\t\t\t\t\t\t<div class=\"elementor-element elementor-element-6f1b8966 elementor-invisible elementor-widget elementor-widget-text-editor\" data-id=\"6f1b8966\" data-element_type=\"widget\" data-e-type=\"widget\" data-settings=\"{&quot;_animation&quot;:&quot;nussFadeInUp&quot;}\" data-widget_type=\"text-editor.default\">\n\t\t\t\t<div class=\"elementor-widget-container\">\n\t\t\t\t\t\t\t\t\t<p data-spm-anchor-id=\"a2ty_o01.29997173.0.i11.509dc9211SMQUl\">Die Wangfujing Avenue ist mehr als nur eine gesch\u00e4ftige Einkaufsstra\u00dfe; sie ist der Puls des alten und neuen Pekings. Von dieser erstklassigen Lage aus erreichen G\u00e4ste bequem weltber\u00fchmte Sehensw\u00fcrdigkeiten wie die majest\u00e4tische <strong>Verbotene Stadt <\/strong>, das historische <strong>Platz des Himmlischen Friedens <\/strong>, die ruhige <strong>Jingshan-Park <\/strong>und die lebhafte <strong>Wangfujing Snackstra\u00dfe <\/strong>. Mit <strong>Linie 1 der Pekinger U-Bahn <\/strong> Nur einen kurzen Spaziergang entfernt, war es noch nie so m\u00fchelos, sich in der Stadt zurechtzufinden.<\/p><p data-spm-anchor-id=\"a2ty_o01.29997173.0.i12.509dc9211SMQUl\">Bei <strong>Empark Prime Hotel Beijing <\/strong>Wir glauben, dass wahrer Luxus nicht nur in der \u00c4sthetik liegt, sondern auch in durchdachtem Design und perfektem Service. Unser Hotel spiegelt eine harmonische Mischung aus moderner Eleganz und traditioneller chinesischer Eleganz wider und bietet einen einladenden R\u00fcckzugsort inmitten der pulsierenden Metropole. Sobald Sie unsere gro\u00dfz\u00fcgige und zugleich gem\u00fctliche Lobby betreten, werden Sie mit einem herzlichen L\u00e4cheln, elegantem Dekor und einer Atmosph\u00e4re begr\u00fc\u00dft, die die Sinne beruhigt und den Geist erhebt.<\/p>\t\t\t\t\t\t\t\t<\/div>\n\t\t\t\t<\/div>\n\t\t\t\t\t<\/div>\n\t\t<\/div>\n\t\t\t\t\t<\/div>\n\t\t<\/section>\n\t\t\t\t<section class=\"elementor-section elementor-top-section elementor-element elementor-element-3556afa elementor-section-height-min-height elementor-section-stretched elementor-section-full_width elementor-section-items-stretch elementor-section-height-default elementor-section-column-vertical-align-stretch\" data-id=\"3556afa\" data-element_type=\"section\" data-e-type=\"section\" data-settings=\"{&quot;stretch_section&quot;:&quot;section-stretched&quot;}\">\n\t\t\t\t\t\t<div class=\"elementor-container elementor-column-gap-no\">\n\t\t\t\t\t<div class=\"elementor-column elementor-col-50 elementor-top-column elementor-element elementor-element-8486303\" data-id=\"8486303\" data-element_type=\"column\" data-e-type=\"column\">\n\t\t\t<div class=\"elementor-widget-wrap elementor-element-populated\">\n\t\t\t\t\t\t<div class=\"elementor-element elementor-element-3fa1265 elementor-invisible elementor-widget elementor-widget-text-editor\" data-id=\"3fa1265\" data-element_type=\"widget\" data-e-type=\"widget\" data-settings=\"{&quot;_animation&quot;:&quot;nussFadeInUp&quot;}\" data-widget_type=\"text-editor.default\">\n\t\t\t\t<div class=\"elementor-widget-container\">\n\t\t\t\t\t\t\t\t\t<p data-spm-anchor-id=\"a2ty_o01.29997173.0.i13.509dc9211SMQUl\">Jedes unserer sorgf\u00e4ltig eingerichteten G\u00e4stezimmer und Suiten ist auf Komfort und Funktionalit\u00e4t ausgelegt und bietet hochwertige Bettw\u00e4sche, ergonomische Arbeitspl\u00e4tze, kostenloses Highspeed-WLAN und raumhohe Fenster mit atemberaubendem Blick auf die Skyline der Stadt oder den ruhigen Charme der baumges\u00e4umten Alleen Pekings. Ob Sie nur eine Nacht oder einen l\u00e4ngeren Aufenthalt planen, jedes Detail ist auf Ihren Komfort und Ihre Bequemlichkeit ausgelegt.<\/p><div class=\"my-2\">\u00a0<\/div><p>Das Essen im Empark Prime Hotel ist ein Erlebnis f\u00fcr sich. Unser hoteleigenes Restaurant serviert eine k\u00f6stliche Auswahl an <strong>authentische chinesische K\u00fcche <\/strong> Und <strong>internationale Favoriten <\/strong>, alles aus frischen, regionalen Zutaten. Vom herzhaften Fr\u00fchst\u00fccksbuffet bis zum romantischen Abendessen bei sanfter Beleuchtung bietet jede Mahlzeit die Gelegenheit, Aromen zu genie\u00dfen, die von Tradition und Innovation erz\u00e4hlen.<\/p>\t\t\t\t\t\t\t\t<\/div>\n\t\t\t\t<\/div>\n\t\t\t\t\t<\/div>\n\t\t<\/div>\n\t\t\t\t<div class=\"elementor-column elementor-col-50 elementor-top-column elementor-element elementor-element-bfdc1ed\" data-id=\"bfdc1ed\" data-element_type=\"column\" data-e-type=\"column\">\n\t\t\t<div class=\"elementor-widget-wrap elementor-element-populated\">\n\t\t\t\t\t\t<div class=\"elementor-element elementor-element-3099bfd elementor-widget__width-initial elementor-widget-mobile__width-inherit elementor-invisible nuss-elementor-loading nuss-slide-in-right elementor-widget elementor-widget-image\" data-id=\"3099bfd\" data-element_type=\"widget\" data-e-type=\"widget\" data-settings=\"{&quot;_animation&quot;:&quot;nussSlideInRight&quot;}\" data-widget_type=\"image.default\">\n\t\t\t\t<div class=\"elementor-widget-container\">\n\t\t\t\t\t\t\t\t\t\t\t\t\t\t\t<img decoding=\"async\" width=\"1102\" height=\"853\" src=\"https:\/\/primehotelbeijing.com\/wp-content\/uploads\/2025\/07\/prime-hotel-beijing-01.webp\" class=\"attachment-full size-full wp-image-5602\" alt=\"\" srcset=\"https:\/\/primehotelbeijing.com\/wp-content\/uploads\/2025\/07\/prime-hotel-beijing-01.webp 1102w, https:\/\/primehotelbeijing.com\/wp-content\/uploads\/2025\/07\/prime-hotel-beijing-01-300x232.webp 300w, https:\/\/primehotelbeijing.com\/wp-content\/uploads\/2025\/07\/prime-hotel-beijing-01-1024x793.webp 1024w, https:\/\/primehotelbeijing.com\/wp-content\/uploads\/2025\/07\/prime-hotel-beijing-01-768x594.webp 768w\" sizes=\"(max-width: 1102px) 100vw, 1102px\" \/>\t\t\t\t\t\t\t\t\t\t\t\t\t\t\t<\/div>\n\t\t\t\t<\/div>\n\t\t\t\t\t<\/div>\n\t\t<\/div>\n\t\t\t\t\t<\/div>\n\t\t<\/section>\n\t\t\t\t<section class=\"elementor-section elementor-top-section elementor-element elementor-element-3c13102 elementor-section-height-min-height elementor-section-stretched elementor-section-full_width elementor-section-items-stretch elementor-section-height-default elementor-section-column-vertical-align-stretch\" data-id=\"3c13102\" data-element_type=\"section\" data-e-type=\"section\" data-settings=\"{&quot;stretch_section&quot;:&quot;section-stretched&quot;}\">\n\t\t\t\t\t\t<div class=\"elementor-container elementor-column-gap-no\">\n\t\t\t\t\t<div class=\"elementor-column elementor-col-50 elementor-top-column elementor-element elementor-element-f836f68\" data-id=\"f836f68\" data-element_type=\"column\" data-e-type=\"column\">\n\t\t\t<div class=\"elementor-widget-wrap elementor-element-populated\">\n\t\t\t\t\t\t<div class=\"elementor-element elementor-element-d752e05 elementor-widget__width-initial elementor-widget-mobile__width-inherit elementor-invisible nuss-elementor-loading nuss-slide-in-right elementor-widget elementor-widget-image\" data-id=\"d752e05\" data-element_type=\"widget\" data-e-type=\"widget\" data-settings=\"{&quot;_animation&quot;:&quot;nussSlideInRight&quot;}\" data-widget_type=\"image.default\">\n\t\t\t\t<div class=\"elementor-widget-container\">\n\t\t\t\t\t\t\t\t\t\t\t\t\t\t\t<img loading=\"lazy\" decoding=\"async\" width=\"1210\" height=\"853\" src=\"https:\/\/primehotelbeijing.com\/wp-content\/uploads\/2025\/07\/meeting-room.webp\" class=\"attachment-full size-full wp-image-5593\" alt=\"\" srcset=\"https:\/\/primehotelbeijing.com\/wp-content\/uploads\/2025\/07\/meeting-room.webp 1210w, https:\/\/primehotelbeijing.com\/wp-content\/uploads\/2025\/07\/meeting-room-300x211.webp 300w, https:\/\/primehotelbeijing.com\/wp-content\/uploads\/2025\/07\/meeting-room-1024x722.webp 1024w, https:\/\/primehotelbeijing.com\/wp-content\/uploads\/2025\/07\/meeting-room-768x541.webp 768w\" sizes=\"(max-width: 1210px) 100vw, 1210px\" \/>\t\t\t\t\t\t\t\t\t\t\t\t\t\t\t<\/div>\n\t\t\t\t<\/div>\n\t\t\t\t\t<\/div>\n\t\t<\/div>\n\t\t\t\t<div class=\"elementor-column elementor-col-50 elementor-top-column elementor-element elementor-element-2eab53a\" data-id=\"2eab53a\" data-element_type=\"column\" data-e-type=\"column\">\n\t\t\t<div class=\"elementor-widget-wrap elementor-element-populated\">\n\t\t\t\t\t\t<div class=\"elementor-element elementor-element-a7ee775 elementor-invisible elementor-widget elementor-widget-text-editor\" data-id=\"a7ee775\" data-element_type=\"widget\" data-e-type=\"widget\" data-settings=\"{&quot;_animation&quot;:&quot;nussFadeInUp&quot;}\" data-widget_type=\"text-editor.default\">\n\t\t\t\t<div class=\"elementor-widget-container\">\n\t\t\t\t\t\t\t\t\t<div class=\"svelte-1c06zsf\" data-spm-anchor-id=\"a2ty_o01.29997173.0.i10.509dc9211SMQUl\"><p data-spm-anchor-id=\"a2ty_o01.29997173.0.i15.509dc9211SMQUl\">F\u00fcr Gesch\u00e4ftsreisende ist unsere voll ausgestattete <strong>Tagungs- und Konferenzeinrichtungen <\/strong> Das Empark Prime Hotel bietet ein professionelles Umfeld f\u00fcr Veranstaltungen \u2013 von kleinen Vorstandssitzungen bis hin zu gro\u00dfen Firmenveranstaltungen. Dank erfahrener Veranstaltungsplaner, modernster Technologie und mehrsprachigem Personal sorgt das Empark Prime Hotel f\u00fcr einen reibungslosen Ablauf jeder Veranstaltung.<\/p><p data-spm-anchor-id=\"a2ty_o01.29997173.0.i14.509dc9211SMQUl\">Was das Empark Prime Hotel Beijing neben seinen Annehmlichkeiten ausmacht, ist unser unersch\u00fctterliches Engagement f\u00fcr authentische Gastfreundschaft. Unser Team sorgt daf\u00fcr, dass jeder Gast einen pers\u00f6nlichen und unvergesslichen Aufenthalt genie\u00dft \u2013 sei es durch lokale Reiseempfehlungen, einen 24-Stunden-Concierge-Service oder die herzliche Begr\u00fc\u00dfung.<\/p><p>Als stolzes Mitglied der <strong>Empark Hotels &amp; Resorts <\/strong> Das Empark Prime Hotel Beijing ist in ganz Asien f\u00fcr seine herausragenden Leistungen bekannt und bietet au\u00dfergew\u00f6hnliche Unterk\u00fcnfte und unvergleichlichen Service. Wir sind nicht nur eine Unterkunft \u2013 wir sind Ihr zweites Zuhause in der dynamischen und kulturell reichen Hauptstadt Chinas.<\/p><p>Erleben Sie, wo Tradition auf Moderne trifft, wo Komfort auf Bequemlichkeit trifft und wo jeder Gast wie ein Familienmitglied behandelt wird. Willkommen im <strong>Empark Prime Hotel Beijing <\/strong> \u2014 Ihr erstklassiges Reiseziel im Herzen von <strong>Wangfujing <\/strong>, wo unvergessliche Reisen beginnen.<\/p><\/div>\t\t\t\t\t\t\t\t<\/div>\n\t\t\t\t<\/div>\n\t\t\t\t\t<\/div>\n\t\t<\/div>\n\t\t\t\t\t<\/div>\n\t\t<\/section>\n\t\t\t\t<\/div>","protected":false},"excerpt":{"rendered":"<p>Discover Timeless Elegance and Modern Comfort at Empark Prime Hotel Beijing \u2013 Your Gateway to the Heart of China\u2019s Capital Rooms 0 Renovated 0 Opened 0 Nestled in the vibrant heart of Beijing\u2019s Dongcheng District , just steps from the city\u2019s most iconic landmarks, Empark Prime Hotel Beijing stands as a beacon of refined hospitality [&hellip;]<\/p>\n","protected":false},"author":1,"featured_media":0,"parent":0,"menu_order":0,"comment_status":"closed","ping_status":"closed","template":"","meta":{"footnotes":""},"class_list":["post-5266","page","type-page","status-publish","hentry","post-no-thumbnail"],"_links":{"self":[{"href":"https:\/\/primehotelbeijing.com\/de\/wp-json\/wp\/v2\/pages\/5266","targetHints":{"allow":["GET"]}}],"collection":[{"href":"https:\/\/primehotelbeijing.com\/de\/wp-json\/wp\/v2\/pages"}],"about":[{"href":"https:\/\/primehotelbeijing.com\/de\/wp-json\/wp\/v2\/types\/page"}],"author":[{"embeddable":true,"href":"https:\/\/primehotelbeijing.com\/de\/wp-json\/wp\/v2\/users\/1"}],"replies":[{"embeddable":true,"href":"https:\/\/primehotelbeijing.com\/de\/wp-json\/wp\/v2\/comments?post=5266"}],"version-history":[{"count":0,"href":"https:\/\/primehotelbeijing.com\/de\/wp-json\/wp\/v2\/pages\/5266\/revisions"}],"wp:attachment":[{"href":"https:\/\/primehotelbeijing.com\/de\/wp-json\/wp\/v2\/media?parent=5266"}],"curies":[{"name":"wp","href":"https:\/\/api.w.org\/{rel}","templated":true}]}}