{"id":612,"date":"2021-03-26T10:04:13","date_gmt":"2021-03-26T10:04:13","guid":{"rendered":"http:\/\/localhost\/nuss\/?page_id=612"},"modified":"2025-12-04T11:13:57","modified_gmt":"2025-12-04T11:13:57","slug":"restaurant","status":"publish","type":"page","link":"https:\/\/primehotelbeijing.com\/de\/restaurant\/","title":{"rendered":"Restaurant"},"content":{"rendered":"<div data-elementor-type=\"wp-page\" data-elementor-id=\"612\" class=\"elementor elementor-612\">\n\t\t\t\t\t\t<section class=\"elementor-section elementor-top-section elementor-element elementor-element-e2effe8 elementor-section-boxed elementor-section-gap-beside-yes elementor-section-height-default elementor-section-height-default elementor-section-column-vertical-align-stretch\" data-id=\"e2effe8\" data-element_type=\"section\" data-e-type=\"section\">\n\t\t\t\t\t\t<div class=\"elementor-container elementor-column-gap-extended\">\n\t\t\t\t\t<div class=\"elementor-column elementor-col-100 elementor-top-column elementor-element elementor-element-e18f688\" data-id=\"e18f688\" data-element_type=\"column\" data-e-type=\"column\">\n\t\t\t<div class=\"elementor-widget-wrap elementor-element-populated\">\n\t\t\t\t\t\t<div class=\"elementor-element elementor-element-6db146d elementor-widget__width-initial elementor-invisible elementor-widget elementor-widget-text-editor\" data-id=\"6db146d\" data-element_type=\"widget\" data-e-type=\"widget\" data-settings=\"{&quot;_animation&quot;:&quot;nussFadeInUp&quot;}\" data-widget_type=\"text-editor.default\">\n\t\t\t\t<div class=\"elementor-widget-container\">\n\t\t\t\t\t\t\t\t\t<p>Genie\u00dfen Sie kulinarische Spitzenleistungen im Restaurant des Empark Prime Hotel Beijing<\/p>\t\t\t\t\t\t\t\t<\/div>\n\t\t\t\t<\/div>\n\t\t\t\t\t<\/div>\n\t\t<\/div>\n\t\t\t\t\t<\/div>\n\t\t<\/section>\n\t\t<div class=\"elementor-element elementor-element-4fe3c19 e-flex e-con-boxed e-con e-parent\" data-id=\"4fe3c19\" data-element_type=\"container\" data-e-type=\"container\">\n\t\t\t\t\t<div class=\"e-con-inner\">\n\t\t<div class=\"elementor-element elementor-element-b3b54cc e-con-full e-flex e-con e-child\" data-id=\"b3b54cc\" data-element_type=\"container\" data-e-type=\"container\">\n\t\t\t\t<div class=\"elementor-element elementor-element-1e0f0ed elementor-widget elementor-widget-text-editor\" data-id=\"1e0f0ed\" data-element_type=\"widget\" data-e-type=\"widget\" data-widget_type=\"text-editor.default\">\n\t\t\t\t<div class=\"elementor-widget-container\">\n\t\t\t\t\t\t\t\t\t<p>Willkommen im kulinarischen Zentrum des Empark Prime Hotel Beijing, Wangfujing Avenue 2, Dongcheng, Peking, China, 100006. Hier geht Essen \u00fcber die reine Nahrungsaufnahme hinaus und wird zu einer unvergesslichen Reise voller Aromen, Kultur und Raffinesse. Eingebettet im pulsierenden Stadtteil Dongcheng, nur wenige Schritte von der ber\u00fchmten Wangfujing-Stra\u00dfe entfernt, ist unser Hotelrestaurant ein Anziehungspunkt f\u00fcr Feinschmecker und Reisende, die ein au\u00dfergew\u00f6hnliches kulinarisches Erlebnis in der gesch\u00e4ftigen Hauptstadt Chinas suchen. Ob Sie bei uns \u00fcbernachten oder als Einheimischer ein au\u00dfergew\u00f6hnliches kulinarisches Ziel suchen, unser Restaurant verspricht, Ihre Sinne mit einer harmonischen Mischung aus authentischer chinesischer K\u00fcche, internationalen K\u00f6stlichkeiten und tadellosem Service zu verzaubern \u2013 all dies in elegantem Ambiente und modernem Luxus.<\/p>\t\t\t\t\t\t\t\t<\/div>\n\t\t\t\t<\/div>\n\t\t\t\t<\/div>\n\t\t<div class=\"elementor-element elementor-element-f3b1bec e-con-full e-flex e-con e-child\" data-id=\"f3b1bec\" data-element_type=\"container\" data-e-type=\"container\">\n\t\t\t\t<div class=\"elementor-element elementor-element-f120ded elementor-widget elementor-widget-image\" data-id=\"f120ded\" data-element_type=\"widget\" data-e-type=\"widget\" data-widget_type=\"image.default\">\n\t\t\t\t<div class=\"elementor-widget-container\">\n\t\t\t\t\t\t\t\t\t\t\t\t\t\t\t<img fetchpriority=\"high\" decoding=\"async\" width=\"1024\" height=\"634\" src=\"https:\/\/primehotelbeijing.com\/wp-content\/uploads\/2025\/07\/restaurant-1024x634.webp\" class=\"attachment-large size-large wp-image-5598\" alt=\"\" srcset=\"https:\/\/primehotelbeijing.com\/wp-content\/uploads\/2025\/07\/restaurant-1024x634.webp 1024w, https:\/\/primehotelbeijing.com\/wp-content\/uploads\/2025\/07\/restaurant-300x186.webp 300w, https:\/\/primehotelbeijing.com\/wp-content\/uploads\/2025\/07\/restaurant-768x476.webp 768w, https:\/\/primehotelbeijing.com\/wp-content\/uploads\/2025\/07\/restaurant.webp 1280w\" sizes=\"(max-width: 1024px) 100vw, 1024px\" \/>\t\t\t\t\t\t\t\t\t\t\t\t\t\t\t<\/div>\n\t\t\t\t<\/div>\n\t\t\t\t<\/div>\n\t\t\t\t\t<\/div>\n\t\t\t\t<\/div>\n\t\t<div class=\"elementor-element elementor-element-d386759 e-flex e-con-boxed e-con e-parent\" data-id=\"d386759\" data-element_type=\"container\" data-e-type=\"container\">\n\t\t\t\t\t<div class=\"e-con-inner\">\n\t\t<div class=\"elementor-element elementor-element-6e5f1c8 e-con-full e-flex e-con e-child\" data-id=\"6e5f1c8\" data-element_type=\"container\" data-e-type=\"container\">\n\t\t\t\t<div class=\"elementor-element elementor-element-d251b3f elementor-widget elementor-widget-image\" data-id=\"d251b3f\" data-element_type=\"widget\" data-e-type=\"widget\" data-widget_type=\"image.default\">\n\t\t\t\t<div class=\"elementor-widget-container\">\n\t\t\t\t\t\t\t\t\t\t\t\t\t\t\t<img decoding=\"async\" width=\"639\" height=\"853\" src=\"https:\/\/primehotelbeijing.com\/wp-content\/uploads\/2025\/07\/dining-at-empark-prime-hotel-beijing-24.webp\" class=\"attachment-large size-large wp-image-5777\" alt=\"\" srcset=\"https:\/\/primehotelbeijing.com\/wp-content\/uploads\/2025\/07\/dining-at-empark-prime-hotel-beijing-24.webp 639w, https:\/\/primehotelbeijing.com\/wp-content\/uploads\/2025\/07\/dining-at-empark-prime-hotel-beijing-24-225x300.webp 225w, https:\/\/primehotelbeijing.com\/wp-content\/uploads\/2025\/07\/dining-at-empark-prime-hotel-beijing-24-9x12.webp 9w\" sizes=\"(max-width: 639px) 100vw, 639px\" \/>\t\t\t\t\t\t\t\t\t\t\t\t\t\t\t<\/div>\n\t\t\t\t<\/div>\n\t\t\t\t<\/div>\n\t\t<div class=\"elementor-element elementor-element-73346a6 e-con-full e-flex e-con e-child\" data-id=\"73346a6\" data-element_type=\"container\" data-e-type=\"container\">\n\t\t\t\t<div class=\"elementor-element elementor-element-df17b9f elementor-widget elementor-widget-text-editor\" data-id=\"df17b9f\" data-element_type=\"widget\" data-e-type=\"widget\" data-widget_type=\"text-editor.default\">\n\t\t\t\t<div class=\"elementor-widget-container\">\n\t\t\t\t\t\t\t\t\t<p>Im Empark Prime Hotel Beijing glauben wir, dass Essen eine Kunstform ist, und unser Restaurant ist die Leinwand, auf der kulinarische Meisterwerke entstehen. Unser talentiertes K\u00fcchenteam, tief verwurzelt in der Tradition der chinesischen K\u00fcche und gleichzeitig mit internationalen Einfl\u00fcssen, kreiert jedes Gericht mit Leidenschaft und Pr\u00e4zision. Unsere G\u00e4ste k\u00f6nnen sich an einer gro\u00dfen Auswahl erfreuen, von der klassischen Pekingente, zubereitet nach altbew\u00e4hrten Techniken, bis hin zu delikaten Dim Sum, die die komplexen Aromen der kantonesischen K\u00fcche in den Vordergrund stellen. F\u00fcr alle, die internationale K\u00fcche lieben, bietet unsere Speisekarte fachm\u00e4nnisch zusammengestellte westliche Gerichte, die f\u00fcr jeden Gaumen etwas bieten. Jede Mahlzeit ist ein Hochgenuss, mit Zutaten, die aufgrund ihrer Frische und Authentizit\u00e4t ausgew\u00e4hlt wurden und unseren Anspruch an Exzellenz in jedem Bissen widerspiegeln.<\/p>\t\t\t\t\t\t\t\t<\/div>\n\t\t\t\t<\/div>\n\t\t\t\t<\/div>\n\t\t\t\t\t<\/div>\n\t\t\t\t<\/div>\n\t\t<div class=\"elementor-element elementor-element-9260cca e-flex e-con-boxed e-con e-parent\" data-id=\"9260cca\" data-element_type=\"container\" data-e-type=\"container\">\n\t\t\t\t\t<div class=\"e-con-inner\">\n\t\t<div class=\"elementor-element elementor-element-bc167db e-con-full e-flex e-con e-child\" data-id=\"bc167db\" data-element_type=\"container\" data-e-type=\"container\">\n\t\t\t\t<div class=\"elementor-element elementor-element-dad76a5 elementor-widget elementor-widget-text-editor\" data-id=\"dad76a5\" data-element_type=\"widget\" data-e-type=\"widget\" data-widget_type=\"text-editor.default\">\n\t\t\t\t<div class=\"elementor-widget-container\">\n\t\t\t\t\t\t\t\t\t<p>Das Ambiente unseres Restaurants ist so einladend wie das Essen selbst. Mit einer perfekten Mischung aus moderner Eleganz und subtilen Anspielungen auf das chinesische Erbe bietet der Speiseraum einen ruhigen R\u00fcckzugsort vom Trubel der Stra\u00dfen Pekings. Ob romantisches Abendessen zu zweit, Gesch\u00e4ftsessen oder Treffen mit Familie und Freunden \u2013 die warme Beleuchtung, das edle Dekor und der aufmerksame Service schaffen eine Atmosph\u00e4re, die jeden Moment versch\u00f6nert. Raumhohe Fenster in ausgew\u00e4hlten Bereichen bieten einen atemberaubenden Blick auf die Stadt und machen Ihr kulinarisches Erlebnis nicht nur zu einem Gaumen-, sondern auch zu einem Augenschmaus.<\/p>\t\t\t\t\t\t\t\t<\/div>\n\t\t\t\t<\/div>\n\t\t\t\t<\/div>\n\t\t<div class=\"elementor-element elementor-element-8003a30 e-con-full e-flex e-con e-child\" data-id=\"8003a30\" data-element_type=\"container\" data-e-type=\"container\">\n\t\t\t\t<div class=\"elementor-element elementor-element-9ea3666 elementor-widget elementor-widget-image\" data-id=\"9ea3666\" data-element_type=\"widget\" data-e-type=\"widget\" data-widget_type=\"image.default\">\n\t\t\t\t<div class=\"elementor-widget-container\">\n\t\t\t\t\t\t\t\t\t\t\t\t\t\t\t<img decoding=\"async\" width=\"1024\" height=\"768\" src=\"https:\/\/primehotelbeijing.com\/wp-content\/uploads\/2025\/07\/dining-at-empark-prime-hotel-beijing-19-1024x768.webp\" class=\"attachment-large size-large wp-image-5772\" alt=\"\" srcset=\"https:\/\/primehotelbeijing.com\/wp-content\/uploads\/2025\/07\/dining-at-empark-prime-hotel-beijing-19-1024x768.webp 1024w, https:\/\/primehotelbeijing.com\/wp-content\/uploads\/2025\/07\/dining-at-empark-prime-hotel-beijing-19-300x225.webp 300w, https:\/\/primehotelbeijing.com\/wp-content\/uploads\/2025\/07\/dining-at-empark-prime-hotel-beijing-19-768x576.webp 768w, https:\/\/primehotelbeijing.com\/wp-content\/uploads\/2025\/07\/dining-at-empark-prime-hotel-beijing-19-16x12.webp 16w, https:\/\/primehotelbeijing.com\/wp-content\/uploads\/2025\/07\/dining-at-empark-prime-hotel-beijing-19.webp 1137w\" sizes=\"(max-width: 1024px) 100vw, 1024px\" \/>\t\t\t\t\t\t\t\t\t\t\t\t\t\t\t<\/div>\n\t\t\t\t<\/div>\n\t\t\t\t<\/div>\n\t\t\t\t\t<\/div>\n\t\t\t\t<\/div>\n\t\t<div class=\"elementor-element elementor-element-e382fa6 e-flex e-con-boxed e-con e-parent\" data-id=\"e382fa6\" data-element_type=\"container\" data-e-type=\"container\">\n\t\t\t\t\t<div class=\"e-con-inner\">\n\t\t<div class=\"elementor-element elementor-element-a2d9bf9 e-con-full e-flex e-con e-child\" data-id=\"a2d9bf9\" data-element_type=\"container\" data-e-type=\"container\">\n\t\t\t\t<div class=\"elementor-element elementor-element-2a5bdcb elementor-widget elementor-widget-image\" data-id=\"2a5bdcb\" data-element_type=\"widget\" data-e-type=\"widget\" data-widget_type=\"image.default\">\n\t\t\t\t<div class=\"elementor-widget-container\">\n\t\t\t\t\t\t\t\t\t\t\t\t\t\t\t<img loading=\"lazy\" decoding=\"async\" width=\"1024\" height=\"748\" src=\"https:\/\/primehotelbeijing.com\/wp-content\/uploads\/2025\/07\/dining-at-empark-prime-hotel-beijing-23-1024x748.webp\" class=\"attachment-large size-large wp-image-5776\" alt=\"\" srcset=\"https:\/\/primehotelbeijing.com\/wp-content\/uploads\/2025\/07\/dining-at-empark-prime-hotel-beijing-23-1024x748.webp 1024w, https:\/\/primehotelbeijing.com\/wp-content\/uploads\/2025\/07\/dining-at-empark-prime-hotel-beijing-23-300x219.webp 300w, https:\/\/primehotelbeijing.com\/wp-content\/uploads\/2025\/07\/dining-at-empark-prime-hotel-beijing-23-768x561.webp 768w, https:\/\/primehotelbeijing.com\/wp-content\/uploads\/2025\/07\/dining-at-empark-prime-hotel-beijing-23-16x12.webp 16w, https:\/\/primehotelbeijing.com\/wp-content\/uploads\/2025\/07\/dining-at-empark-prime-hotel-beijing-23.webp 1168w\" sizes=\"(max-width: 1024px) 100vw, 1024px\" \/>\t\t\t\t\t\t\t\t\t\t\t\t\t\t\t<\/div>\n\t\t\t\t<\/div>\n\t\t\t\t<\/div>\n\t\t<div class=\"elementor-element elementor-element-d109992 e-con-full e-flex e-con e-child\" data-id=\"d109992\" data-element_type=\"container\" data-e-type=\"container\">\n\t\t\t\t<div class=\"elementor-element elementor-element-bdbc591 elementor-widget elementor-widget-text-editor\" data-id=\"bdbc591\" data-element_type=\"widget\" data-e-type=\"widget\" data-widget_type=\"text-editor.default\">\n\t\t\t\t<div class=\"elementor-widget-container\">\n\t\t\t\t\t\t\t\t\t<p>Unser Restaurant im Empark Prime Hotel Beijing ist mehr als nur ein Ort zum Essen; es ist ein Ort, an dem Sie unvergessliche Erinnerungen schaffen. Wir erf\u00fcllen Ihnen vielf\u00e4ltige kulinarische W\u00fcnsche und bieten Ihnen ein reichhaltiges Fr\u00fchst\u00fccksbuffet, um Ihren Tag mit der Erkundung der historischen Sehensw\u00fcrdigkeiten Pekings wie der Verbotenen Stadt und dem Tiananmen-Platz zu beginnen, sowie elegante \u00c0-la-carte-Gerichte zum Mittag- und Abendessen. Spezielle Ern\u00e4hrungsw\u00fcnsche und individuelle W\u00fcnsche werden sorgf\u00e4ltig ber\u00fccksichtigt, damit sich jeder Gast willkommen und wertgesch\u00e4tzt f\u00fchlt. Unser Engagement f\u00fcr au\u00dfergew\u00f6hnliche Gastfreundschaft hat uns begeisterte Bewertungen von G\u00e4sten eingebracht, die den Zauber eines Essens in einem der besten Hotelrestaurants Pekings entdeckt haben.<\/p>\t\t\t\t\t\t\t\t<\/div>\n\t\t\t\t<\/div>\n\t\t\t\t<\/div>\n\t\t\t\t\t<\/div>\n\t\t\t\t<\/div>\n\t\t<div class=\"elementor-element elementor-element-0881aa5 e-flex e-con-boxed e-con e-parent\" data-id=\"0881aa5\" data-element_type=\"container\" data-e-type=\"container\">\n\t\t\t\t\t<div class=\"e-con-inner\">\n\t\t<div class=\"elementor-element elementor-element-b82b7ba e-con-full e-flex e-con e-child\" data-id=\"b82b7ba\" data-element_type=\"container\" data-e-type=\"container\">\n\t\t\t\t<div class=\"elementor-element elementor-element-ece5094 elementor-widget elementor-widget-text-editor\" data-id=\"ece5094\" data-element_type=\"widget\" data-e-type=\"widget\" data-widget_type=\"text-editor.default\">\n\t\t\t\t<div class=\"elementor-widget-container\">\n\t\t\t\t\t\t\t\t\t<p>Dank seiner g\u00fcnstigen Lage in der N\u00e4he wichtiger Sehensw\u00fcrdigkeiten und Gesch\u00e4ftszentren ist unser Restaurant der ideale Ort f\u00fcr Reisende und Einheimische, um nach einem Tag voller Besichtigungen oder Meetings zu entspannen. Genie\u00dfen Sie zu Ihrem Essen eine Auswahl aus unserer umfangreichen Getr\u00e4nkekarte mit erlesenen Weinen, einzigartigen Cocktails und traditionellen chinesischen Teesorten, die die vielf\u00e4ltigen Aromen unserer Gerichte perfekt erg\u00e4nzen. Ob Sie authentisches chinesisches Essen oder ein gem\u00fctliches Gef\u00fchl von Heimat suchen \u2013 das Restaurant im Empark Prime Hotel Beijing bietet Ihnen ein unvergleichliches kulinarisches Erlebnis, das die reiche kulturelle Vielfalt der Stadt widerspiegelt.<\/p>\t\t\t\t\t\t\t\t<\/div>\n\t\t\t\t<\/div>\n\t\t\t\t<\/div>\n\t\t<div class=\"elementor-element elementor-element-9146081 e-con-full e-flex e-con e-child\" data-id=\"9146081\" data-element_type=\"container\" data-e-type=\"container\">\n\t\t\t\t<div class=\"elementor-element elementor-element-e3dddbb elementor-widget elementor-widget-image\" data-id=\"e3dddbb\" data-element_type=\"widget\" data-e-type=\"widget\" data-widget_type=\"image.default\">\n\t\t\t\t<div class=\"elementor-widget-container\">\n\t\t\t\t\t\t\t\t\t\t\t\t\t\t\t<img loading=\"lazy\" decoding=\"async\" width=\"1024\" height=\"602\" src=\"https:\/\/primehotelbeijing.com\/wp-content\/uploads\/2025\/07\/dining-at-empark-prime-hotel-beijing-7-1024x602.webp\" class=\"attachment-large size-large wp-image-5760\" alt=\"\" srcset=\"https:\/\/primehotelbeijing.com\/wp-content\/uploads\/2025\/07\/dining-at-empark-prime-hotel-beijing-7-1024x602.webp 1024w, https:\/\/primehotelbeijing.com\/wp-content\/uploads\/2025\/07\/dining-at-empark-prime-hotel-beijing-7-300x176.webp 300w, https:\/\/primehotelbeijing.com\/wp-content\/uploads\/2025\/07\/dining-at-empark-prime-hotel-beijing-7-768x451.webp 768w, https:\/\/primehotelbeijing.com\/wp-content\/uploads\/2025\/07\/dining-at-empark-prime-hotel-beijing-7-18x12.webp 18w, https:\/\/primehotelbeijing.com\/wp-content\/uploads\/2025\/07\/dining-at-empark-prime-hotel-beijing-7.webp 1280w\" sizes=\"(max-width: 1024px) 100vw, 1024px\" \/>\t\t\t\t\t\t\t\t\t\t\t\t\t\t\t<\/div>\n\t\t\t\t<\/div>\n\t\t\t\t<\/div>\n\t\t\t\t\t<\/div>\n\t\t\t\t<\/div>\n\t\t<div class=\"elementor-element elementor-element-e45cdb1 e-flex e-con-boxed e-con e-parent\" data-id=\"e45cdb1\" data-element_type=\"container\" data-e-type=\"container\">\n\t\t\t\t\t<div class=\"e-con-inner\">\n\t\t\t\t<div class=\"elementor-element elementor-element-4b52251 elementor-widget elementor-widget-text-editor\" data-id=\"4b52251\" data-element_type=\"widget\" data-e-type=\"widget\" data-widget_type=\"text-editor.default\">\n\t\t\t\t<div class=\"elementor-widget-container\">\n\t\t\t\t\t\t\t\t\t<div class=\"markdown-SpwdOz __markdown\" dir=\"auto\"><p>Wer die besten Restaurants in Peking sucht, ist im Empark Prime Hotel Beijing genau richtig. Besuchen Sie uns in der Wangfujing Avenue 2 und entdecken Sie, warum unser Restaurant als kulinarisches Juwel im Herzen von Dongcheng gilt. Reservieren Sie noch heute Ihren Tisch und begeben Sie sich auf ein kulinarisches Abenteuer, das Sie nach mehr verlangen l\u00e4sst. Vom ersten bis zum letzten Bissen laden wir Sie ein, die Aromen, die W\u00e4rme und die Raffinesse zu erleben, die das Essen im Empark Prime Hotel Beijing ausmachen \u2013 wo jedes Gericht eine Geschichte von Tradition, Innovation und Genuss erz\u00e4hlt.<\/p><\/div>\t\t\t\t\t\t\t\t<\/div>\n\t\t\t\t<\/div>\n\t\t\t\t\t<\/div>\n\t\t\t\t<\/div>\n\t\t<div class=\"elementor-element elementor-element-cbf9ae0 e-flex e-con-boxed e-con e-parent\" data-id=\"cbf9ae0\" data-element_type=\"container\" data-e-type=\"container\">\n\t\t\t\t\t<div class=\"e-con-inner\">\n\t\t\t\t<div class=\"elementor-element elementor-element-feed5ec elementor-widget elementor-widget-nuss-image-gallery\" data-id=\"feed5ec\" data-element_type=\"widget\" data-e-type=\"widget\" data-widget_type=\"nuss-image-gallery.default\">\n\t\t\t\t<div class=\"elementor-widget-container\">\n\t\t\t\t\t\t\t<div class=\"nuss-grid-wrapper\" data-grid=\"{&quot;type&quot;:&quot;grid&quot;,&quot;ratio&quot;:null,&quot;columns&quot;:3,&quot;gutter&quot;:30}\">\r\n\t\t\t<div class=\"nuss-grid lazy-grid\">\r\n\t\t\t\t<div class=\"grid-sizer\"><\/div>\r\n\r\n\t\t\t\t\t\t\t\t\t\t\t\t<div class=\"grid-item\">\r\n\t\t\t\t\t\t<div class=\"nuss-box\">\t\t<div class=\"nuss-image image\">\r\n\t\t\t<img decoding=\"async\"  src=\"https:\/\/primehotelbeijing.com\/wp-content\/uploads\/2025\/07\/dining-at-empark-prime-hotel-beijing-20.webp\" alt=\"Essen im Empark Prime Hotel Peking (20)\" \/>\t\t<\/div>\r\n\t\t\t\t<\/div>\t\t\t\t\t<\/div>\r\n\t\t\t\t\t\t<div class=\"grid-item\">\r\n\t\t\t\t\t\t<div class=\"nuss-box\">\t\t<div class=\"nuss-image image\">\r\n\t\t\t<img decoding=\"async\"  src=\"https:\/\/primehotelbeijing.com\/wp-content\/uploads\/2025\/07\/dining-at-empark-prime-hotel-beijing-19.webp\" alt=\"Essen im Empark Prime Hotel Peking (19)\" \/>\t\t<\/div>\r\n\t\t\t\t<\/div>\t\t\t\t\t<\/div>\r\n\t\t\t\t\t\t<div class=\"grid-item\">\r\n\t\t\t\t\t\t<div class=\"nuss-box\">\t\t<div class=\"nuss-image image\">\r\n\t\t\t<img decoding=\"async\"  src=\"https:\/\/primehotelbeijing.com\/wp-content\/uploads\/2025\/07\/dining-at-empark-prime-hotel-beijing-18.webp\" alt=\"Essen im Empark Prime Hotel Peking (18)\" \/>\t\t<\/div>\r\n\t\t\t\t<\/div>\t\t\t\t\t<\/div>\r\n\t\t\t\t\t\t<div class=\"grid-item\">\r\n\t\t\t\t\t\t<div class=\"nuss-box\">\t\t<div class=\"nuss-image image\">\r\n\t\t\t<img decoding=\"async\"  src=\"https:\/\/primehotelbeijing.com\/wp-content\/uploads\/2025\/07\/dining-at-empark-prime-hotel-beijing-17.webp\" alt=\"Essen im Empark Prime Hotel Peking (17)\" \/>\t\t<\/div>\r\n\t\t\t\t<\/div>\t\t\t\t\t<\/div>\r\n\t\t\t\t\t\t<div class=\"grid-item\">\r\n\t\t\t\t\t\t<div class=\"nuss-box\">\t\t<div class=\"nuss-image image\">\r\n\t\t\t<img decoding=\"async\"  src=\"https:\/\/primehotelbeijing.com\/wp-content\/uploads\/2025\/07\/dining-at-empark-prime-hotel-beijing-16.webp\" alt=\"Essen im Empark Prime Hotel Peking (16)\" \/>\t\t<\/div>\r\n\t\t\t\t<\/div>\t\t\t\t\t<\/div>\r\n\t\t\t\t\t\t<div class=\"grid-item\">\r\n\t\t\t\t\t\t<div class=\"nuss-box\">\t\t<div class=\"nuss-image image\">\r\n\t\t\t<img decoding=\"async\"  src=\"https:\/\/primehotelbeijing.com\/wp-content\/uploads\/2025\/07\/dining-at-empark-prime-hotel-beijing-15.webp\" alt=\"Essen im Empark Prime Hotel Peking (15)\" \/>\t\t<\/div>\r\n\t\t\t\t<\/div>\t\t\t\t\t<\/div>\r\n\t\t\t\t\t\t<div class=\"grid-item\">\r\n\t\t\t\t\t\t<div class=\"nuss-box\">\t\t<div class=\"nuss-image image\">\r\n\t\t\t<img decoding=\"async\"  src=\"https:\/\/primehotelbeijing.com\/wp-content\/uploads\/2025\/07\/dining-at-empark-prime-hotel-beijing-14.webp\" alt=\"Essen im Empark Prime Hotel Peking (14)\" \/>\t\t<\/div>\r\n\t\t\t\t<\/div>\t\t\t\t\t<\/div>\r\n\t\t\t\t\t\t<div class=\"grid-item\">\r\n\t\t\t\t\t\t<div class=\"nuss-box\">\t\t<div class=\"nuss-image image\">\r\n\t\t\t<img decoding=\"async\"  src=\"https:\/\/primehotelbeijing.com\/wp-content\/uploads\/2025\/07\/dining-at-empark-prime-hotel-beijing-13.webp\" alt=\"Essen im Empark Prime Hotel Peking (13)\" \/>\t\t<\/div>\r\n\t\t\t\t<\/div>\t\t\t\t\t<\/div>\r\n\t\t\t\t\t\t<div class=\"grid-item\">\r\n\t\t\t\t\t\t<div class=\"nuss-box\">\t\t<div class=\"nuss-image image\">\r\n\t\t\t<img decoding=\"async\"  src=\"https:\/\/primehotelbeijing.com\/wp-content\/uploads\/2025\/07\/dining-at-empark-prime-hotel-beijing-12.webp\" alt=\"Essen im Empark Prime Hotel Peking (12)\" \/>\t\t<\/div>\r\n\t\t\t\t<\/div>\t\t\t\t\t<\/div>\r\n\t\t\t\t\t\t<div class=\"grid-item\">\r\n\t\t\t\t\t\t<div class=\"nuss-box\">\t\t<div class=\"nuss-image image\">\r\n\t\t\t<img decoding=\"async\"  src=\"https:\/\/primehotelbeijing.com\/wp-content\/uploads\/2025\/07\/dining-at-empark-prime-hotel-beijing-11.webp\" alt=\"Essen im Empark Prime Hotel Peking (11)\" \/>\t\t<\/div>\r\n\t\t\t\t<\/div>\t\t\t\t\t<\/div>\r\n\t\t\t\t\t\t<div class=\"grid-item\">\r\n\t\t\t\t\t\t<div class=\"nuss-box\">\t\t<div class=\"nuss-image image\">\r\n\t\t\t<img decoding=\"async\"  src=\"https:\/\/primehotelbeijing.com\/wp-content\/uploads\/2025\/07\/dining-at-empark-prime-hotel-beijing-10.webp\" alt=\"Essen im Empark Prime Hotel Peking (10)\" \/>\t\t<\/div>\r\n\t\t\t\t<\/div>\t\t\t\t\t<\/div>\r\n\t\t\t\t\t\t<div class=\"grid-item\">\r\n\t\t\t\t\t\t<div class=\"nuss-box\">\t\t<div class=\"nuss-image image\">\r\n\t\t\t<img decoding=\"async\"  src=\"https:\/\/primehotelbeijing.com\/wp-content\/uploads\/2025\/07\/dining-at-empark-prime-hotel-beijing-9.webp\" alt=\"Essen im Empark Prime Hotel Peking (9)\" \/>\t\t<\/div>\r\n\t\t\t\t<\/div>\t\t\t\t\t<\/div>\r\n\t\t\t\t\t\t<div class=\"grid-item\">\r\n\t\t\t\t\t\t<div class=\"nuss-box\">\t\t<div class=\"nuss-image image\">\r\n\t\t\t<img decoding=\"async\"  src=\"https:\/\/primehotelbeijing.com\/wp-content\/uploads\/2025\/07\/dining-at-empark-prime-hotel-beijing-8.webp\" alt=\"Essen im Empark Prime Hotel Peking (8)\" \/>\t\t<\/div>\r\n\t\t\t\t<\/div>\t\t\t\t\t<\/div>\r\n\t\t\t\t\t\t<div class=\"grid-item\">\r\n\t\t\t\t\t\t<div class=\"nuss-box\">\t\t<div class=\"nuss-image image\">\r\n\t\t\t<img decoding=\"async\"  src=\"https:\/\/primehotelbeijing.com\/wp-content\/uploads\/2025\/07\/dining-at-empark-prime-hotel-beijing-6.webp\" alt=\"Essen im Empark Prime Hotel Peking (6)\" \/>\t\t<\/div>\r\n\t\t\t\t<\/div>\t\t\t\t\t<\/div>\r\n\t\t\t\t\t\t<div class=\"grid-item\">\r\n\t\t\t\t\t\t<div class=\"nuss-box\">\t\t<div class=\"nuss-image image\">\r\n\t\t\t<img decoding=\"async\"  src=\"https:\/\/primehotelbeijing.com\/wp-content\/uploads\/2025\/07\/dining-at-empark-prime-hotel-beijing-5.webp\" alt=\"Essen im Empark Prime Hotel Peking (5)\" \/>\t\t<\/div>\r\n\t\t\t\t<\/div>\t\t\t\t\t<\/div>\r\n\t\t\t\t\t\t<div class=\"grid-item\">\r\n\t\t\t\t\t\t<div class=\"nuss-box\">\t\t<div class=\"nuss-image image\">\r\n\t\t\t<img decoding=\"async\"  src=\"https:\/\/primehotelbeijing.com\/wp-content\/uploads\/2025\/07\/dining-at-empark-prime-hotel-beijing-4.webp\" alt=\"Essen im Empark Prime Hotel Peking (4)\" \/>\t\t<\/div>\r\n\t\t\t\t<\/div>\t\t\t\t\t<\/div>\r\n\t\t\t\t\t\t<div class=\"grid-item\">\r\n\t\t\t\t\t\t<div class=\"nuss-box\">\t\t<div class=\"nuss-image image\">\r\n\t\t\t<img decoding=\"async\"  src=\"https:\/\/primehotelbeijing.com\/wp-content\/uploads\/2025\/07\/dining-at-empark-prime-hotel-beijing-3.webp\" alt=\"Essen im Empark Prime Hotel Peking (3)\" \/>\t\t<\/div>\r\n\t\t\t\t<\/div>\t\t\t\t\t<\/div>\r\n\t\t\t\t\t\t<div class=\"grid-item\">\r\n\t\t\t\t\t\t<div class=\"nuss-box\">\t\t<div class=\"nuss-image image\">\r\n\t\t\t<img decoding=\"async\"  src=\"https:\/\/primehotelbeijing.com\/wp-content\/uploads\/2025\/07\/dining-at-empark-prime-hotel-beijing-2.webp\" alt=\"Essen im Empark Prime Hotel Peking (2)\" \/>\t\t<\/div>\r\n\t\t\t\t<\/div>\t\t\t\t\t<\/div>\r\n\t\t\t\t\t\t\t\r\n\t\t\t<\/div>\r\n\t\t<\/div>\r\n\t\t\t\t\t\t<\/div>\n\t\t\t\t<\/div>\n\t\t\t\t\t<\/div>\n\t\t\t\t<\/div>\n\t\t\t\t<\/div>","protected":false},"excerpt":{"rendered":"<p>Savor culinary excellence at the restaurant of Empark Prime Hotel Beijing Welcome to the culinary heart of Empark Prime Hotel Beijing, located at 2 Wangfujing Ave, Dongcheng, Beijing, China, 100006, where dining transcends mere sustenance to become an unforgettable journey of flavors, culture, and sophistication. Nestled in the vibrant Dongcheng district, just steps away from [&hellip;]<\/p>\n","protected":false},"author":1,"featured_media":0,"parent":0,"menu_order":0,"comment_status":"closed","ping_status":"closed","template":"","meta":{"footnotes":""},"class_list":["post-612","page","type-page","status-publish","hentry","post-no-thumbnail"],"_links":{"self":[{"href":"https:\/\/primehotelbeijing.com\/de\/wp-json\/wp\/v2\/pages\/612","targetHints":{"allow":["GET"]}}],"collection":[{"href":"https:\/\/primehotelbeijing.com\/de\/wp-json\/wp\/v2\/pages"}],"about":[{"href":"https:\/\/primehotelbeijing.com\/de\/wp-json\/wp\/v2\/types\/page"}],"author":[{"embeddable":true,"href":"https:\/\/primehotelbeijing.com\/de\/wp-json\/wp\/v2\/users\/1"}],"replies":[{"embeddable":true,"href":"https:\/\/primehotelbeijing.com\/de\/wp-json\/wp\/v2\/comments?post=612"}],"version-history":[{"count":0,"href":"https:\/\/primehotelbeijing.com\/de\/wp-json\/wp\/v2\/pages\/612\/revisions"}],"wp:attachment":[{"href":"https:\/\/primehotelbeijing.com\/de\/wp-json\/wp\/v2\/media?parent=612"}],"curies":[{"name":"wp","href":"https:\/\/api.w.org\/{rel}","templated":true}]}}