{"id":612,"date":"2021-03-26T10:04:13","date_gmt":"2021-03-26T10:04:13","guid":{"rendered":"http:\/\/localhost\/nuss\/?page_id=612"},"modified":"2025-12-04T11:13:57","modified_gmt":"2025-12-04T11:13:57","slug":"restaurante","status":"publish","type":"page","link":"https:\/\/primehotelbeijing.com\/es\/restaurante\/","title":{"rendered":"Restaurante"},"content":{"rendered":"<div data-elementor-type=\"wp-page\" data-elementor-id=\"612\" class=\"elementor elementor-612\">\n\t\t\t\t\t\t<section class=\"elementor-section elementor-top-section elementor-element elementor-element-e2effe8 elementor-section-boxed elementor-section-gap-beside-yes elementor-section-height-default elementor-section-height-default elementor-section-column-vertical-align-stretch\" data-id=\"e2effe8\" data-element_type=\"section\" data-e-type=\"section\">\n\t\t\t\t\t\t<div class=\"elementor-container elementor-column-gap-extended\">\n\t\t\t\t\t<div class=\"elementor-column elementor-col-100 elementor-top-column elementor-element elementor-element-e18f688\" data-id=\"e18f688\" data-element_type=\"column\" data-e-type=\"column\">\n\t\t\t<div class=\"elementor-widget-wrap elementor-element-populated\">\n\t\t\t\t\t\t<div class=\"elementor-element elementor-element-6db146d elementor-widget__width-initial elementor-invisible elementor-widget elementor-widget-text-editor\" data-id=\"6db146d\" data-element_type=\"widget\" data-e-type=\"widget\" data-settings=\"{&quot;_animation&quot;:&quot;nussFadeInUp&quot;}\" data-widget_type=\"text-editor.default\">\n\t\t\t\t<div class=\"elementor-widget-container\">\n\t\t\t\t\t\t\t\t\t<p>Disfrute de la excelencia culinaria en el restaurante del Empark Prime Hotel Beijing<\/p>\t\t\t\t\t\t\t\t<\/div>\n\t\t\t\t<\/div>\n\t\t\t\t\t<\/div>\n\t\t<\/div>\n\t\t\t\t\t<\/div>\n\t\t<\/section>\n\t\t<div class=\"elementor-element elementor-element-4fe3c19 e-flex e-con-boxed e-con e-parent\" data-id=\"4fe3c19\" data-element_type=\"container\" data-e-type=\"container\">\n\t\t\t\t\t<div class=\"e-con-inner\">\n\t\t<div class=\"elementor-element elementor-element-b3b54cc e-con-full e-flex e-con e-child\" data-id=\"b3b54cc\" data-element_type=\"container\" data-e-type=\"container\">\n\t\t\t\t<div class=\"elementor-element elementor-element-1e0f0ed elementor-widget elementor-widget-text-editor\" data-id=\"1e0f0ed\" data-element_type=\"widget\" data-e-type=\"widget\" data-widget_type=\"text-editor.default\">\n\t\t\t\t<div class=\"elementor-widget-container\">\n\t\t\t\t\t\t\t\t\t<p>Bienvenido al coraz\u00f3n culinario del Empark Prime Hotel Beijing, ubicado en 2 Wangfujing Ave, Dongcheng, Beijing, China, 100006, donde la gastronom\u00eda trasciende la simple subsistencia para convertirse en un viaje inolvidable de sabores, cultura y sofisticaci\u00f3n. Enclavado en el vibrante distrito de Dongcheng, a pocos pasos de la ic\u00f3nica calle Wangfujing, el restaurante de nuestro hotel es un referente para los amantes de la gastronom\u00eda y los viajeros que buscan una experiencia gastron\u00f3mica excepcional en la vibrante capital de China. Tanto si se aloja con nosotros como si es un residente local en busca de un destino gastron\u00f3mico excepcional, nuestro restaurante promete cautivar sus sentidos con una armoniosa combinaci\u00f3n de aut\u00e9ntica cocina china, exquisiteces internacionales y un servicio impecable, todo ello en un ambiente elegante y lujo moderno.<\/p>\t\t\t\t\t\t\t\t<\/div>\n\t\t\t\t<\/div>\n\t\t\t\t<\/div>\n\t\t<div class=\"elementor-element elementor-element-f3b1bec e-con-full e-flex e-con e-child\" data-id=\"f3b1bec\" data-element_type=\"container\" data-e-type=\"container\">\n\t\t\t\t<div class=\"elementor-element elementor-element-f120ded elementor-widget elementor-widget-image\" data-id=\"f120ded\" data-element_type=\"widget\" data-e-type=\"widget\" data-widget_type=\"image.default\">\n\t\t\t\t<div class=\"elementor-widget-container\">\n\t\t\t\t\t\t\t\t\t\t\t\t\t\t\t<img fetchpriority=\"high\" decoding=\"async\" width=\"1024\" height=\"634\" src=\"https:\/\/primehotelbeijing.com\/wp-content\/uploads\/2025\/07\/restaurant-1024x634.webp\" class=\"attachment-large size-large wp-image-5598\" alt=\"\" srcset=\"https:\/\/primehotelbeijing.com\/wp-content\/uploads\/2025\/07\/restaurant-1024x634.webp 1024w, https:\/\/primehotelbeijing.com\/wp-content\/uploads\/2025\/07\/restaurant-300x186.webp 300w, https:\/\/primehotelbeijing.com\/wp-content\/uploads\/2025\/07\/restaurant-768x476.webp 768w, https:\/\/primehotelbeijing.com\/wp-content\/uploads\/2025\/07\/restaurant.webp 1280w\" sizes=\"(max-width: 1024px) 100vw, 1024px\" \/>\t\t\t\t\t\t\t\t\t\t\t\t\t\t\t<\/div>\n\t\t\t\t<\/div>\n\t\t\t\t<\/div>\n\t\t\t\t\t<\/div>\n\t\t\t\t<\/div>\n\t\t<div class=\"elementor-element elementor-element-d386759 e-flex e-con-boxed e-con e-parent\" data-id=\"d386759\" data-element_type=\"container\" data-e-type=\"container\">\n\t\t\t\t\t<div class=\"e-con-inner\">\n\t\t<div class=\"elementor-element elementor-element-6e5f1c8 e-con-full e-flex e-con e-child\" data-id=\"6e5f1c8\" data-element_type=\"container\" data-e-type=\"container\">\n\t\t\t\t<div class=\"elementor-element elementor-element-d251b3f elementor-widget elementor-widget-image\" data-id=\"d251b3f\" data-element_type=\"widget\" data-e-type=\"widget\" data-widget_type=\"image.default\">\n\t\t\t\t<div class=\"elementor-widget-container\">\n\t\t\t\t\t\t\t\t\t\t\t\t\t\t\t<img decoding=\"async\" width=\"639\" height=\"853\" src=\"https:\/\/primehotelbeijing.com\/wp-content\/uploads\/2025\/07\/dining-at-empark-prime-hotel-beijing-24.webp\" class=\"attachment-large size-large wp-image-5777\" alt=\"\" srcset=\"https:\/\/primehotelbeijing.com\/wp-content\/uploads\/2025\/07\/dining-at-empark-prime-hotel-beijing-24.webp 639w, https:\/\/primehotelbeijing.com\/wp-content\/uploads\/2025\/07\/dining-at-empark-prime-hotel-beijing-24-225x300.webp 225w, https:\/\/primehotelbeijing.com\/wp-content\/uploads\/2025\/07\/dining-at-empark-prime-hotel-beijing-24-9x12.webp 9w\" sizes=\"(max-width: 639px) 100vw, 639px\" \/>\t\t\t\t\t\t\t\t\t\t\t\t\t\t\t<\/div>\n\t\t\t\t<\/div>\n\t\t\t\t<\/div>\n\t\t<div class=\"elementor-element elementor-element-73346a6 e-con-full e-flex e-con e-child\" data-id=\"73346a6\" data-element_type=\"container\" data-e-type=\"container\">\n\t\t\t\t<div class=\"elementor-element elementor-element-df17b9f elementor-widget elementor-widget-text-editor\" data-id=\"df17b9f\" data-element_type=\"widget\" data-e-type=\"widget\" data-widget_type=\"text-editor.default\">\n\t\t\t\t<div class=\"elementor-widget-container\">\n\t\t\t\t\t\t\t\t\t<p>En el Empark Prime Hotel Beijing, creemos que comer es un arte, y nuestro restaurante es el lienzo donde cobran vida las obras maestras culinarias. Nuestro talentoso equipo de chefs, profundamente arraigado en las tradiciones de la cocina china y con influencias internacionales, elabora cada plato con pasi\u00f3n y precisi\u00f3n. Los hu\u00e9spedes pueden deleitarse con una amplia variedad de opciones, desde el cl\u00e1sico pato pekin\u00e9s, preparado con t\u00e9cnicas ancestrales, hasta el delicado dim sum que realza los complejos sabores de la cocina cantonesa. Para quienes buscan comida internacional, nuestro men\u00fa incluye platos occidentales cuidadosamente seleccionados, asegurando que cada paladar encuentre algo para saborear. Cada comida es una celebraci\u00f3n de la calidad, con ingredientes seleccionados por su frescura y autenticidad, lo que refleja nuestro compromiso con la excelencia en cada bocado.<\/p>\t\t\t\t\t\t\t\t<\/div>\n\t\t\t\t<\/div>\n\t\t\t\t<\/div>\n\t\t\t\t\t<\/div>\n\t\t\t\t<\/div>\n\t\t<div class=\"elementor-element elementor-element-9260cca e-flex e-con-boxed e-con e-parent\" data-id=\"9260cca\" data-element_type=\"container\" data-e-type=\"container\">\n\t\t\t\t\t<div class=\"e-con-inner\">\n\t\t<div class=\"elementor-element elementor-element-bc167db e-con-full e-flex e-con e-child\" data-id=\"bc167db\" data-element_type=\"container\" data-e-type=\"container\">\n\t\t\t\t<div class=\"elementor-element elementor-element-dad76a5 elementor-widget elementor-widget-text-editor\" data-id=\"dad76a5\" data-element_type=\"widget\" data-e-type=\"widget\" data-widget_type=\"text-editor.default\">\n\t\t\t\t<div class=\"elementor-widget-container\">\n\t\t\t\t\t\t\t\t\t<p>El ambiente de nuestro restaurante es tan acogedor como la propia comida. Dise\u00f1ado con una combinaci\u00f3n perfecta de elegancia contempor\u00e1nea y sutiles gui\u00f1os a la herencia china, el comedor ofrece un remanso de paz del bullicio de las calles de Pek\u00edn. Ya sea que disfrute de una cena rom\u00e1ntica para dos, organice un almuerzo de negocios o se re\u00fana con familiares y amigos, la c\u00e1lida iluminaci\u00f3n, la refinada decoraci\u00f3n y el atento servicio crean una atm\u00f3sfera que enriquece cada momento. Los ventanales de piso a techo en \u00e1reas selectas ofrecen impresionantes vistas de la ciudad, convirtiendo su experiencia gastron\u00f3mica no solo en un deleite para el paladar, sino tambi\u00e9n para la vista.<\/p>\t\t\t\t\t\t\t\t<\/div>\n\t\t\t\t<\/div>\n\t\t\t\t<\/div>\n\t\t<div class=\"elementor-element elementor-element-8003a30 e-con-full e-flex e-con e-child\" data-id=\"8003a30\" data-element_type=\"container\" data-e-type=\"container\">\n\t\t\t\t<div class=\"elementor-element elementor-element-9ea3666 elementor-widget elementor-widget-image\" data-id=\"9ea3666\" data-element_type=\"widget\" data-e-type=\"widget\" data-widget_type=\"image.default\">\n\t\t\t\t<div class=\"elementor-widget-container\">\n\t\t\t\t\t\t\t\t\t\t\t\t\t\t\t<img decoding=\"async\" width=\"1024\" height=\"768\" src=\"https:\/\/primehotelbeijing.com\/wp-content\/uploads\/2025\/07\/dining-at-empark-prime-hotel-beijing-19-1024x768.webp\" class=\"attachment-large size-large wp-image-5772\" alt=\"\" srcset=\"https:\/\/primehotelbeijing.com\/wp-content\/uploads\/2025\/07\/dining-at-empark-prime-hotel-beijing-19-1024x768.webp 1024w, https:\/\/primehotelbeijing.com\/wp-content\/uploads\/2025\/07\/dining-at-empark-prime-hotel-beijing-19-300x225.webp 300w, https:\/\/primehotelbeijing.com\/wp-content\/uploads\/2025\/07\/dining-at-empark-prime-hotel-beijing-19-768x576.webp 768w, https:\/\/primehotelbeijing.com\/wp-content\/uploads\/2025\/07\/dining-at-empark-prime-hotel-beijing-19-16x12.webp 16w, https:\/\/primehotelbeijing.com\/wp-content\/uploads\/2025\/07\/dining-at-empark-prime-hotel-beijing-19.webp 1137w\" sizes=\"(max-width: 1024px) 100vw, 1024px\" \/>\t\t\t\t\t\t\t\t\t\t\t\t\t\t\t<\/div>\n\t\t\t\t<\/div>\n\t\t\t\t<\/div>\n\t\t\t\t\t<\/div>\n\t\t\t\t<\/div>\n\t\t<div class=\"elementor-element elementor-element-e382fa6 e-flex e-con-boxed e-con e-parent\" data-id=\"e382fa6\" data-element_type=\"container\" data-e-type=\"container\">\n\t\t\t\t\t<div class=\"e-con-inner\">\n\t\t<div class=\"elementor-element elementor-element-a2d9bf9 e-con-full e-flex e-con e-child\" data-id=\"a2d9bf9\" data-element_type=\"container\" data-e-type=\"container\">\n\t\t\t\t<div class=\"elementor-element elementor-element-2a5bdcb elementor-widget elementor-widget-image\" data-id=\"2a5bdcb\" data-element_type=\"widget\" data-e-type=\"widget\" data-widget_type=\"image.default\">\n\t\t\t\t<div class=\"elementor-widget-container\">\n\t\t\t\t\t\t\t\t\t\t\t\t\t\t\t<img loading=\"lazy\" decoding=\"async\" width=\"1024\" height=\"748\" src=\"https:\/\/primehotelbeijing.com\/wp-content\/uploads\/2025\/07\/dining-at-empark-prime-hotel-beijing-23-1024x748.webp\" class=\"attachment-large size-large wp-image-5776\" alt=\"\" srcset=\"https:\/\/primehotelbeijing.com\/wp-content\/uploads\/2025\/07\/dining-at-empark-prime-hotel-beijing-23-1024x748.webp 1024w, https:\/\/primehotelbeijing.com\/wp-content\/uploads\/2025\/07\/dining-at-empark-prime-hotel-beijing-23-300x219.webp 300w, https:\/\/primehotelbeijing.com\/wp-content\/uploads\/2025\/07\/dining-at-empark-prime-hotel-beijing-23-768x561.webp 768w, https:\/\/primehotelbeijing.com\/wp-content\/uploads\/2025\/07\/dining-at-empark-prime-hotel-beijing-23-16x12.webp 16w, https:\/\/primehotelbeijing.com\/wp-content\/uploads\/2025\/07\/dining-at-empark-prime-hotel-beijing-23.webp 1168w\" sizes=\"(max-width: 1024px) 100vw, 1024px\" \/>\t\t\t\t\t\t\t\t\t\t\t\t\t\t\t<\/div>\n\t\t\t\t<\/div>\n\t\t\t\t<\/div>\n\t\t<div class=\"elementor-element elementor-element-d109992 e-con-full e-flex e-con e-child\" data-id=\"d109992\" data-element_type=\"container\" data-e-type=\"container\">\n\t\t\t\t<div class=\"elementor-element elementor-element-bdbc591 elementor-widget elementor-widget-text-editor\" data-id=\"bdbc591\" data-element_type=\"widget\" data-e-type=\"widget\" data-widget_type=\"text-editor.default\">\n\t\t\t\t<div class=\"elementor-widget-container\">\n\t\t\t\t\t\t\t\t\t<p>Nuestro restaurante en el Empark Prime Hotel Beijing es m\u00e1s que un simple lugar para comer; es un destino para crear recuerdos. Nos adaptamos a una variedad de necesidades gastron\u00f3micas, ofreciendo suntuosos desayunos buffet para comenzar el d\u00eda explorando los lugares hist\u00f3ricos de Beijing, como la Ciudad Prohibida y la Plaza de Tiananm\u00e9n, as\u00ed como elegantes opciones a la carta para el almuerzo y la cena. Atendemos con esmero las necesidades diet\u00e9ticas especiales y las solicitudes personalizadas, garantizando que cada hu\u00e9sped se sienta bienvenido y valorado. Nuestra dedicaci\u00f3n a una hospitalidad excepcional nos ha hecho merecedores de excelentes cr\u00edticas de los comensales que han descubierto la magia de cenar en uno de los mejores restaurantes de hotel de Beijing.<\/p>\t\t\t\t\t\t\t\t<\/div>\n\t\t\t\t<\/div>\n\t\t\t\t<\/div>\n\t\t\t\t\t<\/div>\n\t\t\t\t<\/div>\n\t\t<div class=\"elementor-element elementor-element-0881aa5 e-flex e-con-boxed e-con e-parent\" data-id=\"0881aa5\" data-element_type=\"container\" data-e-type=\"container\">\n\t\t\t\t\t<div class=\"e-con-inner\">\n\t\t<div class=\"elementor-element elementor-element-b82b7ba e-con-full e-flex e-con e-child\" data-id=\"b82b7ba\" data-element_type=\"container\" data-e-type=\"container\">\n\t\t\t\t<div class=\"elementor-element elementor-element-ece5094 elementor-widget elementor-widget-text-editor\" data-id=\"ece5094\" data-element_type=\"widget\" data-e-type=\"widget\" data-widget_type=\"text-editor.default\">\n\t\t\t\t<div class=\"elementor-widget-container\">\n\t\t\t\t\t\t\t\t\t<p>Convenientemente ubicado cerca de las principales atracciones y centros de negocios, nuestro restaurante es el lugar perfecto para que tanto viajeros como locales se relajen despu\u00e9s de un d\u00eda de turismo o reuniones. Acompa\u00f1e su comida con una selecci\u00f3n de nuestra extensa carta de bebidas, que incluye vinos finos, c\u00f3cteles de autor y t\u00e9s tradicionales chinos, todos seleccionados para complementar los diversos sabores de nuestros platos. Ya sea que busque el aut\u00e9ntico sabor de China o el reconfortante sabor de su tierra natal, el restaurante del Empark Prime Hotel Beijing ofrece una experiencia gastron\u00f3mica inigualable que refleja la rica cultura de la ciudad.<\/p>\t\t\t\t\t\t\t\t<\/div>\n\t\t\t\t<\/div>\n\t\t\t\t<\/div>\n\t\t<div class=\"elementor-element elementor-element-9146081 e-con-full e-flex e-con e-child\" data-id=\"9146081\" data-element_type=\"container\" data-e-type=\"container\">\n\t\t\t\t<div class=\"elementor-element elementor-element-e3dddbb elementor-widget elementor-widget-image\" data-id=\"e3dddbb\" data-element_type=\"widget\" data-e-type=\"widget\" data-widget_type=\"image.default\">\n\t\t\t\t<div class=\"elementor-widget-container\">\n\t\t\t\t\t\t\t\t\t\t\t\t\t\t\t<img loading=\"lazy\" decoding=\"async\" width=\"1024\" height=\"602\" src=\"https:\/\/primehotelbeijing.com\/wp-content\/uploads\/2025\/07\/dining-at-empark-prime-hotel-beijing-7-1024x602.webp\" class=\"attachment-large size-large wp-image-5760\" alt=\"\" srcset=\"https:\/\/primehotelbeijing.com\/wp-content\/uploads\/2025\/07\/dining-at-empark-prime-hotel-beijing-7-1024x602.webp 1024w, https:\/\/primehotelbeijing.com\/wp-content\/uploads\/2025\/07\/dining-at-empark-prime-hotel-beijing-7-300x176.webp 300w, https:\/\/primehotelbeijing.com\/wp-content\/uploads\/2025\/07\/dining-at-empark-prime-hotel-beijing-7-768x451.webp 768w, https:\/\/primehotelbeijing.com\/wp-content\/uploads\/2025\/07\/dining-at-empark-prime-hotel-beijing-7-18x12.webp 18w, https:\/\/primehotelbeijing.com\/wp-content\/uploads\/2025\/07\/dining-at-empark-prime-hotel-beijing-7.webp 1280w\" sizes=\"(max-width: 1024px) 100vw, 1024px\" \/>\t\t\t\t\t\t\t\t\t\t\t\t\t\t\t<\/div>\n\t\t\t\t<\/div>\n\t\t\t\t<\/div>\n\t\t\t\t\t<\/div>\n\t\t\t\t<\/div>\n\t\t<div class=\"elementor-element elementor-element-e45cdb1 e-flex e-con-boxed e-con e-parent\" data-id=\"e45cdb1\" data-element_type=\"container\" data-e-type=\"container\">\n\t\t\t\t\t<div class=\"e-con-inner\">\n\t\t\t\t<div class=\"elementor-element elementor-element-4b52251 elementor-widget elementor-widget-text-editor\" data-id=\"4b52251\" data-element_type=\"widget\" data-e-type=\"widget\" data-widget_type=\"text-editor.default\">\n\t\t\t\t<div class=\"elementor-widget-container\">\n\t\t\t\t\t\t\t\t\t<div class=\"markdown-SpwdOz __markdown\" dir=\"auto\"><p>Si busca los mejores restaurantes de Pek\u00edn, no busque m\u00e1s: el para\u00edso gastron\u00f3mico del Empark Prime Hotel Beijing. \u00danase a nosotros en la avenida Wangfujing n.\u00b0 2 y descubra por qu\u00e9 nuestro restaurante es una joya culinaria en el coraz\u00f3n de Dongcheng. Reserve su mesa hoy mismo y emb\u00e1rquese en una aventura gastron\u00f3mica que le dejar\u00e1 con ganas de m\u00e1s. Desde el primer bocado hasta el \u00faltimo, le invitamos a experimentar los sabores, la calidez y la sofisticaci\u00f3n que definen la gastronom\u00eda del Empark Prime Hotel Beijing, donde cada plato cuenta una historia de tradici\u00f3n, innovaci\u00f3n y deleite.<\/p><\/div>\t\t\t\t\t\t\t\t<\/div>\n\t\t\t\t<\/div>\n\t\t\t\t\t<\/div>\n\t\t\t\t<\/div>\n\t\t<div class=\"elementor-element elementor-element-cbf9ae0 e-flex e-con-boxed e-con e-parent\" data-id=\"cbf9ae0\" data-element_type=\"container\" data-e-type=\"container\">\n\t\t\t\t\t<div class=\"e-con-inner\">\n\t\t\t\t<div class=\"elementor-element elementor-element-feed5ec elementor-widget elementor-widget-nuss-image-gallery\" data-id=\"feed5ec\" data-element_type=\"widget\" data-e-type=\"widget\" data-widget_type=\"nuss-image-gallery.default\">\n\t\t\t\t<div class=\"elementor-widget-container\">\n\t\t\t\t\t\t\t<div class=\"nuss-grid-wrapper\" data-grid=\"{&quot;type&quot;:&quot;grid&quot;,&quot;ratio&quot;:null,&quot;columns&quot;:3,&quot;gutter&quot;:30}\">\r\n\t\t\t<div class=\"nuss-grid lazy-grid\">\r\n\t\t\t\t<div class=\"grid-sizer\"><\/div>\r\n\r\n\t\t\t\t\t\t\t\t\t\t\t\t<div class=\"grid-item\">\r\n\t\t\t\t\t\t<div class=\"nuss-box\">\t\t<div class=\"nuss-image image\">\r\n\t\t\t<img decoding=\"async\"  src=\"https:\/\/primehotelbeijing.com\/wp-content\/uploads\/2025\/07\/dining-at-empark-prime-hotel-beijing-20.webp\" alt=\"Cena en el Hotel Empark Prime de Pek\u00edn (20)\" \/>\t\t<\/div>\r\n\t\t\t\t<\/div>\t\t\t\t\t<\/div>\r\n\t\t\t\t\t\t<div class=\"grid-item\">\r\n\t\t\t\t\t\t<div class=\"nuss-box\">\t\t<div class=\"nuss-image image\">\r\n\t\t\t<img decoding=\"async\"  src=\"https:\/\/primehotelbeijing.com\/wp-content\/uploads\/2025\/07\/dining-at-empark-prime-hotel-beijing-19.webp\" alt=\"Cena en el Hotel Empark Prime de Pek\u00edn (19)\" \/>\t\t<\/div>\r\n\t\t\t\t<\/div>\t\t\t\t\t<\/div>\r\n\t\t\t\t\t\t<div class=\"grid-item\">\r\n\t\t\t\t\t\t<div class=\"nuss-box\">\t\t<div class=\"nuss-image image\">\r\n\t\t\t<img decoding=\"async\"  src=\"https:\/\/primehotelbeijing.com\/wp-content\/uploads\/2025\/07\/dining-at-empark-prime-hotel-beijing-18.webp\" alt=\"Cena en el Hotel Empark Prime de Pek\u00edn (18)\" \/>\t\t<\/div>\r\n\t\t\t\t<\/div>\t\t\t\t\t<\/div>\r\n\t\t\t\t\t\t<div class=\"grid-item\">\r\n\t\t\t\t\t\t<div class=\"nuss-box\">\t\t<div class=\"nuss-image image\">\r\n\t\t\t<img decoding=\"async\"  src=\"https:\/\/primehotelbeijing.com\/wp-content\/uploads\/2025\/07\/dining-at-empark-prime-hotel-beijing-17.webp\" alt=\"Cena en el Hotel Empark Prime de Pek\u00edn (17)\" \/>\t\t<\/div>\r\n\t\t\t\t<\/div>\t\t\t\t\t<\/div>\r\n\t\t\t\t\t\t<div class=\"grid-item\">\r\n\t\t\t\t\t\t<div class=\"nuss-box\">\t\t<div class=\"nuss-image image\">\r\n\t\t\t<img decoding=\"async\"  src=\"https:\/\/primehotelbeijing.com\/wp-content\/uploads\/2025\/07\/dining-at-empark-prime-hotel-beijing-16.webp\" alt=\"Cena en el Hotel Empark Prime de Pek\u00edn (16)\" \/>\t\t<\/div>\r\n\t\t\t\t<\/div>\t\t\t\t\t<\/div>\r\n\t\t\t\t\t\t<div class=\"grid-item\">\r\n\t\t\t\t\t\t<div class=\"nuss-box\">\t\t<div class=\"nuss-image image\">\r\n\t\t\t<img decoding=\"async\"  src=\"https:\/\/primehotelbeijing.com\/wp-content\/uploads\/2025\/07\/dining-at-empark-prime-hotel-beijing-15.webp\" alt=\"Cena en el Hotel Empark Prime de Pek\u00edn (15)\" \/>\t\t<\/div>\r\n\t\t\t\t<\/div>\t\t\t\t\t<\/div>\r\n\t\t\t\t\t\t<div class=\"grid-item\">\r\n\t\t\t\t\t\t<div class=\"nuss-box\">\t\t<div class=\"nuss-image image\">\r\n\t\t\t<img decoding=\"async\"  src=\"https:\/\/primehotelbeijing.com\/wp-content\/uploads\/2025\/07\/dining-at-empark-prime-hotel-beijing-14.webp\" alt=\"Cena en el Hotel Empark Prime de Pek\u00edn (14)\" \/>\t\t<\/div>\r\n\t\t\t\t<\/div>\t\t\t\t\t<\/div>\r\n\t\t\t\t\t\t<div class=\"grid-item\">\r\n\t\t\t\t\t\t<div class=\"nuss-box\">\t\t<div class=\"nuss-image image\">\r\n\t\t\t<img decoding=\"async\"  src=\"https:\/\/primehotelbeijing.com\/wp-content\/uploads\/2025\/07\/dining-at-empark-prime-hotel-beijing-13.webp\" alt=\"Cena en el Hotel Empark Prime de Pek\u00edn (13)\" \/>\t\t<\/div>\r\n\t\t\t\t<\/div>\t\t\t\t\t<\/div>\r\n\t\t\t\t\t\t<div class=\"grid-item\">\r\n\t\t\t\t\t\t<div class=\"nuss-box\">\t\t<div class=\"nuss-image image\">\r\n\t\t\t<img decoding=\"async\"  src=\"https:\/\/primehotelbeijing.com\/wp-content\/uploads\/2025\/07\/dining-at-empark-prime-hotel-beijing-12.webp\" alt=\"Cena en el Hotel Empark Prime de Pek\u00edn (12)\" \/>\t\t<\/div>\r\n\t\t\t\t<\/div>\t\t\t\t\t<\/div>\r\n\t\t\t\t\t\t<div class=\"grid-item\">\r\n\t\t\t\t\t\t<div class=\"nuss-box\">\t\t<div class=\"nuss-image image\">\r\n\t\t\t<img decoding=\"async\"  src=\"https:\/\/primehotelbeijing.com\/wp-content\/uploads\/2025\/07\/dining-at-empark-prime-hotel-beijing-11.webp\" alt=\"Cena en el Hotel Empark Prime de Pek\u00edn (11)\" \/>\t\t<\/div>\r\n\t\t\t\t<\/div>\t\t\t\t\t<\/div>\r\n\t\t\t\t\t\t<div class=\"grid-item\">\r\n\t\t\t\t\t\t<div class=\"nuss-box\">\t\t<div class=\"nuss-image image\">\r\n\t\t\t<img decoding=\"async\"  src=\"https:\/\/primehotelbeijing.com\/wp-content\/uploads\/2025\/07\/dining-at-empark-prime-hotel-beijing-10.webp\" alt=\"Cena en el Hotel Empark Prime de Pek\u00edn (10)\" \/>\t\t<\/div>\r\n\t\t\t\t<\/div>\t\t\t\t\t<\/div>\r\n\t\t\t\t\t\t<div class=\"grid-item\">\r\n\t\t\t\t\t\t<div class=\"nuss-box\">\t\t<div class=\"nuss-image image\">\r\n\t\t\t<img decoding=\"async\"  src=\"https:\/\/primehotelbeijing.com\/wp-content\/uploads\/2025\/07\/dining-at-empark-prime-hotel-beijing-9.webp\" alt=\"Cena en el Empark Prime Hotel de Pek\u00edn (9)\" \/>\t\t<\/div>\r\n\t\t\t\t<\/div>\t\t\t\t\t<\/div>\r\n\t\t\t\t\t\t<div class=\"grid-item\">\r\n\t\t\t\t\t\t<div class=\"nuss-box\">\t\t<div class=\"nuss-image image\">\r\n\t\t\t<img decoding=\"async\"  src=\"https:\/\/primehotelbeijing.com\/wp-content\/uploads\/2025\/07\/dining-at-empark-prime-hotel-beijing-8.webp\" alt=\"Cena en el Empark Prime Hotel de Pek\u00edn (8)\" \/>\t\t<\/div>\r\n\t\t\t\t<\/div>\t\t\t\t\t<\/div>\r\n\t\t\t\t\t\t<div class=\"grid-item\">\r\n\t\t\t\t\t\t<div class=\"nuss-box\">\t\t<div class=\"nuss-image image\">\r\n\t\t\t<img decoding=\"async\"  src=\"https:\/\/primehotelbeijing.com\/wp-content\/uploads\/2025\/07\/dining-at-empark-prime-hotel-beijing-6.webp\" alt=\"Cena en el Hotel Empark Prime de Pek\u00edn (6)\" \/>\t\t<\/div>\r\n\t\t\t\t<\/div>\t\t\t\t\t<\/div>\r\n\t\t\t\t\t\t<div class=\"grid-item\">\r\n\t\t\t\t\t\t<div class=\"nuss-box\">\t\t<div class=\"nuss-image image\">\r\n\t\t\t<img decoding=\"async\"  src=\"https:\/\/primehotelbeijing.com\/wp-content\/uploads\/2025\/07\/dining-at-empark-prime-hotel-beijing-5.webp\" alt=\"Cena en el Empark Prime Hotel de Pek\u00edn (5)\" \/>\t\t<\/div>\r\n\t\t\t\t<\/div>\t\t\t\t\t<\/div>\r\n\t\t\t\t\t\t<div class=\"grid-item\">\r\n\t\t\t\t\t\t<div class=\"nuss-box\">\t\t<div class=\"nuss-image image\">\r\n\t\t\t<img decoding=\"async\"  src=\"https:\/\/primehotelbeijing.com\/wp-content\/uploads\/2025\/07\/dining-at-empark-prime-hotel-beijing-4.webp\" alt=\"Cena en el Hotel Empark Prime de Pek\u00edn (4)\" \/>\t\t<\/div>\r\n\t\t\t\t<\/div>\t\t\t\t\t<\/div>\r\n\t\t\t\t\t\t<div class=\"grid-item\">\r\n\t\t\t\t\t\t<div class=\"nuss-box\">\t\t<div class=\"nuss-image image\">\r\n\t\t\t<img decoding=\"async\"  src=\"https:\/\/primehotelbeijing.com\/wp-content\/uploads\/2025\/07\/dining-at-empark-prime-hotel-beijing-3.webp\" alt=\"Cena en el Hotel Empark Prime de Pek\u00edn (3)\" \/>\t\t<\/div>\r\n\t\t\t\t<\/div>\t\t\t\t\t<\/div>\r\n\t\t\t\t\t\t<div class=\"grid-item\">\r\n\t\t\t\t\t\t<div class=\"nuss-box\">\t\t<div class=\"nuss-image image\">\r\n\t\t\t<img decoding=\"async\"  src=\"https:\/\/primehotelbeijing.com\/wp-content\/uploads\/2025\/07\/dining-at-empark-prime-hotel-beijing-2.webp\" alt=\"Cena en el Empark Prime Hotel de Pek\u00edn (2)\" \/>\t\t<\/div>\r\n\t\t\t\t<\/div>\t\t\t\t\t<\/div>\r\n\t\t\t\t\t\t\t\r\n\t\t\t<\/div>\r\n\t\t<\/div>\r\n\t\t\t\t\t\t<\/div>\n\t\t\t\t<\/div>\n\t\t\t\t\t<\/div>\n\t\t\t\t<\/div>\n\t\t\t\t<\/div>","protected":false},"excerpt":{"rendered":"<p>Savor culinary excellence at the restaurant of Empark Prime Hotel Beijing Welcome to the culinary heart of Empark Prime Hotel Beijing, located at 2 Wangfujing Ave, Dongcheng, Beijing, China, 100006, where dining transcends mere sustenance to become an unforgettable journey of flavors, culture, and sophistication. Nestled in the vibrant Dongcheng district, just steps away from [&hellip;]<\/p>\n","protected":false},"author":1,"featured_media":0,"parent":0,"menu_order":0,"comment_status":"closed","ping_status":"closed","template":"","meta":{"footnotes":""},"class_list":["post-612","page","type-page","status-publish","hentry","post-no-thumbnail"],"_links":{"self":[{"href":"https:\/\/primehotelbeijing.com\/es\/wp-json\/wp\/v2\/pages\/612","targetHints":{"allow":["GET"]}}],"collection":[{"href":"https:\/\/primehotelbeijing.com\/es\/wp-json\/wp\/v2\/pages"}],"about":[{"href":"https:\/\/primehotelbeijing.com\/es\/wp-json\/wp\/v2\/types\/page"}],"author":[{"embeddable":true,"href":"https:\/\/primehotelbeijing.com\/es\/wp-json\/wp\/v2\/users\/1"}],"replies":[{"embeddable":true,"href":"https:\/\/primehotelbeijing.com\/es\/wp-json\/wp\/v2\/comments?post=612"}],"version-history":[{"count":0,"href":"https:\/\/primehotelbeijing.com\/es\/wp-json\/wp\/v2\/pages\/612\/revisions"}],"wp:attachment":[{"href":"https:\/\/primehotelbeijing.com\/es\/wp-json\/wp\/v2\/media?parent=612"}],"curies":[{"name":"gracias","href":"https:\/\/api.w.org\/{rel}","templated":true}]}}