{"id":647,"date":"2021-03-29T02:13:52","date_gmt":"2021-03-29T02:13:52","guid":{"rendered":"http:\/\/localhost\/nuss\/?page_id=647"},"modified":"2025-12-04T11:14:06","modified_gmt":"2025-12-04T11:14:06","slug":"servicios","status":"publish","type":"page","link":"https:\/\/primehotelbeijing.com\/es\/servicios\/","title":{"rendered":"Servicios"},"content":{"rendered":"<div data-elementor-type=\"wp-page\" data-elementor-id=\"647\" class=\"elementor elementor-647\">\n\t\t\t\t\t\t<section class=\"elementor-section elementor-top-section elementor-element elementor-element-3353bc8 elementor-section-boxed elementor-section-gap-beside-yes elementor-section-height-default elementor-section-height-default elementor-section-column-vertical-align-stretch\" data-id=\"3353bc8\" data-element_type=\"section\" data-e-type=\"section\">\n\t\t\t\t\t\t<div class=\"elementor-container elementor-column-gap-extended\">\n\t\t\t\t\t<div class=\"elementor-column elementor-col-100 elementor-top-column elementor-element elementor-element-0a2bc64\" data-id=\"0a2bc64\" data-element_type=\"column\" data-e-type=\"column\">\n\t\t\t<div class=\"elementor-widget-wrap elementor-element-populated\">\n\t\t\t\t\t\t<div class=\"elementor-element elementor-element-447e3ef elementor-widget__width-initial elementor-invisible elementor-widget elementor-widget-text-editor\" data-id=\"447e3ef\" data-element_type=\"widget\" data-e-type=\"widget\" data-settings=\"{&quot;_animation&quot;:&quot;nussFadeInUp&quot;}\" data-widget_type=\"text-editor.default\">\n\t\t\t\t<div class=\"elementor-widget-container\">\n\t\t\t\t\t\t\t\t\t<p>Hacemos todo lo posible para ofrecer a todos nuestros hu\u00e9spedes los servicios e instalaciones para que su estancia sea memorable.<\/p>\t\t\t\t\t\t\t\t<\/div>\n\t\t\t\t<\/div>\n\t\t\t\t\t<\/div>\n\t\t<\/div>\n\t\t\t\t\t<\/div>\n\t\t<\/section>\n\t\t\t\t<section class=\"elementor-section elementor-top-section elementor-element elementor-element-eb870d9 elementor-section-boxed elementor-section-gap-beside-yes elementor-section-height-default elementor-section-height-default elementor-section-column-vertical-align-stretch\" data-id=\"eb870d9\" data-element_type=\"section\" data-e-type=\"section\">\n\t\t\t\t\t\t<div class=\"elementor-container elementor-column-gap-extended\">\n\t\t\t\t\t<div class=\"elementor-column elementor-col-50 elementor-top-column elementor-element elementor-element-2f5d206\" data-id=\"2f5d206\" data-element_type=\"column\" data-e-type=\"column\">\n\t\t\t<div class=\"elementor-widget-wrap elementor-element-populated\">\n\t\t\t\t\t\t<div class=\"elementor-element elementor-element-a0de317 elementor-invisible nuss-elementor-loading nuss-slide-in-right elementor-widget elementor-widget-image\" data-id=\"a0de317\" data-element_type=\"widget\" data-e-type=\"widget\" data-settings=\"{&quot;_animation&quot;:&quot;nussSlideInRight&quot;}\" data-widget_type=\"image.default\">\n\t\t\t\t<div class=\"elementor-widget-container\">\n\t\t\t\t\t\t\t\t\t\t\t\t\t\t\t<img fetchpriority=\"high\" decoding=\"async\" width=\"1200\" height=\"800\" src=\"https:\/\/primehotelbeijing.com\/wp-content\/uploads\/2025\/07\/prime-hotel-beijing-29.jpg\" class=\"attachment-full size-full wp-image-5552\" alt=\"\" srcset=\"https:\/\/primehotelbeijing.com\/wp-content\/uploads\/2025\/07\/prime-hotel-beijing-29.jpg 1200w, https:\/\/primehotelbeijing.com\/wp-content\/uploads\/2025\/07\/prime-hotel-beijing-29-300x200.jpg 300w, https:\/\/primehotelbeijing.com\/wp-content\/uploads\/2025\/07\/prime-hotel-beijing-29-1024x683.jpg 1024w, https:\/\/primehotelbeijing.com\/wp-content\/uploads\/2025\/07\/prime-hotel-beijing-29-768x512.jpg 768w\" sizes=\"(max-width: 1200px) 100vw, 1200px\" \/>\t\t\t\t\t\t\t\t\t\t\t\t\t\t\t<\/div>\n\t\t\t\t<\/div>\n\t\t\t\t\t<\/div>\n\t\t<\/div>\n\t\t\t\t<div class=\"elementor-column elementor-col-50 elementor-top-column elementor-element elementor-element-36be69e\" data-id=\"36be69e\" data-element_type=\"column\" data-e-type=\"column\">\n\t\t\t<div class=\"elementor-widget-wrap elementor-element-populated\">\n\t\t\t\t\t\t<div class=\"elementor-element elementor-element-a5c4fb7 elementor-invisible elementor-widget elementor-widget-text-editor\" data-id=\"a5c4fb7\" data-element_type=\"widget\" data-e-type=\"widget\" data-settings=\"{&quot;_animation&quot;:&quot;nussFadeInUp&quot;}\" data-widget_type=\"text-editor.default\">\n\t\t\t\t<div class=\"elementor-widget-container\">\n\t\t\t\t\t\t\t\t\t<p>Bienvenido al Empark Prime Hotel Beijing, ubicado en 2 Wangfujing Ave, Dongcheng, Beijing, China, 100006. Nuestro servicio excepcional no es solo una promesa, sino la piedra angular de nuestro compromiso de crear experiencias inolvidables para cada hu\u00e9sped. Estrat\u00e9gicamente ubicado en el vibrante coraz\u00f3n de Beijing, cerca de la ic\u00f3nica calle Wangfujing y a un paso de monumentos hist\u00f3ricos como la Ciudad Prohibida y la Plaza de Tiananm\u00e9n, nuestro hotel est\u00e1 dise\u00f1ado para satisfacer las diversas necesidades de viajeros de placer, profesionales y familias. Nuestra amplia gama de servicios refleja una profunda comprensi\u00f3n de lo que buscan los viajeros modernos: comodidad, conveniencia y atenci\u00f3n personalizada, lo que garantiza que su estancia con nosotros sea extraordinaria.<\/p>\t\t\t\t\t\t\t\t<\/div>\n\t\t\t\t<\/div>\n\t\t\t\t\t<\/div>\n\t\t<\/div>\n\t\t\t\t\t<\/div>\n\t\t<\/section>\n\t\t\t\t<section class=\"elementor-section elementor-top-section elementor-element elementor-element-30e46d3 elementor-section-boxed elementor-section-gap-beside-yes elementor-section-height-default elementor-section-height-default elementor-section-column-vertical-align-stretch\" data-id=\"30e46d3\" data-element_type=\"section\" data-e-type=\"section\">\n\t\t\t\t\t\t<div class=\"elementor-container elementor-column-gap-extended\">\n\t\t\t\t\t<div class=\"elementor-column elementor-col-50 elementor-top-column elementor-element elementor-element-5100fae\" data-id=\"5100fae\" data-element_type=\"column\" data-e-type=\"column\">\n\t\t\t<div class=\"elementor-widget-wrap elementor-element-populated\">\n\t\t\t\t\t\t<div class=\"elementor-element elementor-element-5b35b86 elementor-invisible elementor-widget elementor-widget-text-editor\" data-id=\"5b35b86\" data-element_type=\"widget\" data-e-type=\"widget\" data-settings=\"{&quot;_animation&quot;:&quot;nussFadeInUp&quot;}\" data-widget_type=\"text-editor.default\">\n\t\t\t\t<div class=\"elementor-widget-container\">\n\t\t\t\t\t\t\t\t\t<p>En el Empark Prime Hotel Beijing, nos enorgullecemos de ofrecer una combinaci\u00f3n perfecta de hospitalidad tradicional china y eficiencia contempor\u00e1nea. Desde el momento en que ingrese a nuestro magn\u00edfico vest\u00edbulo, nuestro dedicado equipo estar\u00e1 listo para darle la bienvenida con calidez y profesionalismo. Nuestros servicios de recepci\u00f3n y conserjer\u00eda, disponibles las 24 horas, est\u00e1n a su disposici\u00f3n para ayudarle con todo, desde el registro y la gesti\u00f3n de equipaje hasta la organizaci\u00f3n del transporte, la reserva de excursiones y las recomendaciones de expertos para explorar la rica cultura de Beijing. Ya sea que desee visitar la Gran Muralla, recorrer los animados mercados de la ciudad o conseguir entradas para un espect\u00e1culo local, nuestro personal se compromete a hacer que sus planes sean sencillos y agradables.<\/p>\t\t\t\t\t\t\t\t<\/div>\n\t\t\t\t<\/div>\n\t\t\t\t\t<\/div>\n\t\t<\/div>\n\t\t\t\t<div class=\"elementor-column elementor-col-50 elementor-top-column elementor-element elementor-element-79980b6\" data-id=\"79980b6\" data-element_type=\"column\" data-e-type=\"column\">\n\t\t\t<div class=\"elementor-widget-wrap elementor-element-populated\">\n\t\t\t\t\t\t<div class=\"elementor-element elementor-element-59c2d22 elementor-invisible nuss-elementor-loading nuss-slide-in-left elementor-widget elementor-widget-image\" data-id=\"59c2d22\" data-element_type=\"widget\" data-e-type=\"widget\" data-settings=\"{&quot;_animation&quot;:&quot;nussSlideInLeft&quot;}\" data-widget_type=\"image.default\">\n\t\t\t\t<div class=\"elementor-widget-container\">\n\t\t\t\t\t\t\t\t\t\t\t\t\t\t\t<img decoding=\"async\" width=\"1248\" height=\"853\" src=\"https:\/\/primehotelbeijing.com\/wp-content\/uploads\/2025\/07\/Business-facilities-8.webp\" class=\"attachment-full size-full wp-image-5695\" alt=\"\" srcset=\"https:\/\/primehotelbeijing.com\/wp-content\/uploads\/2025\/07\/Business-facilities-8.webp 1248w, https:\/\/primehotelbeijing.com\/wp-content\/uploads\/2025\/07\/Business-facilities-8-300x205.webp 300w, https:\/\/primehotelbeijing.com\/wp-content\/uploads\/2025\/07\/Business-facilities-8-1024x700.webp 1024w, https:\/\/primehotelbeijing.com\/wp-content\/uploads\/2025\/07\/Business-facilities-8-768x525.webp 768w, https:\/\/primehotelbeijing.com\/wp-content\/uploads\/2025\/07\/Business-facilities-8-18x12.webp 18w\" sizes=\"(max-width: 1248px) 100vw, 1248px\" \/>\t\t\t\t\t\t\t\t\t\t\t\t\t\t\t<\/div>\n\t\t\t\t<\/div>\n\t\t\t\t\t<\/div>\n\t\t<\/div>\n\t\t\t\t\t<\/div>\n\t\t<\/section>\n\t\t\t\t<section class=\"elementor-section elementor-top-section elementor-element elementor-element-57e1072 elementor-section-boxed elementor-section-gap-beside-yes elementor-section-height-default elementor-section-height-default elementor-section-column-vertical-align-stretch\" data-id=\"57e1072\" data-element_type=\"section\" data-e-type=\"section\">\n\t\t\t\t\t\t<div class=\"elementor-container elementor-column-gap-extended\">\n\t\t\t\t\t<div class=\"elementor-column elementor-col-50 elementor-top-column elementor-element elementor-element-ae65b33\" data-id=\"ae65b33\" data-element_type=\"column\" data-e-type=\"column\">\n\t\t\t<div class=\"elementor-widget-wrap elementor-element-populated\">\n\t\t\t\t\t\t<div class=\"elementor-element elementor-element-3a0dcad elementor-invisible nuss-elementor-loading nuss-slide-in-right elementor-widget elementor-widget-image\" data-id=\"3a0dcad\" data-element_type=\"widget\" data-e-type=\"widget\" data-settings=\"{&quot;_animation&quot;:&quot;nussSlideInRight&quot;}\" data-widget_type=\"image.default\">\n\t\t\t\t<div class=\"elementor-widget-container\">\n\t\t\t\t\t\t\t\t\t\t\t\t\t\t\t<img decoding=\"async\" width=\"1280\" height=\"759\" src=\"https:\/\/primehotelbeijing.com\/wp-content\/uploads\/2025\/07\/Business-facilities-16.webp\" class=\"attachment-full size-full wp-image-5703\" alt=\"\" srcset=\"https:\/\/primehotelbeijing.com\/wp-content\/uploads\/2025\/07\/Business-facilities-16.webp 1280w, https:\/\/primehotelbeijing.com\/wp-content\/uploads\/2025\/07\/Business-facilities-16-300x178.webp 300w, https:\/\/primehotelbeijing.com\/wp-content\/uploads\/2025\/07\/Business-facilities-16-1024x607.webp 1024w, https:\/\/primehotelbeijing.com\/wp-content\/uploads\/2025\/07\/Business-facilities-16-768x455.webp 768w, https:\/\/primehotelbeijing.com\/wp-content\/uploads\/2025\/07\/Business-facilities-16-18x12.webp 18w\" sizes=\"(max-width: 1280px) 100vw, 1280px\" \/>\t\t\t\t\t\t\t\t\t\t\t\t\t\t\t<\/div>\n\t\t\t\t<\/div>\n\t\t\t\t\t<\/div>\n\t\t<\/div>\n\t\t\t\t<div class=\"elementor-column elementor-col-50 elementor-top-column elementor-element elementor-element-ecff995\" data-id=\"ecff995\" data-element_type=\"column\" data-e-type=\"column\">\n\t\t\t<div class=\"elementor-widget-wrap elementor-element-populated\">\n\t\t\t\t\t\t<div class=\"elementor-element elementor-element-4543a9b elementor-invisible elementor-widget elementor-widget-text-editor\" data-id=\"4543a9b\" data-element_type=\"widget\" data-e-type=\"widget\" data-settings=\"{&quot;_animation&quot;:&quot;nussFadeInUp&quot;}\" data-widget_type=\"text-editor.default\">\n\t\t\t\t<div class=\"elementor-widget-container\">\n\t\t\t\t\t\t\t\t\t<p>Para viajeros de negocios, el Empark Prime Hotel Beijing ofrece una gama de servicios a medida para garantizar su productividad y \u00e9xito. Nuestro moderno centro de negocios est\u00e1 equipado con internet de alta velocidad, impresoras y esc\u00e1neres, mientras que nuestros vers\u00e1tiles espacios para reuniones y eventos son ideales para conferencias, seminarios y reuniones corporativas. Con tecnolog\u00eda audiovisual avanzada, configuraciones personalizables y coordinadores de eventos dedicados, transformamos cada evento de negocios en un \u00e9xito profesional. Adem\u00e1s, nuestro acceso wifi de alta velocidad en todo el hotel le mantiene conectado, ya sea trabajando desde la comodidad de su habitaci\u00f3n o compartiendo experiencias con un caf\u00e9 en uno de nuestros elegantes salones.<\/p>\t\t\t\t\t\t\t\t<\/div>\n\t\t\t\t<\/div>\n\t\t\t\t\t<\/div>\n\t\t<\/div>\n\t\t\t\t\t<\/div>\n\t\t<\/section>\n\t\t\t\t<section class=\"elementor-section elementor-top-section elementor-element elementor-element-515005f elementor-section-boxed elementor-section-gap-beside-yes elementor-section-height-default elementor-section-height-default elementor-section-column-vertical-align-stretch\" data-id=\"515005f\" data-element_type=\"section\" data-e-type=\"section\">\n\t\t\t\t\t\t<div class=\"elementor-container elementor-column-gap-extended\">\n\t\t\t\t\t<div class=\"elementor-column elementor-col-50 elementor-top-column elementor-element elementor-element-b8bc943\" data-id=\"b8bc943\" data-element_type=\"column\" data-e-type=\"column\">\n\t\t\t<div class=\"elementor-widget-wrap elementor-element-populated\">\n\t\t\t\t\t\t<div class=\"elementor-element elementor-element-0415e9c elementor-invisible elementor-widget elementor-widget-text-editor\" data-id=\"0415e9c\" data-element_type=\"widget\" data-e-type=\"widget\" data-settings=\"{&quot;_animation&quot;:&quot;nussFadeInUp&quot;}\" data-widget_type=\"text-editor.default\">\n\t\t\t\t<div class=\"elementor-widget-container\">\n\t\t\t\t\t\t\t\t\t<p>Nuestro compromiso con la comodidad de nuestros hu\u00e9spedes se extiende a una variedad de servicios premium dise\u00f1ados para mejorar su estancia. Rel\u00e1jese despu\u00e9s de un d\u00eda de turismo en nuestro gimnasio totalmente equipado, donde nuestros modernos equipos satisfacen las necesidades de todos los niveles. Para quienes buscan relajarse, nuestro spa ofrece un remanso de paz con una gama de tratamientos inspirados en las pr\u00e1cticas tradicionales chinas de bienestar, que le garantizan una sensaci\u00f3n de frescor y revitalizaci\u00f3n. Los hu\u00e9spedes tambi\u00e9n pueden disfrutar de la comodidad de nuestros servicios de lavander\u00eda y tintorer\u00eda, as\u00ed como de aparcamiento seguro para quienes viajen en coche.<\/p>\t\t\t\t\t\t\t\t<\/div>\n\t\t\t\t<\/div>\n\t\t\t\t\t<\/div>\n\t\t<\/div>\n\t\t\t\t<div class=\"elementor-column elementor-col-50 elementor-top-column elementor-element elementor-element-74f1a85\" data-id=\"74f1a85\" data-element_type=\"column\" data-e-type=\"column\">\n\t\t\t<div class=\"elementor-widget-wrap elementor-element-populated\">\n\t\t\t\t\t\t<div class=\"elementor-element elementor-element-d007f5e elementor-invisible nuss-elementor-loading nuss-slide-in-left elementor-widget elementor-widget-image\" data-id=\"d007f5e\" data-element_type=\"widget\" data-e-type=\"widget\" data-settings=\"{&quot;_animation&quot;:&quot;nussSlideInLeft&quot;}\" data-widget_type=\"image.default\">\n\t\t\t\t<div class=\"elementor-widget-container\">\n\t\t\t\t\t\t\t\t\t\t\t\t\t\t\t<img loading=\"lazy\" decoding=\"async\" width=\"1280\" height=\"768\" src=\"https:\/\/primehotelbeijing.com\/wp-content\/uploads\/2025\/07\/fitness.webp\" class=\"attachment-full size-full wp-image-5787\" alt=\"\" srcset=\"https:\/\/primehotelbeijing.com\/wp-content\/uploads\/2025\/07\/fitness.webp 1280w, https:\/\/primehotelbeijing.com\/wp-content\/uploads\/2025\/07\/fitness-300x180.webp 300w, https:\/\/primehotelbeijing.com\/wp-content\/uploads\/2025\/07\/fitness-1024x614.webp 1024w, https:\/\/primehotelbeijing.com\/wp-content\/uploads\/2025\/07\/fitness-768x461.webp 768w, https:\/\/primehotelbeijing.com\/wp-content\/uploads\/2025\/07\/fitness-18x12.webp 18w\" sizes=\"(max-width: 1280px) 100vw, 1280px\" \/>\t\t\t\t\t\t\t\t\t\t\t\t\t\t\t<\/div>\n\t\t\t\t<\/div>\n\t\t\t\t\t<\/div>\n\t\t<\/div>\n\t\t\t\t\t<\/div>\n\t\t<\/section>\n\t\t\t\t<section class=\"elementor-section elementor-top-section elementor-element elementor-element-297a5f2 elementor-section-boxed elementor-section-gap-beside-yes elementor-section-height-default elementor-section-height-default elementor-section-column-vertical-align-stretch\" data-id=\"297a5f2\" data-element_type=\"section\" data-e-type=\"section\">\n\t\t\t\t\t\t<div class=\"elementor-container elementor-column-gap-extended\">\n\t\t\t\t\t<div class=\"elementor-column elementor-col-50 elementor-top-column elementor-element elementor-element-7d3fdb9\" data-id=\"7d3fdb9\" data-element_type=\"column\" data-e-type=\"column\">\n\t\t\t<div class=\"elementor-widget-wrap elementor-element-populated\">\n\t\t\t\t\t\t<div class=\"elementor-element elementor-element-bd6497f elementor-invisible nuss-elementor-loading nuss-slide-in-right elementor-widget elementor-widget-image\" data-id=\"bd6497f\" data-element_type=\"widget\" data-e-type=\"widget\" data-settings=\"{&quot;_animation&quot;:&quot;nussSlideInRight&quot;}\" data-widget_type=\"image.default\">\n\t\t\t\t<div class=\"elementor-widget-container\">\n\t\t\t\t\t\t\t\t\t\t\t\t\t\t\t<img loading=\"lazy\" decoding=\"async\" width=\"568\" height=\"853\" src=\"https:\/\/primehotelbeijing.com\/wp-content\/uploads\/2025\/07\/dining-at-empark-prime-hotel-beijing-9.webp\" class=\"attachment-full size-full wp-image-5762\" alt=\"\" srcset=\"https:\/\/primehotelbeijing.com\/wp-content\/uploads\/2025\/07\/dining-at-empark-prime-hotel-beijing-9.webp 568w, https:\/\/primehotelbeijing.com\/wp-content\/uploads\/2025\/07\/dining-at-empark-prime-hotel-beijing-9-200x300.webp 200w, https:\/\/primehotelbeijing.com\/wp-content\/uploads\/2025\/07\/dining-at-empark-prime-hotel-beijing-9-8x12.webp 8w\" sizes=\"(max-width: 568px) 100vw, 568px\" \/>\t\t\t\t\t\t\t\t\t\t\t\t\t\t\t<\/div>\n\t\t\t\t<\/div>\n\t\t\t\t\t<\/div>\n\t\t<\/div>\n\t\t\t\t<div class=\"elementor-column elementor-col-50 elementor-top-column elementor-element elementor-element-f5e3a64\" data-id=\"f5e3a64\" data-element_type=\"column\" data-e-type=\"column\">\n\t\t\t<div class=\"elementor-widget-wrap elementor-element-populated\">\n\t\t\t\t\t\t<div class=\"elementor-element elementor-element-0187d87 elementor-invisible elementor-widget elementor-widget-text-editor\" data-id=\"0187d87\" data-element_type=\"widget\" data-e-type=\"widget\" data-settings=\"{&quot;_animation&quot;:&quot;nussFadeInUp&quot;}\" data-widget_type=\"text-editor.default\">\n\t\t\t\t<div class=\"elementor-widget-container\">\n\t\t\t\t\t\t\t\t\t<p>Cenar en el Empark Prime Hotel Beijing es una experiencia en s\u00ed misma, y nuestros servicios garantizan la satisfacci\u00f3n de todas sus necesidades culinarias. Nuestro restaurante y servicio a la habitaci\u00f3n ofrecen una deliciosa variedad de aut\u00e9ntica cocina china e internacional, para todos los gustos y preferencias diet\u00e9ticas. Ya sea que comience el d\u00eda con un abundante desayuno buffet o disfrute de un refrigerio nocturno en la privacidad de su habitaci\u00f3n, nuestro equipo culinario se dedica a ofrecer sabores que deleitan. Siempre atendemos con esmero sus peticiones especiales y experiencias gastron\u00f3micas personalizadas, garantizando que cada comida sea un momento inolvidable de su estancia.<\/p><p>Tambi\u00e9n comprendemos la importancia de la accesibilidad y la inclusi\u00f3n. El Empark Prime Hotel Beijing ofrece instalaciones y servicios adaptados a hu\u00e9spedes con necesidades especiales, incluyendo habitaciones y zonas comunes adaptadas para sillas de ruedas, lo que garantiza que todos puedan disfrutar de nuestra hospitalidad en todo su esplendor. Para familias que viajan con ni\u00f1os, ofrecemos comodidades como cunas, tronas y servicio de ni\u00f1era bajo petici\u00f3n, para que sus vacaciones familiares sean lo m\u00e1s relajantes posible.<\/p>\t\t\t\t\t\t\t\t<\/div>\n\t\t\t\t<\/div>\n\t\t\t\t\t<\/div>\n\t\t<\/div>\n\t\t\t\t\t<\/div>\n\t\t<\/section>\n\t\t\t\t<section class=\"elementor-section elementor-top-section elementor-element elementor-element-48ca4dd elementor-section-boxed elementor-section-gap-beside-yes elementor-section-height-default elementor-section-height-default elementor-section-column-vertical-align-stretch\" data-id=\"48ca4dd\" data-element_type=\"section\" data-e-type=\"section\">\n\t\t\t\t\t\t<div class=\"elementor-container elementor-column-gap-extended\">\n\t\t\t\t\t<div class=\"elementor-column elementor-col-50 elementor-top-column elementor-element elementor-element-1b635df\" data-id=\"1b635df\" data-element_type=\"column\" data-e-type=\"column\">\n\t\t\t<div class=\"elementor-widget-wrap elementor-element-populated\">\n\t\t\t\t\t\t<div class=\"elementor-element elementor-element-20b9a16 elementor-invisible elementor-widget elementor-widget-text-editor\" data-id=\"20b9a16\" data-element_type=\"widget\" data-e-type=\"widget\" data-settings=\"{&quot;_animation&quot;:&quot;nussFadeInUp&quot;}\" data-widget_type=\"text-editor.default\">\n\t\t\t\t<div class=\"elementor-widget-container\">\n\t\t\t\t\t\t\t\t\t<p>La esencia de nuestros servicios es la pasi\u00f3n por superar las expectativas. Nuestro personal multiling\u00fce, con fluidez en ingl\u00e9s y otros idiomas, est\u00e1 capacitado para anticiparse a sus necesidades y brindarle soluciones incluso antes de que las solicite. Desde cambio de divisas y cajas de seguridad hasta check-out expr\u00e9s y traslados al aeropuerto, cada detalle se gestiona meticulosamente para garantizar que su estancia con nosotros sea perfecta e inolvidable. Ubicado en el animado distrito de Dongcheng, el Empark Prime Hotel Beijing no es solo un lugar para alojarse, sino una puerta de entrada a lo mejor de Pek\u00edn, con servicios que hacen que cada momento cuente.<\/p>\t\t\t\t\t\t\t\t<\/div>\n\t\t\t\t<\/div>\n\t\t\t\t\t<\/div>\n\t\t<\/div>\n\t\t\t\t<div class=\"elementor-column elementor-col-50 elementor-top-column elementor-element elementor-element-7f3a551\" data-id=\"7f3a551\" data-element_type=\"column\" data-e-type=\"column\">\n\t\t\t<div class=\"elementor-widget-wrap elementor-element-populated\">\n\t\t\t\t\t\t<div class=\"elementor-element elementor-element-07208d1 elementor-invisible nuss-elementor-loading nuss-slide-in-left elementor-widget elementor-widget-image\" data-id=\"07208d1\" data-element_type=\"widget\" data-e-type=\"widget\" data-settings=\"{&quot;_animation&quot;:&quot;nussSlideInLeft&quot;}\" data-widget_type=\"image.default\">\n\t\t\t\t<div class=\"elementor-widget-container\">\n\t\t\t\t\t\t\t\t\t\t\t\t\t\t\t<img loading=\"lazy\" decoding=\"async\" width=\"1217\" height=\"853\" src=\"https:\/\/primehotelbeijing.com\/wp-content\/uploads\/2025\/07\/dining-at-empark-prime-hotel-beijing-14.webp\" class=\"attachment-full size-full wp-image-5767\" alt=\"\" srcset=\"https:\/\/primehotelbeijing.com\/wp-content\/uploads\/2025\/07\/dining-at-empark-prime-hotel-beijing-14.webp 1217w, https:\/\/primehotelbeijing.com\/wp-content\/uploads\/2025\/07\/dining-at-empark-prime-hotel-beijing-14-300x210.webp 300w, https:\/\/primehotelbeijing.com\/wp-content\/uploads\/2025\/07\/dining-at-empark-prime-hotel-beijing-14-1024x718.webp 1024w, https:\/\/primehotelbeijing.com\/wp-content\/uploads\/2025\/07\/dining-at-empark-prime-hotel-beijing-14-768x538.webp 768w, https:\/\/primehotelbeijing.com\/wp-content\/uploads\/2025\/07\/dining-at-empark-prime-hotel-beijing-14-18x12.webp 18w\" sizes=\"(max-width: 1217px) 100vw, 1217px\" \/>\t\t\t\t\t\t\t\t\t\t\t\t\t\t\t<\/div>\n\t\t\t\t<\/div>\n\t\t\t\t\t<\/div>\n\t\t<\/div>\n\t\t\t\t\t<\/div>\n\t\t<\/section>\n\t\t\t\t<\/div>","protected":false},"excerpt":{"rendered":"<p>We do our best to offer all our guests the services and facilities to make their stay a memorable one. Welcome to Empark Prime Hotel Beijing, located at 2 Wangfujing Ave, Dongcheng, Beijing, China, 100006, where exceptional service is not just a promise but the cornerstone of our commitment to creating unforgettable experiences for every [&hellip;]<\/p>\n","protected":false},"author":1,"featured_media":0,"parent":0,"menu_order":0,"comment_status":"closed","ping_status":"closed","template":"","meta":{"footnotes":""},"class_list":["post-647","page","type-page","status-publish","hentry","post-no-thumbnail"],"_links":{"self":[{"href":"https:\/\/primehotelbeijing.com\/es\/wp-json\/wp\/v2\/pages\/647","targetHints":{"allow":["GET"]}}],"collection":[{"href":"https:\/\/primehotelbeijing.com\/es\/wp-json\/wp\/v2\/pages"}],"about":[{"href":"https:\/\/primehotelbeijing.com\/es\/wp-json\/wp\/v2\/types\/page"}],"author":[{"embeddable":true,"href":"https:\/\/primehotelbeijing.com\/es\/wp-json\/wp\/v2\/users\/1"}],"replies":[{"embeddable":true,"href":"https:\/\/primehotelbeijing.com\/es\/wp-json\/wp\/v2\/comments?post=647"}],"version-history":[{"count":0,"href":"https:\/\/primehotelbeijing.com\/es\/wp-json\/wp\/v2\/pages\/647\/revisions"}],"wp:attachment":[{"href":"https:\/\/primehotelbeijing.com\/es\/wp-json\/wp\/v2\/media?parent=647"}],"curies":[{"name":"gracias","href":"https:\/\/api.w.org\/{rel}","templated":true}]}}