{"id":2106,"date":"2021-03-25T04:08:26","date_gmt":"2021-03-25T04:08:26","guid":{"rendered":"http:\/\/localhost\/nuss\/?page_id=298"},"modified":"2025-12-04T11:13:27","modified_gmt":"2025-12-04T11:13:27","slug":"experiences","status":"publish","type":"page","link":"https:\/\/primehotelbeijing.com\/fr\/experiences\/","title":{"rendered":"Avis sur l&#039;Empark Prime Hotel Beijing"},"content":{"rendered":"<div data-elementor-type=\"wp-page\" data-elementor-id=\"2106\" class=\"elementor elementor-2106\">\n\t\t\t\t\t\t<section class=\"elementor-section elementor-top-section elementor-element elementor-element-1954ffc elementor-section-boxed elementor-section-gap-beside-yes elementor-section-height-default elementor-section-height-default elementor-section-column-vertical-align-stretch\" data-id=\"1954ffc\" data-element_type=\"section\" data-e-type=\"section\">\n\t\t\t\t\t\t<div class=\"elementor-container elementor-column-gap-extended\">\n\t\t\t\t\t<div class=\"elementor-column elementor-col-100 elementor-top-column elementor-element elementor-element-86aebc5\" data-id=\"86aebc5\" data-element_type=\"column\" data-e-type=\"column\">\n\t\t\t<div class=\"elementor-widget-wrap elementor-element-populated\">\n\t\t\t\t\t\t<div class=\"elementor-element elementor-element-11803d1 elementor-widget__width-initial elementor-invisible elementor-widget elementor-widget-text-editor\" data-id=\"11803d1\" data-element_type=\"widget\" data-e-type=\"widget\" data-settings=\"{&quot;_animation&quot;:&quot;nussFadeInUp&quot;}\" data-widget_type=\"text-editor.default\">\n\t\t\t\t<div class=\"elementor-widget-container\">\n\t\t\t\t\t\t\t\t\tExp\u00e9riences et avis clients sur l&#039;Empark Prime Hotel Beijing\n\t\t\t\t\t\t\t\t<\/div>\n\t\t\t\t<\/div>\n\t\t\t\t\t<\/div>\n\t\t<\/div>\n\t\t\t\t\t<\/div>\n\t\t<\/section>\n\t\t\t\t<section class=\"elementor-section elementor-top-section elementor-element elementor-element-b2344ff elementor-section-gap-beside-no elementor-section-boxed elementor-section-height-default elementor-section-height-default elementor-section-column-vertical-align-stretch\" data-id=\"b2344ff\" data-element_type=\"section\" data-e-type=\"section\">\n\t\t\t\t\t\t<div class=\"elementor-container elementor-column-gap-extended\">\n\t\t\t\t\t<div class=\"elementor-column elementor-col-50 elementor-top-column elementor-element elementor-element-4698ec8\" data-id=\"4698ec8\" data-element_type=\"column\" data-e-type=\"column\">\n\t\t\t<div class=\"elementor-widget-wrap elementor-element-populated\">\n\t\t\t\t\t\t<div class=\"elementor-element elementor-element-88e5290 elementor-invisible nuss-elementor-loading nuss-slide-in-right elementor-widget elementor-widget-image\" data-id=\"88e5290\" data-element_type=\"widget\" data-e-type=\"widget\" data-settings=\"{&quot;_animation&quot;:&quot;nussSlideInRight&quot;}\" data-widget_type=\"image.default\">\n\t\t\t\t<div class=\"elementor-widget-container\">\n\t\t\t\t\t\t\t\t\t\t\t\t\t\t\t<img fetchpriority=\"high\" decoding=\"async\" width=\"1248\" height=\"853\" src=\"https:\/\/primehotelbeijing.com\/wp-content\/uploads\/2025\/07\/Business-facilities-8.webp\" class=\"attachment-full size-full wp-image-5695\" alt=\"\" srcset=\"https:\/\/primehotelbeijing.com\/wp-content\/uploads\/2025\/07\/Business-facilities-8.webp 1248w, https:\/\/primehotelbeijing.com\/wp-content\/uploads\/2025\/07\/Business-facilities-8-300x205.webp 300w, https:\/\/primehotelbeijing.com\/wp-content\/uploads\/2025\/07\/Business-facilities-8-1024x700.webp 1024w, https:\/\/primehotelbeijing.com\/wp-content\/uploads\/2025\/07\/Business-facilities-8-768x525.webp 768w, https:\/\/primehotelbeijing.com\/wp-content\/uploads\/2025\/07\/Business-facilities-8-18x12.webp 18w\" sizes=\"(max-width: 1248px) 100vw, 1248px\" \/>\t\t\t\t\t\t\t\t\t\t\t\t\t\t\t<\/div>\n\t\t\t\t<\/div>\n\t\t\t\t\t<\/div>\n\t\t<\/div>\n\t\t\t\t<div class=\"elementor-column elementor-col-50 elementor-top-column elementor-element elementor-element-4b9e677\" data-id=\"4b9e677\" data-element_type=\"column\" data-e-type=\"column\">\n\t\t\t<div class=\"elementor-widget-wrap elementor-element-populated\">\n\t\t\t\t\t\t<div class=\"elementor-element elementor-element-bc0b7e2 elementor-invisible elementor-widget elementor-widget-text-editor\" data-id=\"bc0b7e2\" data-element_type=\"widget\" data-e-type=\"widget\" data-settings=\"{&quot;_animation&quot;:&quot;nussFadeInUp&quot;}\" data-widget_type=\"text-editor.default\">\n\t\t\t\t<div class=\"elementor-widget-container\">\n\t\t\t\t\t\t\t\t\t<p>Nich\u00e9 au c\u0153ur de P\u00e9kin, au 2 Wangfujing Ave, Dongcheng, Beijing, Chine, 100006, l&#039;Empark Prime Hotel Beijing est un v\u00e9ritable havre de luxe et de confort pour les voyageurs en qu\u00eate d&#039;un s\u00e9jour inoubliable dans la vibrante capitale chinoise. R\u00e9put\u00e9 pour son emplacement privil\u00e9gi\u00e9 \u00e0 proximit\u00e9 de l&#039;embl\u00e9matique rue Wangfujing, v\u00e9ritable p\u00f4le d&#039;attractions commer\u00e7antes, gastronomiques et culturelles, cet h\u00f4tel allie avec brio \u00e9l\u00e9gance moderne et hospitalit\u00e9 traditionnelle chinoise. Mais ce qui distingue v\u00e9ritablement l&#039;Empark Prime Hotel Beijing, ce sont les nombreux retours positifs et les avis sinc\u00e8res de ses clients qui ont pu d\u00e9couvrir ses services de premier ordre. Des t\u00e9moignages \u00e9logieux sur des plateformes comme TripAdvisor.com aux t\u00e9moignages d\u00e9taill\u00e9s partag\u00e9s par diverses agences de voyages en ligne (OTA) comme Booking.com et Expedia, l&#039;h\u00f4tel s&#039;est forg\u00e9 une solide r\u00e9putation pour l&#039;excellence de ses exp\u00e9riences clients.<\/p>\t\t\t\t\t\t\t\t<\/div>\n\t\t\t\t<\/div>\n\t\t\t\t\t<\/div>\n\t\t<\/div>\n\t\t\t\t\t<\/div>\n\t\t<\/section>\n\t\t\t\t<section class=\"elementor-section elementor-top-section elementor-element elementor-element-575fc68 elementor-section-gap-beside-no elementor-section-boxed elementor-section-height-default elementor-section-height-default elementor-section-column-vertical-align-stretch\" data-id=\"575fc68\" data-element_type=\"section\" data-e-type=\"section\">\n\t\t\t\t\t\t<div class=\"elementor-container elementor-column-gap-extended\">\n\t\t\t\t\t<div class=\"elementor-column elementor-col-50 elementor-top-column elementor-element elementor-element-dd03a56\" data-id=\"dd03a56\" data-element_type=\"column\" data-e-type=\"column\">\n\t\t\t<div class=\"elementor-widget-wrap elementor-element-populated\">\n\t\t\t\t\t\t<div class=\"elementor-element elementor-element-78ab5be elementor-invisible nuss-elementor-loading nuss-slide-in-right elementor-widget elementor-widget-image\" data-id=\"78ab5be\" data-element_type=\"widget\" data-e-type=\"widget\" data-settings=\"{&quot;_animation&quot;:&quot;nussSlideInRight&quot;}\" data-widget_type=\"image.default\">\n\t\t\t\t<div class=\"elementor-widget-container\">\n\t\t\t\t\t\t\t\t\t\t\t\t\t\t\t<img decoding=\"async\" width=\"1200\" height=\"800\" src=\"https:\/\/primehotelbeijing.com\/wp-content\/uploads\/2025\/07\/prime-hotel-beijing-54.jpg\" class=\"attachment-full size-full wp-image-5577\" alt=\"\" srcset=\"https:\/\/primehotelbeijing.com\/wp-content\/uploads\/2025\/07\/prime-hotel-beijing-54.jpg 1200w, https:\/\/primehotelbeijing.com\/wp-content\/uploads\/2025\/07\/prime-hotel-beijing-54-300x200.jpg 300w, https:\/\/primehotelbeijing.com\/wp-content\/uploads\/2025\/07\/prime-hotel-beijing-54-1024x683.jpg 1024w, https:\/\/primehotelbeijing.com\/wp-content\/uploads\/2025\/07\/prime-hotel-beijing-54-768x512.jpg 768w\" sizes=\"(max-width: 1200px) 100vw, 1200px\" \/>\t\t\t\t\t\t\t\t\t\t\t\t\t\t\t<\/div>\n\t\t\t\t<\/div>\n\t\t\t\t\t<\/div>\n\t\t<\/div>\n\t\t\t\t<div class=\"elementor-column elementor-col-50 elementor-top-column elementor-element elementor-element-364a6b2\" data-id=\"364a6b2\" data-element_type=\"column\" data-e-type=\"column\">\n\t\t\t<div class=\"elementor-widget-wrap elementor-element-populated\">\n\t\t\t\t\t\t<div class=\"elementor-element elementor-element-ccbb94d elementor-invisible elementor-widget elementor-widget-text-editor\" data-id=\"ccbb94d\" data-element_type=\"widget\" data-e-type=\"widget\" data-settings=\"{&quot;_animation&quot;:&quot;nussFadeInUp&quot;}\" data-widget_type=\"text-editor.default\">\n\t\t\t\t<div class=\"elementor-widget-container\">\n\t\t\t\t\t\t\t\t\t<p>Les clients louent r\u00e9guli\u00e8rement l&#039;h\u00f4tel pour son service impeccable, et beaucoup soulignent l&#039;accueil chaleureux et attentionn\u00e9 du personnel, qui se surpasse pour assurer un s\u00e9jour parfait. Qu&#039;il s&#039;agisse de l&#039;aide \u00e0 l&#039;organisation de votre voyage, de recommandations personnalis\u00e9es pour explorer les sites historiques de P\u00e9kin comme la Cit\u00e9 interdite et la place Tian&#039;anmen, ou de r\u00e9pondre \u00e0 vos demandes sp\u00e9ciales, l&#039;\u00e9quipe de l&#039;Empark Prime Hotel Beijing est syst\u00e9matiquement salu\u00e9e pour son d\u00e9vouement. Sur TripAdvisor.com, les voyageurs qualifient souvent leur s\u00e9jour d&#039;\u00ab exceptionnel \u00bb, avec de nombreux avis cinq \u00e9toiles soulignant le luxe de l&#039;h\u00f4tel, avec ses chambres spacieuses, ses \u00e9quipements modernes et sa vue imprenable sur la ville. L&#039;attention m\u00e9ticuleuse port\u00e9e aux d\u00e9tails dans la conception des chambres, associ\u00e9e \u00e0 l&#039;ambiance sereine, cr\u00e9e une oasis de d\u00e9tente au c\u0153ur de l&#039;agitation p\u00e9kinoise.<\/p>\t\t\t\t\t\t\t\t<\/div>\n\t\t\t\t<\/div>\n\t\t\t\t\t<\/div>\n\t\t<\/div>\n\t\t\t\t\t<\/div>\n\t\t<\/section>\n\t\t\t\t<section class=\"elementor-section elementor-top-section elementor-element elementor-element-7853fd5 elementor-section-gap-beside-no elementor-section-boxed elementor-section-height-default elementor-section-height-default elementor-section-column-vertical-align-stretch\" data-id=\"7853fd5\" data-element_type=\"section\" data-e-type=\"section\">\n\t\t\t\t\t\t<div class=\"elementor-container elementor-column-gap-extended\">\n\t\t\t\t\t<div class=\"elementor-column elementor-col-50 elementor-top-column elementor-element elementor-element-9a8fa64\" data-id=\"9a8fa64\" data-element_type=\"column\" data-e-type=\"column\">\n\t\t\t<div class=\"elementor-widget-wrap elementor-element-populated\">\n\t\t\t\t\t\t<div class=\"elementor-element elementor-element-6f7d3f1 elementor-invisible nuss-elementor-loading nuss-slide-in-right elementor-widget elementor-widget-image\" data-id=\"6f7d3f1\" data-element_type=\"widget\" data-e-type=\"widget\" data-settings=\"{&quot;_animation&quot;:&quot;nussSlideInRight&quot;}\" data-widget_type=\"image.default\">\n\t\t\t\t<div class=\"elementor-widget-container\">\n\t\t\t\t\t\t\t\t\t\t\t\t\t\t\t<img decoding=\"async\" width=\"1200\" height=\"1800\" src=\"https:\/\/primehotelbeijing.com\/wp-content\/uploads\/2025\/07\/prime-hotel-beijing-32.jpg\" class=\"attachment-full size-full wp-image-5555\" alt=\"\" srcset=\"https:\/\/primehotelbeijing.com\/wp-content\/uploads\/2025\/07\/prime-hotel-beijing-32.jpg 1200w, https:\/\/primehotelbeijing.com\/wp-content\/uploads\/2025\/07\/prime-hotel-beijing-32-200x300.jpg 200w, https:\/\/primehotelbeijing.com\/wp-content\/uploads\/2025\/07\/prime-hotel-beijing-32-683x1024.jpg 683w, https:\/\/primehotelbeijing.com\/wp-content\/uploads\/2025\/07\/prime-hotel-beijing-32-768x1152.jpg 768w, https:\/\/primehotelbeijing.com\/wp-content\/uploads\/2025\/07\/prime-hotel-beijing-32-1024x1536.jpg 1024w\" sizes=\"(max-width: 1200px) 100vw, 1200px\" \/>\t\t\t\t\t\t\t\t\t\t\t\t\t\t\t<\/div>\n\t\t\t\t<\/div>\n\t\t\t\t\t<\/div>\n\t\t<\/div>\n\t\t\t\t<div class=\"elementor-column elementor-col-50 elementor-top-column elementor-element elementor-element-abd874b\" data-id=\"abd874b\" data-element_type=\"column\" data-e-type=\"column\">\n\t\t\t<div class=\"elementor-widget-wrap elementor-element-populated\">\n\t\t\t\t\t\t<div class=\"elementor-element elementor-element-a80ff28 elementor-invisible elementor-widget elementor-widget-text-editor\" data-id=\"a80ff28\" data-element_type=\"widget\" data-e-type=\"widget\" data-settings=\"{&quot;_animation&quot;:&quot;nussFadeInUp&quot;}\" data-widget_type=\"text-editor.default\">\n\t\t\t\t<div class=\"elementor-widget-container\">\n\t\t\t\t\t\t\t\t\t<p>Au-del\u00e0 de l&#039;exp\u00e9rience sur place, les avis sur les agences de voyages en ligne (OTA) saluent fr\u00e9quemment l&#039;offre de restauration de l&#039;h\u00f4tel, qui s&#039;adresse \u00e0 un large \u00e9ventail de palais. De la cuisine chinoise authentique aux saveurs internationales, les restaurants de l&#039;h\u00f4tel sont pl\u00e9biscit\u00e9s pour leur qualit\u00e9 et leur pr\u00e9sentation, faisant de chaque repas un moment inoubliable du s\u00e9jour des clients. De plus, les installations ultramodernes de l&#039;h\u00f4tel, notamment une salle de sport bien \u00e9quip\u00e9e, un spa revitalisant et des espaces \u00e9v\u00e9nementiels polyvalents, ont suscit\u00e9 des commentaires positifs de la part des voyageurs d&#039;affaires et de loisirs. De nombreux avis sur les OTA soulignent \u00e9galement la situation g\u00e9ographique avantageuse de l&#039;h\u00f4tel, soulignant que sa proximit\u00e9 avec les principales attractions et les transports en commun en fait un point de d\u00e9part id\u00e9al pour explorer la riche histoire et les merveilles modernes de P\u00e9kin.<\/p>\t\t\t\t\t\t\t\t<\/div>\n\t\t\t\t<\/div>\n\t\t\t\t\t<\/div>\n\t\t<\/div>\n\t\t\t\t\t<\/div>\n\t\t<\/section>\n\t\t\t\t<section class=\"elementor-section elementor-top-section elementor-element elementor-element-5754916 elementor-section-gap-beside-no elementor-section-boxed elementor-section-height-default elementor-section-height-default elementor-section-column-vertical-align-stretch\" data-id=\"5754916\" data-element_type=\"section\" data-e-type=\"section\">\n\t\t\t\t\t\t<div class=\"elementor-container elementor-column-gap-extended\">\n\t\t\t\t\t<div class=\"elementor-column elementor-col-50 elementor-top-column elementor-element elementor-element-9d31b7c\" data-id=\"9d31b7c\" data-element_type=\"column\" data-e-type=\"column\">\n\t\t\t<div class=\"elementor-widget-wrap elementor-element-populated\">\n\t\t\t\t\t\t<div class=\"elementor-element elementor-element-da30226 elementor-invisible nuss-elementor-loading nuss-slide-in-right elementor-widget elementor-widget-image\" data-id=\"da30226\" data-element_type=\"widget\" data-e-type=\"widget\" data-settings=\"{&quot;_animation&quot;:&quot;nussSlideInRight&quot;}\" data-widget_type=\"image.default\">\n\t\t\t\t<div class=\"elementor-widget-container\">\n\t\t\t\t\t\t\t\t\t\t\t\t\t\t\t<img loading=\"lazy\" decoding=\"async\" width=\"1200\" height=\"800\" src=\"https:\/\/primehotelbeijing.com\/wp-content\/uploads\/2025\/07\/prime-hotel-beijing-31.jpg\" class=\"attachment-full size-full wp-image-5554\" alt=\"\" srcset=\"https:\/\/primehotelbeijing.com\/wp-content\/uploads\/2025\/07\/prime-hotel-beijing-31.jpg 1200w, https:\/\/primehotelbeijing.com\/wp-content\/uploads\/2025\/07\/prime-hotel-beijing-31-300x200.jpg 300w, https:\/\/primehotelbeijing.com\/wp-content\/uploads\/2025\/07\/prime-hotel-beijing-31-1024x683.jpg 1024w, https:\/\/primehotelbeijing.com\/wp-content\/uploads\/2025\/07\/prime-hotel-beijing-31-768x512.jpg 768w\" sizes=\"(max-width: 1200px) 100vw, 1200px\" \/>\t\t\t\t\t\t\t\t\t\t\t\t\t\t\t<\/div>\n\t\t\t\t<\/div>\n\t\t\t\t\t<\/div>\n\t\t<\/div>\n\t\t\t\t<div class=\"elementor-column elementor-col-50 elementor-top-column elementor-element elementor-element-1f19087\" data-id=\"1f19087\" data-element_type=\"column\" data-e-type=\"column\">\n\t\t\t<div class=\"elementor-widget-wrap elementor-element-populated\">\n\t\t\t\t\t\t<div class=\"elementor-element elementor-element-1453bd9 elementor-invisible elementor-widget elementor-widget-text-editor\" data-id=\"1453bd9\" data-element_type=\"widget\" data-e-type=\"widget\" data-settings=\"{&quot;_animation&quot;:&quot;nussFadeInUp&quot;}\" data-widget_type=\"text-editor.default\">\n\t\t\t\t<div class=\"elementor-widget-container\">\n\t\t\t\t\t\t\t\t\t<p>Ce qui r\u00e9sonne v\u00e9ritablement dans l&#039;exp\u00e9rience client, c&#039;est le sentiment constant de se sentir \u00ab\u00a0comme \u00e0 la maison\u00a0\u00bb tout en \u00e9tant loin de chez soi. Qu&#039;il s&#039;agisse de vacances en famille, d&#039;une escapade romantique ou d&#039;un voyage d&#039;affaires, les clients sur des plateformes comme TripAdvisor.com et diverses agences de voyages en ligne (OTA) racontent souvent comment l&#039;Empark Prime Hotel Beijing a d\u00e9pass\u00e9 leurs attentes, transformant un simple s\u00e9jour en un pr\u00e9cieux souvenir. Avec un nombre impressionnant d&#039;avis positifs et d&#039;avis d\u00e9taill\u00e9s soulignant l&#039;engagement de l&#039;h\u00f4tel envers l&#039;excellence, il n&#039;est pas surprenant que cet \u00e9tablissement reste un choix de premier ordre pour les voyageurs exigeants visitant P\u00e9kin.<\/p>\t\t\t\t\t\t\t\t<\/div>\n\t\t\t\t<\/div>\n\t\t\t\t\t<\/div>\n\t\t<\/div>\n\t\t\t\t\t<\/div>\n\t\t<\/section>\n\t\t\t\t<section class=\"elementor-section elementor-top-section elementor-element elementor-element-68d172e elementor-section-gap-beside-no elementor-section-boxed elementor-section-height-default elementor-section-height-default elementor-section-column-vertical-align-stretch\" data-id=\"68d172e\" data-element_type=\"section\" data-e-type=\"section\">\n\t\t\t\t\t\t<div class=\"elementor-container elementor-column-gap-extended\">\n\t\t\t\t\t<div class=\"elementor-column elementor-col-50 elementor-top-column elementor-element elementor-element-84e5595\" data-id=\"84e5595\" data-element_type=\"column\" data-e-type=\"column\">\n\t\t\t<div class=\"elementor-widget-wrap elementor-element-populated\">\n\t\t\t\t\t\t<div class=\"elementor-element elementor-element-aaf832a elementor-invisible nuss-elementor-loading nuss-slide-in-right elementor-widget elementor-widget-image\" data-id=\"aaf832a\" data-element_type=\"widget\" data-e-type=\"widget\" data-settings=\"{&quot;_animation&quot;:&quot;nussSlideInRight&quot;}\" data-widget_type=\"image.default\">\n\t\t\t\t<div class=\"elementor-widget-container\">\n\t\t\t\t\t\t\t\t\t\t\t\t\t\t\t<img loading=\"lazy\" decoding=\"async\" width=\"1200\" height=\"1800\" src=\"https:\/\/primehotelbeijing.com\/wp-content\/uploads\/2025\/07\/prime-hotel-beijing-50.jpg\" class=\"attachment-full size-full wp-image-5573\" alt=\"\" srcset=\"https:\/\/primehotelbeijing.com\/wp-content\/uploads\/2025\/07\/prime-hotel-beijing-50.jpg 1200w, https:\/\/primehotelbeijing.com\/wp-content\/uploads\/2025\/07\/prime-hotel-beijing-50-200x300.jpg 200w, https:\/\/primehotelbeijing.com\/wp-content\/uploads\/2025\/07\/prime-hotel-beijing-50-683x1024.jpg 683w, https:\/\/primehotelbeijing.com\/wp-content\/uploads\/2025\/07\/prime-hotel-beijing-50-768x1152.jpg 768w, https:\/\/primehotelbeijing.com\/wp-content\/uploads\/2025\/07\/prime-hotel-beijing-50-1024x1536.jpg 1024w\" sizes=\"(max-width: 1200px) 100vw, 1200px\" \/>\t\t\t\t\t\t\t\t\t\t\t\t\t\t\t<\/div>\n\t\t\t\t<\/div>\n\t\t\t\t\t<\/div>\n\t\t<\/div>\n\t\t\t\t<div class=\"elementor-column elementor-col-50 elementor-top-column elementor-element elementor-element-771cb22\" data-id=\"771cb22\" data-element_type=\"column\" data-e-type=\"column\">\n\t\t\t<div class=\"elementor-widget-wrap elementor-element-populated\">\n\t\t\t\t\t\t<div class=\"elementor-element elementor-element-293ce9a elementor-invisible elementor-widget elementor-widget-text-editor\" data-id=\"293ce9a\" data-element_type=\"widget\" data-e-type=\"widget\" data-settings=\"{&quot;_animation&quot;:&quot;nussFadeInUp&quot;}\" data-widget_type=\"text-editor.default\">\n\t\t\t\t<div class=\"elementor-widget-container\">\n\t\t\t\t\t\t\t\t\t<div class=\"markdown-SpwdOz __markdown\" dir=\"auto\"><p>Pour tous ceux qui pr\u00e9voient un voyage dans la capitale chinoise, le consensus g\u00e9n\u00e9ral des anciens clients t\u00e9moigne de la qualit\u00e9 et du charme de l&#039;Empark Prime Hotel Beijing. Plongez dans les nombreux avis sur TripAdvisor.com et les principaux sites de r\u00e9servation en ligne pour d\u00e9couvrir pourquoi cet h\u00f4tel est reconnu comme une destination h\u00f4teli\u00e8re de premier ordre, et laissez-vous inspirer par les exp\u00e9riences de nombreux voyageurs satisfaits pour votre prochain s\u00e9jour inoubliable au 2 Wangfujing Avenue. R\u00e9servez d\u00e8s aujourd&#039;hui et rejoignez la communaut\u00e9 grandissante de clients qui ont trouv\u00e9 un second chez-soi au c\u0153ur de P\u00e9kin\u00a0!<\/p><\/div>\t\t\t\t\t\t\t\t<\/div>\n\t\t\t\t<\/div>\n\t\t\t\t\t<\/div>\n\t\t<\/div>\n\t\t\t\t\t<\/div>\n\t\t<\/section>\n\t\t\t\t<\/div>","protected":false},"excerpt":{"rendered":"<p>Customer Experiences &#038; Reviews for Empark Prime Hotel Beijing Nestled in the heart of Beijing at 2 Wangfujing Ave, Dongcheng, Beijing, China, 100006, the Empark Prime Hotel Beijing stands as a beacon of luxury and comfort for travelers seeking an unforgettable stay in the vibrant capital of China. Renowned for its prime location near the [&hellip;]<\/p>\n","protected":false},"author":1,"featured_media":0,"parent":0,"menu_order":0,"comment_status":"closed","ping_status":"closed","template":"","meta":{"footnotes":""},"class_list":["post-2106","page","type-page","status-publish","hentry","post-no-thumbnail"],"_links":{"self":[{"href":"https:\/\/primehotelbeijing.com\/fr\/wp-json\/wp\/v2\/pages\/2106","targetHints":{"allow":["GET"]}}],"collection":[{"href":"https:\/\/primehotelbeijing.com\/fr\/wp-json\/wp\/v2\/pages"}],"about":[{"href":"https:\/\/primehotelbeijing.com\/fr\/wp-json\/wp\/v2\/types\/page"}],"author":[{"embeddable":true,"href":"https:\/\/primehotelbeijing.com\/fr\/wp-json\/wp\/v2\/users\/1"}],"replies":[{"embeddable":true,"href":"https:\/\/primehotelbeijing.com\/fr\/wp-json\/wp\/v2\/comments?post=2106"}],"version-history":[{"count":0,"href":"https:\/\/primehotelbeijing.com\/fr\/wp-json\/wp\/v2\/pages\/2106\/revisions"}],"wp:attachment":[{"href":"https:\/\/primehotelbeijing.com\/fr\/wp-json\/wp\/v2\/media?parent=2106"}],"curies":[{"name":"wp","href":"https:\/\/api.w.org\/{rel}","templated":true}]}}