{"id":5266,"date":"2021-07-18T08:03:35","date_gmt":"2021-07-18T08:03:35","guid":{"rendered":"https:\/\/nuss.uxper.co\/luxury-resort\/?page_id=5266"},"modified":"2025-12-04T11:12:47","modified_gmt":"2025-12-04T11:12:47","slug":"a-propos-de-nous","status":"publish","type":"page","link":"https:\/\/primehotelbeijing.com\/fr\/a-propos-de-nous\/","title":{"rendered":"\u00c0 propos de nous"},"content":{"rendered":"<div data-elementor-type=\"wp-page\" data-elementor-id=\"5266\" class=\"elementor elementor-5266\">\n\t\t\t\t\t\t<section class=\"elementor-section elementor-top-section elementor-element elementor-element-10416953 elementor-section-boxed elementor-section-gap-beside-yes elementor-section-height-default elementor-section-height-default elementor-section-column-vertical-align-stretch\" data-id=\"10416953\" data-element_type=\"section\" data-e-type=\"section\">\n\t\t\t\t\t\t<div class=\"elementor-container elementor-column-gap-extended\">\n\t\t\t\t\t<div class=\"elementor-column elementor-col-100 elementor-top-column elementor-element elementor-element-29c6aa8\" data-id=\"29c6aa8\" data-element_type=\"column\" data-e-type=\"column\">\n\t\t\t<div class=\"elementor-widget-wrap elementor-element-populated\">\n\t\t\t\t\t\t<div class=\"elementor-element elementor-element-7be18fe7 elementor-widget__width-initial elementor-invisible elementor-widget elementor-widget-text-editor\" data-id=\"7be18fe7\" data-element_type=\"widget\" data-e-type=\"widget\" data-settings=\"{&quot;_animation&quot;:&quot;nussFadeInUp&quot;}\" data-widget_type=\"text-editor.default\">\n\t\t\t\t<div class=\"elementor-widget-container\">\n\t\t\t\t\t\t\t\t\t<p><strong data-spm-anchor-id=\"a2ty_o01.29997173.0.i5.509dc9211SMQUl\">D\u00e9couvrez l&#039;\u00e9l\u00e9gance intemporelle et le confort moderne \u00e0 l&#039;Empark Prime Hotel Beijing - Votre porte d&#039;entr\u00e9e au c\u0153ur de la capitale chinoise <\/strong><\/p>\t\t\t\t\t\t\t\t<\/div>\n\t\t\t\t<\/div>\n\t\t\t\t<section class=\"elementor-section elementor-inner-section elementor-element elementor-element-1cb12958 elementor-section-boxed elementor-section-gap-beside-yes elementor-section-height-default elementor-section-height-default elementor-section-content-align-center elementor-section-column-vertical-align-stretch\" data-id=\"1cb12958\" data-element_type=\"section\" data-e-type=\"section\">\n\t\t\t\t\t\t<div class=\"elementor-container elementor-column-gap-extended\">\n\t\t\t\t\t<div class=\"elementor-column elementor-col-33 elementor-inner-column elementor-element elementor-element-1a8e0aeb\" data-id=\"1a8e0aeb\" data-element_type=\"column\" data-e-type=\"column\">\n\t\t\t<div class=\"elementor-widget-wrap elementor-element-populated\">\n\t\t\t\t\t\t<div class=\"elementor-element elementor-element-3a59fcdf elementor-invisible elementor-widget elementor-widget-counter\" data-id=\"3a59fcdf\" data-element_type=\"widget\" data-e-type=\"widget\" data-settings=\"{&quot;_animation&quot;:&quot;nussFadeInUp&quot;}\" data-widget_type=\"counter.default\">\n\t\t\t\t<div class=\"elementor-widget-container\">\n\t\t\t\t\t\t\t<div class=\"elementor-counter\">\n\t\t\t<div class=\"elementor-counter-title\">Chambres<\/div>\t\t\t<div class=\"elementor-counter-number-wrapper\">\n\t\t\t\t<span class=\"elementor-counter-number-prefix\"><\/span>\n\t\t\t\t<span class=\"elementor-counter-number\" data-duration=\"2000\" data-to-value=\"399\" data-from-value=\"0\" data-delimiter=\",\">0<\/span>\n\t\t\t\t<span class=\"elementor-counter-number-suffix\"><\/span>\n\t\t\t<\/div>\n\t\t<\/div>\n\t\t\t\t\t\t<\/div>\n\t\t\t\t<\/div>\n\t\t\t\t\t<\/div>\n\t\t<\/div>\n\t\t\t\t<div class=\"elementor-column elementor-col-33 elementor-inner-column elementor-element elementor-element-205769a0\" data-id=\"205769a0\" data-element_type=\"column\" data-e-type=\"column\">\n\t\t\t<div class=\"elementor-widget-wrap elementor-element-populated\">\n\t\t\t\t\t\t<div class=\"elementor-element elementor-element-4dec3031 elementor-invisible elementor-widget elementor-widget-counter\" data-id=\"4dec3031\" data-element_type=\"widget\" data-e-type=\"widget\" data-settings=\"{&quot;_animation&quot;:&quot;nussFadeInUp&quot;}\" data-widget_type=\"counter.default\">\n\t\t\t\t<div class=\"elementor-widget-container\">\n\t\t\t\t\t\t\t<div class=\"elementor-counter\">\n\t\t\t<div class=\"elementor-counter-title\">R\u00e9nov\u00e9<\/div>\t\t\t<div class=\"elementor-counter-number-wrapper\">\n\t\t\t\t<span class=\"elementor-counter-number-prefix\"><\/span>\n\t\t\t\t<span class=\"elementor-counter-number\" data-duration=\"2000\" data-to-value=\"2021\" data-from-value=\"0\" data-delimiter=\",\">0<\/span>\n\t\t\t\t<span class=\"elementor-counter-number-suffix\"><\/span>\n\t\t\t<\/div>\n\t\t<\/div>\n\t\t\t\t\t\t<\/div>\n\t\t\t\t<\/div>\n\t\t\t\t\t<\/div>\n\t\t<\/div>\n\t\t\t\t<div class=\"elementor-column elementor-col-33 elementor-inner-column elementor-element elementor-element-416f28d6\" data-id=\"416f28d6\" data-element_type=\"column\" data-e-type=\"column\">\n\t\t\t<div class=\"elementor-widget-wrap elementor-element-populated\">\n\t\t\t\t\t\t<div class=\"elementor-element elementor-element-537ddd78 elementor-invisible elementor-widget elementor-widget-counter\" data-id=\"537ddd78\" data-element_type=\"widget\" data-e-type=\"widget\" data-settings=\"{&quot;_animation&quot;:&quot;nussFadeInUp&quot;}\" data-widget_type=\"counter.default\">\n\t\t\t\t<div class=\"elementor-widget-container\">\n\t\t\t\t\t\t\t<div class=\"elementor-counter\">\n\t\t\t<div class=\"elementor-counter-title\">Ouvert<\/div>\t\t\t<div class=\"elementor-counter-number-wrapper\">\n\t\t\t\t<span class=\"elementor-counter-number-prefix\"><\/span>\n\t\t\t\t<span class=\"elementor-counter-number\" data-duration=\"2000\" data-to-value=\"1992\" data-from-value=\"0\" data-delimiter=\",\">0<\/span>\n\t\t\t\t<span class=\"elementor-counter-number-suffix\"><\/span>\n\t\t\t<\/div>\n\t\t<\/div>\n\t\t\t\t\t\t<\/div>\n\t\t\t\t<\/div>\n\t\t\t\t\t<\/div>\n\t\t<\/div>\n\t\t\t\t\t<\/div>\n\t\t<\/section>\n\t\t\t\t\t<\/div>\n\t\t<\/div>\n\t\t\t\t\t<\/div>\n\t\t<\/section>\n\t\t\t\t<section class=\"elementor-section elementor-top-section elementor-element elementor-element-7d18327f elementor-section-boxed elementor-section-gap-beside-yes elementor-section-height-default elementor-section-height-default elementor-section-column-vertical-align-stretch\" data-id=\"7d18327f\" data-element_type=\"section\" data-e-type=\"section\">\n\t\t\t\t\t\t<div class=\"elementor-container elementor-column-gap-extended\">\n\t\t\t\t\t<div class=\"elementor-column elementor-col-50 elementor-top-column elementor-element elementor-element-56533670\" data-id=\"56533670\" data-element_type=\"column\" data-e-type=\"column\">\n\t\t\t<div class=\"elementor-widget-wrap elementor-element-populated\">\n\t\t\t\t\t\t<div class=\"elementor-element elementor-element-19c3f543 elementor-invisible elementor-widget elementor-widget-text-editor\" data-id=\"19c3f543\" data-element_type=\"widget\" data-e-type=\"widget\" data-settings=\"{&quot;_animation&quot;:&quot;nussFadeInUp&quot;}\" data-widget_type=\"text-editor.default\">\n\t\t\t\t<div class=\"elementor-widget-container\">\n\t\t\t\t\t\t\t\t\t<p data-spm-anchor-id=\"a2ty_o01.29997173.0.i4.509dc9211SMQUl\">Nich\u00e9 au c\u0153ur anim\u00e9 de <strong data-spm-anchor-id=\"a2ty_o01.29997173.0.i7.509dc9211SMQUl\">District de Dongcheng \u00e0 P\u00e9kin <\/strong>, \u00e0 quelques pas des monuments les plus embl\u00e9matiques de la ville, <strong>H\u00f4tel Empark Prime \u00e0 P\u00e9kin <\/strong> est un symbole d&#039;hospitalit\u00e9 raffin\u00e9e et de luxe contemporain. Situ\u00e9 \u00e0 <strong>N\u00b0 2, avenue Wangfujing <\/strong>, l&#039;une des adresses les plus prestigieuses de la capitale, notre h\u00f4tel offre la fusion parfaite de commodit\u00e9, de culture et de confort, ce qui en fait un refuge id\u00e9al pour les voyageurs d&#039;affaires exigeants et les explorateurs aventureux.<\/p>\t\t\t\t\t\t\t\t<\/div>\n\t\t\t\t<\/div>\n\t\t\t\t\t<\/div>\n\t\t<\/div>\n\t\t\t\t<div class=\"elementor-column elementor-col-50 elementor-top-column elementor-element elementor-element-30f14127\" data-id=\"30f14127\" data-element_type=\"column\" data-e-type=\"column\">\n\t\t\t<div class=\"elementor-widget-wrap elementor-element-populated\">\n\t\t\t\t\t\t<div class=\"elementor-element elementor-element-895868f elementor-widget elementor-widget-image\" data-id=\"895868f\" data-element_type=\"widget\" data-e-type=\"widget\" data-widget_type=\"image.default\">\n\t\t\t\t<div class=\"elementor-widget-container\">\n\t\t\t\t\t\t\t\t\t\t\t\t\t\t\t<img fetchpriority=\"high\" decoding=\"async\" width=\"1024\" height=\"682\" src=\"https:\/\/primehotelbeijing.com\/wp-content\/uploads\/2025\/07\/empark-prime-hotel-beijing-wangfujing-1024x682.jpg\" class=\"attachment-large size-large wp-image-5484\" alt=\"\" srcset=\"https:\/\/primehotelbeijing.com\/wp-content\/uploads\/2025\/07\/empark-prime-hotel-beijing-wangfujing-1024x682.jpg 1024w, https:\/\/primehotelbeijing.com\/wp-content\/uploads\/2025\/07\/empark-prime-hotel-beijing-wangfujing-300x200.jpg 300w, https:\/\/primehotelbeijing.com\/wp-content\/uploads\/2025\/07\/empark-prime-hotel-beijing-wangfujing-768x512.jpg 768w, https:\/\/primehotelbeijing.com\/wp-content\/uploads\/2025\/07\/empark-prime-hotel-beijing-wangfujing-1536x1023.jpg 1536w, https:\/\/primehotelbeijing.com\/wp-content\/uploads\/2025\/07\/empark-prime-hotel-beijing-wangfujing.jpg 1600w\" sizes=\"(max-width: 1024px) 100vw, 1024px\" \/>\t\t\t\t\t\t\t\t\t\t\t\t\t\t\t<\/div>\n\t\t\t\t<\/div>\n\t\t\t\t\t<\/div>\n\t\t<\/div>\n\t\t\t\t\t<\/div>\n\t\t<\/section>\n\t\t\t\t<section class=\"elementor-section elementor-top-section elementor-element elementor-element-29fb8578 elementor-section-height-min-height elementor-section-stretched elementor-section-full_width elementor-section-items-stretch elementor-section-height-default elementor-section-column-vertical-align-stretch\" data-id=\"29fb8578\" data-element_type=\"section\" data-e-type=\"section\" data-settings=\"{&quot;stretch_section&quot;:&quot;section-stretched&quot;}\">\n\t\t\t\t\t\t<div class=\"elementor-container elementor-column-gap-no\">\n\t\t\t\t\t<div class=\"elementor-column elementor-col-50 elementor-top-column elementor-element elementor-element-40ac270b\" data-id=\"40ac270b\" data-element_type=\"column\" data-e-type=\"column\">\n\t\t\t<div class=\"elementor-widget-wrap elementor-element-populated\">\n\t\t\t\t\t\t<div class=\"elementor-element elementor-element-20872773 elementor-widget__width-initial elementor-widget-mobile__width-inherit elementor-invisible nuss-elementor-loading nuss-slide-in-right elementor-widget elementor-widget-image\" data-id=\"20872773\" data-element_type=\"widget\" data-e-type=\"widget\" data-settings=\"{&quot;_animation&quot;:&quot;nussSlideInRight&quot;}\" data-widget_type=\"image.default\">\n\t\t\t\t<div class=\"elementor-widget-container\">\n\t\t\t\t\t\t\t\t\t\t\t\t\t\t\t<img decoding=\"async\" width=\"1200\" height=\"828\" src=\"https:\/\/primehotelbeijing.com\/wp-content\/uploads\/2025\/07\/prime-hotel-beijing-22.jpg\" class=\"attachment-full size-full wp-image-5545\" alt=\"\" srcset=\"https:\/\/primehotelbeijing.com\/wp-content\/uploads\/2025\/07\/prime-hotel-beijing-22.jpg 1200w, https:\/\/primehotelbeijing.com\/wp-content\/uploads\/2025\/07\/prime-hotel-beijing-22-300x207.jpg 300w, https:\/\/primehotelbeijing.com\/wp-content\/uploads\/2025\/07\/prime-hotel-beijing-22-1024x707.jpg 1024w, https:\/\/primehotelbeijing.com\/wp-content\/uploads\/2025\/07\/prime-hotel-beijing-22-768x530.jpg 768w\" sizes=\"(max-width: 1200px) 100vw, 1200px\" \/>\t\t\t\t\t\t\t\t\t\t\t\t\t\t\t<\/div>\n\t\t\t\t<\/div>\n\t\t\t\t\t<\/div>\n\t\t<\/div>\n\t\t\t\t<div class=\"elementor-column elementor-col-50 elementor-top-column elementor-element elementor-element-2dac103\" data-id=\"2dac103\" data-element_type=\"column\" data-e-type=\"column\">\n\t\t\t<div class=\"elementor-widget-wrap elementor-element-populated\">\n\t\t\t\t\t\t<div class=\"elementor-element elementor-element-6f1b8966 elementor-invisible elementor-widget elementor-widget-text-editor\" data-id=\"6f1b8966\" data-element_type=\"widget\" data-e-type=\"widget\" data-settings=\"{&quot;_animation&quot;:&quot;nussFadeInUp&quot;}\" data-widget_type=\"text-editor.default\">\n\t\t\t\t<div class=\"elementor-widget-container\">\n\t\t\t\t\t\t\t\t\t<p data-spm-anchor-id=\"a2ty_o01.29997173.0.i11.509dc9211SMQUl\">L&#039;avenue Wangfujing est bien plus qu&#039;une rue commer\u00e7ante anim\u00e9e\u00a0; c&#039;est le c\u0153ur m\u00eame du P\u00e9kin d&#039;antan et du P\u00e9kin moderne. Depuis son emplacement privil\u00e9gi\u00e9, les visiteurs peuvent facilement acc\u00e9der \u00e0 des attractions de renomm\u00e9e mondiale, comme le majestueux <strong>Cit\u00e9 interdite <\/strong>, l&#039;historique <strong>Place Tiananmen <\/strong>, le tranquille <strong>Parc Jingshan <\/strong>, et le vivant <strong>Rue des snacks de Wangfujing <\/strong>. Avec <strong>Ligne 1 du m\u00e9tro de P\u00e9kin <\/strong> \u00e0 quelques pas seulement, se d\u00e9placer dans la ville n&#039;a jamais \u00e9t\u00e9 aussi simple.<\/p><p data-spm-anchor-id=\"a2ty_o01.29997173.0.i12.509dc9211SMQUl\">\u00c0 <strong>H\u00f4tel Empark Prime \u00e0 P\u00e9kin <\/strong>Nous sommes convaincus que le v\u00e9ritable luxe ne r\u00e9side pas seulement dans l&#039;esth\u00e9tique, mais aussi dans un design soign\u00e9 et un service impeccable. Notre h\u00f4tel allie harmonieusement sophistication moderne et \u00e9l\u00e9gance traditionnelle chinoise, offrant une escapade chaleureuse au c\u0153ur de l&#039;\u00e9nergie de la m\u00e9tropole. D\u00e8s votre arriv\u00e9e dans notre hall majestueux et intime, vous serez accueilli par des sourires chaleureux, une d\u00e9coration \u00e9l\u00e9gante et une atmosph\u00e8re con\u00e7ue pour apaiser les sens et \u00e9lever l&#039;esprit.<\/p>\t\t\t\t\t\t\t\t<\/div>\n\t\t\t\t<\/div>\n\t\t\t\t\t<\/div>\n\t\t<\/div>\n\t\t\t\t\t<\/div>\n\t\t<\/section>\n\t\t\t\t<section class=\"elementor-section elementor-top-section elementor-element elementor-element-3556afa elementor-section-height-min-height elementor-section-stretched elementor-section-full_width elementor-section-items-stretch elementor-section-height-default elementor-section-column-vertical-align-stretch\" data-id=\"3556afa\" data-element_type=\"section\" data-e-type=\"section\" data-settings=\"{&quot;stretch_section&quot;:&quot;section-stretched&quot;}\">\n\t\t\t\t\t\t<div class=\"elementor-container elementor-column-gap-no\">\n\t\t\t\t\t<div class=\"elementor-column elementor-col-50 elementor-top-column elementor-element elementor-element-8486303\" data-id=\"8486303\" data-element_type=\"column\" data-e-type=\"column\">\n\t\t\t<div class=\"elementor-widget-wrap elementor-element-populated\">\n\t\t\t\t\t\t<div class=\"elementor-element elementor-element-3fa1265 elementor-invisible elementor-widget elementor-widget-text-editor\" data-id=\"3fa1265\" data-element_type=\"widget\" data-e-type=\"widget\" data-settings=\"{&quot;_animation&quot;:&quot;nussFadeInUp&quot;}\" data-widget_type=\"text-editor.default\">\n\t\t\t\t<div class=\"elementor-widget-container\">\n\t\t\t\t\t\t\t\t\t<p data-spm-anchor-id=\"a2ty_o01.29997173.0.i13.509dc9211SMQUl\">Chacune de nos chambres et suites, soigneusement am\u00e9nag\u00e9es, est con\u00e7ue pour allier confort et fonctionnalit\u00e9. Elles sont dot\u00e9es d&#039;une literie moelleuse, d&#039;espaces de travail ergonomiques, du Wi-Fi haut d\u00e9bit gratuit et de baies vitr\u00e9es offrant une vue imprenable sur les toits de la ville ou le charme paisible des avenues bord\u00e9es d&#039;arbres de P\u00e9kin. Que vous y s\u00e9journiez pour une seule nuit ou pour un s\u00e9jour prolong\u00e9, chaque d\u00e9tail est pens\u00e9 pour votre plus grand confort.<\/p><div class=\"my-2\">\u00a0<\/div><p>D\u00eener \u00e0 l&#039;Empark Prime Hotel est une exp\u00e9rience en soi. Notre restaurant sur place propose une d\u00e9licieuse s\u00e9lection de plats. <strong>cuisine chinoise authentique <\/strong> et <strong>favoris internationaux <\/strong>, tous pr\u00e9par\u00e9s avec des ingr\u00e9dients frais et locaux. Du copieux petit-d\u00e9jeuner buffet au d\u00eener romantique sous une douce lumi\u00e8re ambiante, chaque repas est l&#039;occasion de savourer des saveurs qui racontent des histoires de tradition et d&#039;innovation.<\/p>\t\t\t\t\t\t\t\t<\/div>\n\t\t\t\t<\/div>\n\t\t\t\t\t<\/div>\n\t\t<\/div>\n\t\t\t\t<div class=\"elementor-column elementor-col-50 elementor-top-column elementor-element elementor-element-bfdc1ed\" data-id=\"bfdc1ed\" data-element_type=\"column\" data-e-type=\"column\">\n\t\t\t<div class=\"elementor-widget-wrap elementor-element-populated\">\n\t\t\t\t\t\t<div class=\"elementor-element elementor-element-3099bfd elementor-widget__width-initial elementor-widget-mobile__width-inherit elementor-invisible nuss-elementor-loading nuss-slide-in-right elementor-widget elementor-widget-image\" data-id=\"3099bfd\" data-element_type=\"widget\" data-e-type=\"widget\" data-settings=\"{&quot;_animation&quot;:&quot;nussSlideInRight&quot;}\" data-widget_type=\"image.default\">\n\t\t\t\t<div class=\"elementor-widget-container\">\n\t\t\t\t\t\t\t\t\t\t\t\t\t\t\t<img decoding=\"async\" width=\"1102\" height=\"853\" src=\"https:\/\/primehotelbeijing.com\/wp-content\/uploads\/2025\/07\/prime-hotel-beijing-01.webp\" class=\"attachment-full size-full wp-image-5602\" alt=\"\" srcset=\"https:\/\/primehotelbeijing.com\/wp-content\/uploads\/2025\/07\/prime-hotel-beijing-01.webp 1102w, https:\/\/primehotelbeijing.com\/wp-content\/uploads\/2025\/07\/prime-hotel-beijing-01-300x232.webp 300w, https:\/\/primehotelbeijing.com\/wp-content\/uploads\/2025\/07\/prime-hotel-beijing-01-1024x793.webp 1024w, https:\/\/primehotelbeijing.com\/wp-content\/uploads\/2025\/07\/prime-hotel-beijing-01-768x594.webp 768w\" sizes=\"(max-width: 1102px) 100vw, 1102px\" \/>\t\t\t\t\t\t\t\t\t\t\t\t\t\t\t<\/div>\n\t\t\t\t<\/div>\n\t\t\t\t\t<\/div>\n\t\t<\/div>\n\t\t\t\t\t<\/div>\n\t\t<\/section>\n\t\t\t\t<section class=\"elementor-section elementor-top-section elementor-element elementor-element-3c13102 elementor-section-height-min-height elementor-section-stretched elementor-section-full_width elementor-section-items-stretch elementor-section-height-default elementor-section-column-vertical-align-stretch\" data-id=\"3c13102\" data-element_type=\"section\" data-e-type=\"section\" data-settings=\"{&quot;stretch_section&quot;:&quot;section-stretched&quot;}\">\n\t\t\t\t\t\t<div class=\"elementor-container elementor-column-gap-no\">\n\t\t\t\t\t<div class=\"elementor-column elementor-col-50 elementor-top-column elementor-element elementor-element-f836f68\" data-id=\"f836f68\" data-element_type=\"column\" data-e-type=\"column\">\n\t\t\t<div class=\"elementor-widget-wrap elementor-element-populated\">\n\t\t\t\t\t\t<div class=\"elementor-element elementor-element-d752e05 elementor-widget__width-initial elementor-widget-mobile__width-inherit elementor-invisible nuss-elementor-loading nuss-slide-in-right elementor-widget elementor-widget-image\" data-id=\"d752e05\" data-element_type=\"widget\" data-e-type=\"widget\" data-settings=\"{&quot;_animation&quot;:&quot;nussSlideInRight&quot;}\" data-widget_type=\"image.default\">\n\t\t\t\t<div class=\"elementor-widget-container\">\n\t\t\t\t\t\t\t\t\t\t\t\t\t\t\t<img loading=\"lazy\" decoding=\"async\" width=\"1210\" height=\"853\" src=\"https:\/\/primehotelbeijing.com\/wp-content\/uploads\/2025\/07\/meeting-room.webp\" class=\"attachment-full size-full wp-image-5593\" alt=\"\" srcset=\"https:\/\/primehotelbeijing.com\/wp-content\/uploads\/2025\/07\/meeting-room.webp 1210w, https:\/\/primehotelbeijing.com\/wp-content\/uploads\/2025\/07\/meeting-room-300x211.webp 300w, https:\/\/primehotelbeijing.com\/wp-content\/uploads\/2025\/07\/meeting-room-1024x722.webp 1024w, https:\/\/primehotelbeijing.com\/wp-content\/uploads\/2025\/07\/meeting-room-768x541.webp 768w\" sizes=\"(max-width: 1210px) 100vw, 1210px\" \/>\t\t\t\t\t\t\t\t\t\t\t\t\t\t\t<\/div>\n\t\t\t\t<\/div>\n\t\t\t\t\t<\/div>\n\t\t<\/div>\n\t\t\t\t<div class=\"elementor-column elementor-col-50 elementor-top-column elementor-element elementor-element-2eab53a\" data-id=\"2eab53a\" data-element_type=\"column\" data-e-type=\"column\">\n\t\t\t<div class=\"elementor-widget-wrap elementor-element-populated\">\n\t\t\t\t\t\t<div class=\"elementor-element elementor-element-a7ee775 elementor-invisible elementor-widget elementor-widget-text-editor\" data-id=\"a7ee775\" data-element_type=\"widget\" data-e-type=\"widget\" data-settings=\"{&quot;_animation&quot;:&quot;nussFadeInUp&quot;}\" data-widget_type=\"text-editor.default\">\n\t\t\t\t<div class=\"elementor-widget-container\">\n\t\t\t\t\t\t\t\t\t<div class=\"svelte-1c06zsf\" data-spm-anchor-id=\"a2ty_o01.29997173.0.i10.509dc9211SMQUl\"><p data-spm-anchor-id=\"a2ty_o01.29997173.0.i15.509dc9211SMQUl\">Pour les voyageurs d&#039;affaires, nos chambres enti\u00e8rement \u00e9quip\u00e9es <strong>salles de r\u00e9union et de conf\u00e9rence <\/strong> Nous offrons un environnement professionnel adapt\u00e9 \u00e0 l&#039;organisation d&#039;\u00e9v\u00e9nements, des petites r\u00e9unions de conseil aux grands rassemblements d&#039;entreprise. Gr\u00e2ce \u00e0 des organisateurs d&#039;\u00e9v\u00e9nements experts, \u00e0 une technologie de pointe et \u00e0 un personnel multilingue, l&#039;Empark Prime Hotel garantit le d\u00e9roulement irr\u00e9prochable de chaque \u00e9v\u00e9nement.<\/p><p data-spm-anchor-id=\"a2ty_o01.29997173.0.i14.509dc9211SMQUl\">Au-del\u00e0 des prestations, ce qui d\u00e9finit v\u00e9ritablement l&#039;Empark Prime Hotel Beijing, c&#039;est notre engagement ind\u00e9fectible envers une hospitalit\u00e9 ancr\u00e9e dans l&#039;authenticit\u00e9. Notre \u00e9quipe s&#039;engage \u00e0 faire en sorte que chaque client profite d&#039;un s\u00e9jour personnalis\u00e9 et m\u00e9morable, que ce soit gr\u00e2ce \u00e0 des recommandations de visites locales, un service de conciergerie 24h\/24 ou la simple chaleur d&#039;un accueil authentique.<\/p><p>En tant que fier membre de la <strong>H\u00f4tels et complexes Empark <\/strong> Famille r\u00e9put\u00e9e pour son excellence en Asie, l&#039;Empark Prime Hotel Beijing perp\u00e9tue sa tradition d&#039;h\u00e9bergement exceptionnel et de service incomparable. Nous ne sommes pas seulement un lieu de s\u00e9jour\u00a0: nous sommes votre deuxi\u00e8me chez-vous dans la capitale chinoise, dynamique et culturellement riche.<\/p><p>Venez d\u00e9couvrir un lieu o\u00f9 l&#039;h\u00e9ritage rencontre la modernit\u00e9, o\u00f9 le confort s&#039;allie \u00e0 la commodit\u00e9, et o\u00f9 chaque client est trait\u00e9 comme un membre de la famille. Bienvenue chez <strong>H\u00f4tel Empark Prime \u00e0 P\u00e9kin <\/strong> \u2014 votre destination de choix au c\u0153ur de <strong>Wangfujing <\/strong>, o\u00f9 commencent des voyages inoubliables.<\/p><\/div>\t\t\t\t\t\t\t\t<\/div>\n\t\t\t\t<\/div>\n\t\t\t\t\t<\/div>\n\t\t<\/div>\n\t\t\t\t\t<\/div>\n\t\t<\/section>\n\t\t\t\t<\/div>","protected":false},"excerpt":{"rendered":"<p>Discover Timeless Elegance and Modern Comfort at Empark Prime Hotel Beijing \u2013 Your Gateway to the Heart of China\u2019s Capital Rooms 0 Renovated 0 Opened 0 Nestled in the vibrant heart of Beijing\u2019s Dongcheng District , just steps from the city\u2019s most iconic landmarks, Empark Prime Hotel Beijing stands as a beacon of refined hospitality [&hellip;]<\/p>\n","protected":false},"author":1,"featured_media":0,"parent":0,"menu_order":0,"comment_status":"closed","ping_status":"closed","template":"","meta":{"footnotes":""},"class_list":["post-5266","page","type-page","status-publish","hentry","post-no-thumbnail"],"_links":{"self":[{"href":"https:\/\/primehotelbeijing.com\/fr\/wp-json\/wp\/v2\/pages\/5266","targetHints":{"allow":["GET"]}}],"collection":[{"href":"https:\/\/primehotelbeijing.com\/fr\/wp-json\/wp\/v2\/pages"}],"about":[{"href":"https:\/\/primehotelbeijing.com\/fr\/wp-json\/wp\/v2\/types\/page"}],"author":[{"embeddable":true,"href":"https:\/\/primehotelbeijing.com\/fr\/wp-json\/wp\/v2\/users\/1"}],"replies":[{"embeddable":true,"href":"https:\/\/primehotelbeijing.com\/fr\/wp-json\/wp\/v2\/comments?post=5266"}],"version-history":[{"count":0,"href":"https:\/\/primehotelbeijing.com\/fr\/wp-json\/wp\/v2\/pages\/5266\/revisions"}],"wp:attachment":[{"href":"https:\/\/primehotelbeijing.com\/fr\/wp-json\/wp\/v2\/media?parent=5266"}],"curies":[{"name":"wp","href":"https:\/\/api.w.org\/{rel}","templated":true}]}}