{"id":647,"date":"2021-03-29T02:13:52","date_gmt":"2021-03-29T02:13:52","guid":{"rendered":"http:\/\/localhost\/nuss\/?page_id=647"},"modified":"2025-12-04T11:14:06","modified_gmt":"2025-12-04T11:14:06","slug":"services","status":"publish","type":"page","link":"https:\/\/primehotelbeijing.com\/fr\/services\/","title":{"rendered":"Services"},"content":{"rendered":"<div data-elementor-type=\"wp-page\" data-elementor-id=\"647\" class=\"elementor elementor-647\">\n\t\t\t\t\t\t<section class=\"elementor-section elementor-top-section elementor-element elementor-element-3353bc8 elementor-section-boxed elementor-section-gap-beside-yes elementor-section-height-default elementor-section-height-default elementor-section-column-vertical-align-stretch\" data-id=\"3353bc8\" data-element_type=\"section\" data-e-type=\"section\">\n\t\t\t\t\t\t<div class=\"elementor-container elementor-column-gap-extended\">\n\t\t\t\t\t<div class=\"elementor-column elementor-col-100 elementor-top-column elementor-element elementor-element-0a2bc64\" data-id=\"0a2bc64\" data-element_type=\"column\" data-e-type=\"column\">\n\t\t\t<div class=\"elementor-widget-wrap elementor-element-populated\">\n\t\t\t\t\t\t<div class=\"elementor-element elementor-element-447e3ef elementor-widget__width-initial elementor-invisible elementor-widget elementor-widget-text-editor\" data-id=\"447e3ef\" data-element_type=\"widget\" data-e-type=\"widget\" data-settings=\"{&quot;_animation&quot;:&quot;nussFadeInUp&quot;}\" data-widget_type=\"text-editor.default\">\n\t\t\t\t<div class=\"elementor-widget-container\">\n\t\t\t\t\t\t\t\t\t<p>Nous faisons de notre mieux pour offrir \u00e0 tous nos clients les services et installations n\u00e9cessaires pour rendre leur s\u00e9jour m\u00e9morable.<\/p>\t\t\t\t\t\t\t\t<\/div>\n\t\t\t\t<\/div>\n\t\t\t\t\t<\/div>\n\t\t<\/div>\n\t\t\t\t\t<\/div>\n\t\t<\/section>\n\t\t\t\t<section class=\"elementor-section elementor-top-section elementor-element elementor-element-eb870d9 elementor-section-boxed elementor-section-gap-beside-yes elementor-section-height-default elementor-section-height-default elementor-section-column-vertical-align-stretch\" data-id=\"eb870d9\" data-element_type=\"section\" data-e-type=\"section\">\n\t\t\t\t\t\t<div class=\"elementor-container elementor-column-gap-extended\">\n\t\t\t\t\t<div class=\"elementor-column elementor-col-50 elementor-top-column elementor-element elementor-element-2f5d206\" data-id=\"2f5d206\" data-element_type=\"column\" data-e-type=\"column\">\n\t\t\t<div class=\"elementor-widget-wrap elementor-element-populated\">\n\t\t\t\t\t\t<div class=\"elementor-element elementor-element-a0de317 elementor-invisible nuss-elementor-loading nuss-slide-in-right elementor-widget elementor-widget-image\" data-id=\"a0de317\" data-element_type=\"widget\" data-e-type=\"widget\" data-settings=\"{&quot;_animation&quot;:&quot;nussSlideInRight&quot;}\" data-widget_type=\"image.default\">\n\t\t\t\t<div class=\"elementor-widget-container\">\n\t\t\t\t\t\t\t\t\t\t\t\t\t\t\t<img fetchpriority=\"high\" decoding=\"async\" width=\"1200\" height=\"800\" src=\"https:\/\/primehotelbeijing.com\/wp-content\/uploads\/2025\/07\/prime-hotel-beijing-29.jpg\" class=\"attachment-full size-full wp-image-5552\" alt=\"\" srcset=\"https:\/\/primehotelbeijing.com\/wp-content\/uploads\/2025\/07\/prime-hotel-beijing-29.jpg 1200w, https:\/\/primehotelbeijing.com\/wp-content\/uploads\/2025\/07\/prime-hotel-beijing-29-300x200.jpg 300w, https:\/\/primehotelbeijing.com\/wp-content\/uploads\/2025\/07\/prime-hotel-beijing-29-1024x683.jpg 1024w, https:\/\/primehotelbeijing.com\/wp-content\/uploads\/2025\/07\/prime-hotel-beijing-29-768x512.jpg 768w\" sizes=\"(max-width: 1200px) 100vw, 1200px\" \/>\t\t\t\t\t\t\t\t\t\t\t\t\t\t\t<\/div>\n\t\t\t\t<\/div>\n\t\t\t\t\t<\/div>\n\t\t<\/div>\n\t\t\t\t<div class=\"elementor-column elementor-col-50 elementor-top-column elementor-element elementor-element-36be69e\" data-id=\"36be69e\" data-element_type=\"column\" data-e-type=\"column\">\n\t\t\t<div class=\"elementor-widget-wrap elementor-element-populated\">\n\t\t\t\t\t\t<div class=\"elementor-element elementor-element-a5c4fb7 elementor-invisible elementor-widget elementor-widget-text-editor\" data-id=\"a5c4fb7\" data-element_type=\"widget\" data-e-type=\"widget\" data-settings=\"{&quot;_animation&quot;:&quot;nussFadeInUp&quot;}\" data-widget_type=\"text-editor.default\">\n\t\t\t\t<div class=\"elementor-widget-container\">\n\t\t\t\t\t\t\t\t\t<p>Bienvenue \u00e0 l&#039;Empark Prime Hotel Beijing, situ\u00e9 au 2 Wangfujing Ave, Dongcheng, P\u00e9kin, Chine 100006. Un service exceptionnel n&#039;est pas une simple promesse, mais la pierre angulaire de notre engagement \u00e0 cr\u00e9er des exp\u00e9riences inoubliables pour chaque client. Strat\u00e9giquement situ\u00e9 au c\u0153ur de P\u00e9kin, \u00e0 proximit\u00e9 de l&#039;embl\u00e9matique rue Wangfujing et \u00e0 deux pas de sites historiques comme la Cit\u00e9 interdite et la place Tian&#039;anmen, notre h\u00f4tel est con\u00e7u pour r\u00e9pondre aux besoins vari\u00e9s des voyageurs d&#039;agr\u00e9ment, des professionnels et des familles. Notre vaste gamme de services refl\u00e8te notre compr\u00e9hension approfondie des attentes des voyageurs modernes\u00a0: confort, commodit\u00e9 et attention personnalis\u00e9e, pour un s\u00e9jour inoubliable.<\/p>\t\t\t\t\t\t\t\t<\/div>\n\t\t\t\t<\/div>\n\t\t\t\t\t<\/div>\n\t\t<\/div>\n\t\t\t\t\t<\/div>\n\t\t<\/section>\n\t\t\t\t<section class=\"elementor-section elementor-top-section elementor-element elementor-element-30e46d3 elementor-section-boxed elementor-section-gap-beside-yes elementor-section-height-default elementor-section-height-default elementor-section-column-vertical-align-stretch\" data-id=\"30e46d3\" data-element_type=\"section\" data-e-type=\"section\">\n\t\t\t\t\t\t<div class=\"elementor-container elementor-column-gap-extended\">\n\t\t\t\t\t<div class=\"elementor-column elementor-col-50 elementor-top-column elementor-element elementor-element-5100fae\" data-id=\"5100fae\" data-element_type=\"column\" data-e-type=\"column\">\n\t\t\t<div class=\"elementor-widget-wrap elementor-element-populated\">\n\t\t\t\t\t\t<div class=\"elementor-element elementor-element-5b35b86 elementor-invisible elementor-widget elementor-widget-text-editor\" data-id=\"5b35b86\" data-element_type=\"widget\" data-e-type=\"widget\" data-settings=\"{&quot;_animation&quot;:&quot;nussFadeInUp&quot;}\" data-widget_type=\"text-editor.default\">\n\t\t\t\t<div class=\"elementor-widget-container\">\n\t\t\t\t\t\t\t\t\t<p>\u00c0 l&#039;Empark Prime Hotel Beijing, nous sommes fiers d&#039;offrir un m\u00e9lange harmonieux d&#039;hospitalit\u00e9 chinoise traditionnelle et d&#039;efficacit\u00e9 contemporaine. D\u00e8s votre arriv\u00e9e dans notre grand hall, notre \u00e9quipe d\u00e9vou\u00e9e vous accueille avec chaleur et professionnalisme. Notre r\u00e9ception et notre conciergerie, disponibles 24h\/24, sont \u00e0 votre disposition pour vous assister dans toutes vos d\u00e9marches, de l&#039;enregistrement \u00e0 la prise en charge des bagages, en passant par l&#039;organisation de vos transports, la r\u00e9servation de visites et des recommandations d&#039;initi\u00e9s pour explorer la riche mosa\u00efque culturelle de P\u00e9kin. Que vous souhaitiez visiter la Grande Muraille, explorer les march\u00e9s anim\u00e9s de la ville ou r\u00e9server des billets pour un spectacle local, notre \u00e9quipe s&#039;engage \u00e0 rendre votre projet simple et agr\u00e9able.<\/p>\t\t\t\t\t\t\t\t<\/div>\n\t\t\t\t<\/div>\n\t\t\t\t\t<\/div>\n\t\t<\/div>\n\t\t\t\t<div class=\"elementor-column elementor-col-50 elementor-top-column elementor-element elementor-element-79980b6\" data-id=\"79980b6\" data-element_type=\"column\" data-e-type=\"column\">\n\t\t\t<div class=\"elementor-widget-wrap elementor-element-populated\">\n\t\t\t\t\t\t<div class=\"elementor-element elementor-element-59c2d22 elementor-invisible nuss-elementor-loading nuss-slide-in-left elementor-widget elementor-widget-image\" data-id=\"59c2d22\" data-element_type=\"widget\" data-e-type=\"widget\" data-settings=\"{&quot;_animation&quot;:&quot;nussSlideInLeft&quot;}\" data-widget_type=\"image.default\">\n\t\t\t\t<div class=\"elementor-widget-container\">\n\t\t\t\t\t\t\t\t\t\t\t\t\t\t\t<img decoding=\"async\" width=\"1248\" height=\"853\" src=\"https:\/\/primehotelbeijing.com\/wp-content\/uploads\/2025\/07\/Business-facilities-8.webp\" class=\"attachment-full size-full wp-image-5695\" alt=\"\" srcset=\"https:\/\/primehotelbeijing.com\/wp-content\/uploads\/2025\/07\/Business-facilities-8.webp 1248w, https:\/\/primehotelbeijing.com\/wp-content\/uploads\/2025\/07\/Business-facilities-8-300x205.webp 300w, https:\/\/primehotelbeijing.com\/wp-content\/uploads\/2025\/07\/Business-facilities-8-1024x700.webp 1024w, https:\/\/primehotelbeijing.com\/wp-content\/uploads\/2025\/07\/Business-facilities-8-768x525.webp 768w, https:\/\/primehotelbeijing.com\/wp-content\/uploads\/2025\/07\/Business-facilities-8-18x12.webp 18w\" sizes=\"(max-width: 1248px) 100vw, 1248px\" \/>\t\t\t\t\t\t\t\t\t\t\t\t\t\t\t<\/div>\n\t\t\t\t<\/div>\n\t\t\t\t\t<\/div>\n\t\t<\/div>\n\t\t\t\t\t<\/div>\n\t\t<\/section>\n\t\t\t\t<section class=\"elementor-section elementor-top-section elementor-element elementor-element-57e1072 elementor-section-boxed elementor-section-gap-beside-yes elementor-section-height-default elementor-section-height-default elementor-section-column-vertical-align-stretch\" data-id=\"57e1072\" data-element_type=\"section\" data-e-type=\"section\">\n\t\t\t\t\t\t<div class=\"elementor-container elementor-column-gap-extended\">\n\t\t\t\t\t<div class=\"elementor-column elementor-col-50 elementor-top-column elementor-element elementor-element-ae65b33\" data-id=\"ae65b33\" data-element_type=\"column\" data-e-type=\"column\">\n\t\t\t<div class=\"elementor-widget-wrap elementor-element-populated\">\n\t\t\t\t\t\t<div class=\"elementor-element elementor-element-3a0dcad elementor-invisible nuss-elementor-loading nuss-slide-in-right elementor-widget elementor-widget-image\" data-id=\"3a0dcad\" data-element_type=\"widget\" data-e-type=\"widget\" data-settings=\"{&quot;_animation&quot;:&quot;nussSlideInRight&quot;}\" data-widget_type=\"image.default\">\n\t\t\t\t<div class=\"elementor-widget-container\">\n\t\t\t\t\t\t\t\t\t\t\t\t\t\t\t<img decoding=\"async\" width=\"1280\" height=\"759\" src=\"https:\/\/primehotelbeijing.com\/wp-content\/uploads\/2025\/07\/Business-facilities-16.webp\" class=\"attachment-full size-full wp-image-5703\" alt=\"\" srcset=\"https:\/\/primehotelbeijing.com\/wp-content\/uploads\/2025\/07\/Business-facilities-16.webp 1280w, https:\/\/primehotelbeijing.com\/wp-content\/uploads\/2025\/07\/Business-facilities-16-300x178.webp 300w, https:\/\/primehotelbeijing.com\/wp-content\/uploads\/2025\/07\/Business-facilities-16-1024x607.webp 1024w, https:\/\/primehotelbeijing.com\/wp-content\/uploads\/2025\/07\/Business-facilities-16-768x455.webp 768w, https:\/\/primehotelbeijing.com\/wp-content\/uploads\/2025\/07\/Business-facilities-16-18x12.webp 18w\" sizes=\"(max-width: 1280px) 100vw, 1280px\" \/>\t\t\t\t\t\t\t\t\t\t\t\t\t\t\t<\/div>\n\t\t\t\t<\/div>\n\t\t\t\t\t<\/div>\n\t\t<\/div>\n\t\t\t\t<div class=\"elementor-column elementor-col-50 elementor-top-column elementor-element elementor-element-ecff995\" data-id=\"ecff995\" data-element_type=\"column\" data-e-type=\"column\">\n\t\t\t<div class=\"elementor-widget-wrap elementor-element-populated\">\n\t\t\t\t\t\t<div class=\"elementor-element elementor-element-4543a9b elementor-invisible elementor-widget elementor-widget-text-editor\" data-id=\"4543a9b\" data-element_type=\"widget\" data-e-type=\"widget\" data-settings=\"{&quot;_animation&quot;:&quot;nussFadeInUp&quot;}\" data-widget_type=\"text-editor.default\">\n\t\t\t\t<div class=\"elementor-widget-container\">\n\t\t\t\t\t\t\t\t\t<p>Pour les voyageurs d&#039;affaires, l&#039;Empark Prime Hotel Beijing propose une gamme de services sur mesure pour garantir productivit\u00e9 et r\u00e9ussite. Notre centre d&#039;affaires ultramoderne est \u00e9quip\u00e9 d&#039;une connexion Internet haut d\u00e9bit, d&#039;imprimantes et de scanners, tandis que nos espaces de r\u00e9union et d&#039;\u00e9v\u00e9nements polyvalents sont parfaits pour les conf\u00e9rences, s\u00e9minaires et r\u00e9unions d&#039;entreprise. Gr\u00e2ce \u00e0 une technologie audiovisuelle de pointe, des configurations personnalisables et des coordinateurs d&#039;\u00e9v\u00e9nements d\u00e9di\u00e9s, nous transformons chaque \u00e9v\u00e9nement professionnel en un succ\u00e8s professionnel. De plus, notre acc\u00e8s Wi-Fi haut d\u00e9bit dans tout l&#039;h\u00f4tel vous permet de rester connect\u00e9, que vous travailliez confortablement dans votre chambre ou que vous r\u00e9seautiez autour d&#039;un caf\u00e9 dans l&#039;un de nos \u00e9l\u00e9gants salons.<\/p>\t\t\t\t\t\t\t\t<\/div>\n\t\t\t\t<\/div>\n\t\t\t\t\t<\/div>\n\t\t<\/div>\n\t\t\t\t\t<\/div>\n\t\t<\/section>\n\t\t\t\t<section class=\"elementor-section elementor-top-section elementor-element elementor-element-515005f elementor-section-boxed elementor-section-gap-beside-yes elementor-section-height-default elementor-section-height-default elementor-section-column-vertical-align-stretch\" data-id=\"515005f\" data-element_type=\"section\" data-e-type=\"section\">\n\t\t\t\t\t\t<div class=\"elementor-container elementor-column-gap-extended\">\n\t\t\t\t\t<div class=\"elementor-column elementor-col-50 elementor-top-column elementor-element elementor-element-b8bc943\" data-id=\"b8bc943\" data-element_type=\"column\" data-e-type=\"column\">\n\t\t\t<div class=\"elementor-widget-wrap elementor-element-populated\">\n\t\t\t\t\t\t<div class=\"elementor-element elementor-element-0415e9c elementor-invisible elementor-widget elementor-widget-text-editor\" data-id=\"0415e9c\" data-element_type=\"widget\" data-e-type=\"widget\" data-settings=\"{&quot;_animation&quot;:&quot;nussFadeInUp&quot;}\" data-widget_type=\"text-editor.default\">\n\t\t\t\t<div class=\"elementor-widget-container\">\n\t\t\t\t\t\t\t\t\t<p>Notre engagement envers le confort de nos clients se traduit par une gamme d&#039;\u00e9quipements haut de gamme con\u00e7us pour sublimer votre s\u00e9jour. Apr\u00e8s une journ\u00e9e d&#039;exploration, d\u00e9tendez-vous dans notre salle de sport enti\u00e8rement \u00e9quip\u00e9e, dot\u00e9e d&#039;\u00e9quipements modernes adapt\u00e9s \u00e0 tous les niveaux. Pour ceux qui recherchent la d\u00e9tente, notre spa sur place offre un v\u00e9ritable havre de paix avec une gamme de soins inspir\u00e9s des pratiques de bien-\u00eatre traditionnelles chinoises, pour un retour revigorant et revitalis\u00e9. Vous pourrez \u00e9galement profiter de nos services de blanchisserie et de nettoyage \u00e0 sec, ainsi que d&#039;un parking s\u00e9curis\u00e9 pour les automobilistes.<\/p>\t\t\t\t\t\t\t\t<\/div>\n\t\t\t\t<\/div>\n\t\t\t\t\t<\/div>\n\t\t<\/div>\n\t\t\t\t<div class=\"elementor-column elementor-col-50 elementor-top-column elementor-element elementor-element-74f1a85\" data-id=\"74f1a85\" data-element_type=\"column\" data-e-type=\"column\">\n\t\t\t<div class=\"elementor-widget-wrap elementor-element-populated\">\n\t\t\t\t\t\t<div class=\"elementor-element elementor-element-d007f5e elementor-invisible nuss-elementor-loading nuss-slide-in-left elementor-widget elementor-widget-image\" data-id=\"d007f5e\" data-element_type=\"widget\" data-e-type=\"widget\" data-settings=\"{&quot;_animation&quot;:&quot;nussSlideInLeft&quot;}\" data-widget_type=\"image.default\">\n\t\t\t\t<div class=\"elementor-widget-container\">\n\t\t\t\t\t\t\t\t\t\t\t\t\t\t\t<img loading=\"lazy\" decoding=\"async\" width=\"1280\" height=\"768\" src=\"https:\/\/primehotelbeijing.com\/wp-content\/uploads\/2025\/07\/fitness.webp\" class=\"attachment-full size-full wp-image-5787\" alt=\"\" srcset=\"https:\/\/primehotelbeijing.com\/wp-content\/uploads\/2025\/07\/fitness.webp 1280w, https:\/\/primehotelbeijing.com\/wp-content\/uploads\/2025\/07\/fitness-300x180.webp 300w, https:\/\/primehotelbeijing.com\/wp-content\/uploads\/2025\/07\/fitness-1024x614.webp 1024w, https:\/\/primehotelbeijing.com\/wp-content\/uploads\/2025\/07\/fitness-768x461.webp 768w, https:\/\/primehotelbeijing.com\/wp-content\/uploads\/2025\/07\/fitness-18x12.webp 18w\" sizes=\"(max-width: 1280px) 100vw, 1280px\" \/>\t\t\t\t\t\t\t\t\t\t\t\t\t\t\t<\/div>\n\t\t\t\t<\/div>\n\t\t\t\t\t<\/div>\n\t\t<\/div>\n\t\t\t\t\t<\/div>\n\t\t<\/section>\n\t\t\t\t<section class=\"elementor-section elementor-top-section elementor-element elementor-element-297a5f2 elementor-section-boxed elementor-section-gap-beside-yes elementor-section-height-default elementor-section-height-default elementor-section-column-vertical-align-stretch\" data-id=\"297a5f2\" data-element_type=\"section\" data-e-type=\"section\">\n\t\t\t\t\t\t<div class=\"elementor-container elementor-column-gap-extended\">\n\t\t\t\t\t<div class=\"elementor-column elementor-col-50 elementor-top-column elementor-element elementor-element-7d3fdb9\" data-id=\"7d3fdb9\" data-element_type=\"column\" data-e-type=\"column\">\n\t\t\t<div class=\"elementor-widget-wrap elementor-element-populated\">\n\t\t\t\t\t\t<div class=\"elementor-element elementor-element-bd6497f elementor-invisible nuss-elementor-loading nuss-slide-in-right elementor-widget elementor-widget-image\" data-id=\"bd6497f\" data-element_type=\"widget\" data-e-type=\"widget\" data-settings=\"{&quot;_animation&quot;:&quot;nussSlideInRight&quot;}\" data-widget_type=\"image.default\">\n\t\t\t\t<div class=\"elementor-widget-container\">\n\t\t\t\t\t\t\t\t\t\t\t\t\t\t\t<img loading=\"lazy\" decoding=\"async\" width=\"568\" height=\"853\" src=\"https:\/\/primehotelbeijing.com\/wp-content\/uploads\/2025\/07\/dining-at-empark-prime-hotel-beijing-9.webp\" class=\"attachment-full size-full wp-image-5762\" alt=\"\" srcset=\"https:\/\/primehotelbeijing.com\/wp-content\/uploads\/2025\/07\/dining-at-empark-prime-hotel-beijing-9.webp 568w, https:\/\/primehotelbeijing.com\/wp-content\/uploads\/2025\/07\/dining-at-empark-prime-hotel-beijing-9-200x300.webp 200w, https:\/\/primehotelbeijing.com\/wp-content\/uploads\/2025\/07\/dining-at-empark-prime-hotel-beijing-9-8x12.webp 8w\" sizes=\"(max-width: 568px) 100vw, 568px\" \/>\t\t\t\t\t\t\t\t\t\t\t\t\t\t\t<\/div>\n\t\t\t\t<\/div>\n\t\t\t\t\t<\/div>\n\t\t<\/div>\n\t\t\t\t<div class=\"elementor-column elementor-col-50 elementor-top-column elementor-element elementor-element-f5e3a64\" data-id=\"f5e3a64\" data-element_type=\"column\" data-e-type=\"column\">\n\t\t\t<div class=\"elementor-widget-wrap elementor-element-populated\">\n\t\t\t\t\t\t<div class=\"elementor-element elementor-element-0187d87 elementor-invisible elementor-widget elementor-widget-text-editor\" data-id=\"0187d87\" data-element_type=\"widget\" data-e-type=\"widget\" data-settings=\"{&quot;_animation&quot;:&quot;nussFadeInUp&quot;}\" data-widget_type=\"text-editor.default\">\n\t\t\t\t<div class=\"elementor-widget-container\">\n\t\t\t\t\t\t\t\t\t<p>D\u00eener \u00e0 l&#039;Empark Prime Hotel Beijing est une exp\u00e9rience en soi, et nos services garantissent une satisfaction optimale pour tous vos besoins culinaires. Notre restaurant sur place et notre service en chambre proposent un d\u00e9licieux choix de cuisine chinoise authentique et de plats internationaux, r\u00e9pondant \u00e0 tous les go\u00fbts et pr\u00e9f\u00e9rences alimentaires. Que vous commenciez la journ\u00e9e par un copieux petit-d\u00e9jeuner buffet ou que vous savouriez un en-cas tardif dans l&#039;intimit\u00e9 de votre chambre, notre \u00e9quipe culinaire s&#039;engage \u00e0 vous offrir des saveurs exquises. Vos demandes sp\u00e9ciales et vos exp\u00e9riences culinaires personnalis\u00e9es sont toujours trait\u00e9es avec soin, pour que chaque repas soit un moment fort de votre s\u00e9jour.<\/p><p>Nous comprenons \u00e9galement l&#039;importance de l&#039;accessibilit\u00e9 et de l&#039;inclusion. L&#039;Empark Prime Hotel Beijing propose des installations et des services adapt\u00e9s aux personnes \u00e0 mobilit\u00e9 r\u00e9duite, notamment des chambres et des espaces communs accessibles aux personnes en fauteuil roulant, permettant \u00e0 chacun de profiter pleinement de notre hospitalit\u00e9. Pour les familles voyageant avec des enfants, nous proposons des \u00e9quipements attentionn\u00e9s tels que des lits b\u00e9b\u00e9, des chaises hautes et un service de baby-sitting sur demande, pour des vacances en famille en toute s\u00e9r\u00e9nit\u00e9.<\/p>\t\t\t\t\t\t\t\t<\/div>\n\t\t\t\t<\/div>\n\t\t\t\t\t<\/div>\n\t\t<\/div>\n\t\t\t\t\t<\/div>\n\t\t<\/section>\n\t\t\t\t<section class=\"elementor-section elementor-top-section elementor-element elementor-element-48ca4dd elementor-section-boxed elementor-section-gap-beside-yes elementor-section-height-default elementor-section-height-default elementor-section-column-vertical-align-stretch\" data-id=\"48ca4dd\" data-element_type=\"section\" data-e-type=\"section\">\n\t\t\t\t\t\t<div class=\"elementor-container elementor-column-gap-extended\">\n\t\t\t\t\t<div class=\"elementor-column elementor-col-50 elementor-top-column elementor-element elementor-element-1b635df\" data-id=\"1b635df\" data-element_type=\"column\" data-e-type=\"column\">\n\t\t\t<div class=\"elementor-widget-wrap elementor-element-populated\">\n\t\t\t\t\t\t<div class=\"elementor-element elementor-element-20b9a16 elementor-invisible elementor-widget elementor-widget-text-editor\" data-id=\"20b9a16\" data-element_type=\"widget\" data-e-type=\"widget\" data-settings=\"{&quot;_animation&quot;:&quot;nussFadeInUp&quot;}\" data-widget_type=\"text-editor.default\">\n\t\t\t\t<div class=\"elementor-widget-container\">\n\t\t\t\t\t\t\t\t\t<p>Au c\u0153ur de nos services se trouve la passion de d\u00e9passer vos attentes. Notre personnel multilingue, parlant couramment l&#039;anglais et d&#039;autres langues, est form\u00e9 pour anticiper vos besoins et vous proposer des solutions avant m\u00eame que vous ne les sollicitiez. Du bureau de change aux coffres-forts, en passant par le d\u00e9part express et les transferts a\u00e9roport, chaque d\u00e9tail est m\u00e9ticuleusement g\u00e9r\u00e9 pour que votre s\u00e9jour parmi nous soit agr\u00e9able et inoubliable. Situ\u00e9 dans le quartier anim\u00e9 de Dongcheng, l&#039;Empark Prime Hotel Beijing n&#039;est pas seulement un lieu de s\u00e9jour\u00a0: c&#039;est une porte d&#039;entr\u00e9e vers le meilleur de P\u00e9kin, avec des services qui font de chaque instant un moment pr\u00e9cieux.<\/p>\t\t\t\t\t\t\t\t<\/div>\n\t\t\t\t<\/div>\n\t\t\t\t\t<\/div>\n\t\t<\/div>\n\t\t\t\t<div class=\"elementor-column elementor-col-50 elementor-top-column elementor-element elementor-element-7f3a551\" data-id=\"7f3a551\" data-element_type=\"column\" data-e-type=\"column\">\n\t\t\t<div class=\"elementor-widget-wrap elementor-element-populated\">\n\t\t\t\t\t\t<div class=\"elementor-element elementor-element-07208d1 elementor-invisible nuss-elementor-loading nuss-slide-in-left elementor-widget elementor-widget-image\" data-id=\"07208d1\" data-element_type=\"widget\" data-e-type=\"widget\" data-settings=\"{&quot;_animation&quot;:&quot;nussSlideInLeft&quot;}\" data-widget_type=\"image.default\">\n\t\t\t\t<div class=\"elementor-widget-container\">\n\t\t\t\t\t\t\t\t\t\t\t\t\t\t\t<img loading=\"lazy\" decoding=\"async\" width=\"1217\" height=\"853\" src=\"https:\/\/primehotelbeijing.com\/wp-content\/uploads\/2025\/07\/dining-at-empark-prime-hotel-beijing-14.webp\" class=\"attachment-full size-full wp-image-5767\" alt=\"\" srcset=\"https:\/\/primehotelbeijing.com\/wp-content\/uploads\/2025\/07\/dining-at-empark-prime-hotel-beijing-14.webp 1217w, https:\/\/primehotelbeijing.com\/wp-content\/uploads\/2025\/07\/dining-at-empark-prime-hotel-beijing-14-300x210.webp 300w, https:\/\/primehotelbeijing.com\/wp-content\/uploads\/2025\/07\/dining-at-empark-prime-hotel-beijing-14-1024x718.webp 1024w, https:\/\/primehotelbeijing.com\/wp-content\/uploads\/2025\/07\/dining-at-empark-prime-hotel-beijing-14-768x538.webp 768w, https:\/\/primehotelbeijing.com\/wp-content\/uploads\/2025\/07\/dining-at-empark-prime-hotel-beijing-14-18x12.webp 18w\" sizes=\"(max-width: 1217px) 100vw, 1217px\" \/>\t\t\t\t\t\t\t\t\t\t\t\t\t\t\t<\/div>\n\t\t\t\t<\/div>\n\t\t\t\t\t<\/div>\n\t\t<\/div>\n\t\t\t\t\t<\/div>\n\t\t<\/section>\n\t\t\t\t<\/div>","protected":false},"excerpt":{"rendered":"<p>We do our best to offer all our guests the services and facilities to make their stay a memorable one. Welcome to Empark Prime Hotel Beijing, located at 2 Wangfujing Ave, Dongcheng, Beijing, China, 100006, where exceptional service is not just a promise but the cornerstone of our commitment to creating unforgettable experiences for every [&hellip;]<\/p>\n","protected":false},"author":1,"featured_media":0,"parent":0,"menu_order":0,"comment_status":"closed","ping_status":"closed","template":"","meta":{"footnotes":""},"class_list":["post-647","page","type-page","status-publish","hentry","post-no-thumbnail"],"_links":{"self":[{"href":"https:\/\/primehotelbeijing.com\/fr\/wp-json\/wp\/v2\/pages\/647","targetHints":{"allow":["GET"]}}],"collection":[{"href":"https:\/\/primehotelbeijing.com\/fr\/wp-json\/wp\/v2\/pages"}],"about":[{"href":"https:\/\/primehotelbeijing.com\/fr\/wp-json\/wp\/v2\/types\/page"}],"author":[{"embeddable":true,"href":"https:\/\/primehotelbeijing.com\/fr\/wp-json\/wp\/v2\/users\/1"}],"replies":[{"embeddable":true,"href":"https:\/\/primehotelbeijing.com\/fr\/wp-json\/wp\/v2\/comments?post=647"}],"version-history":[{"count":0,"href":"https:\/\/primehotelbeijing.com\/fr\/wp-json\/wp\/v2\/pages\/647\/revisions"}],"wp:attachment":[{"href":"https:\/\/primehotelbeijing.com\/fr\/wp-json\/wp\/v2\/media?parent=647"}],"curies":[{"name":"wp","href":"https:\/\/api.w.org\/{rel}","templated":true}]}}