{"id":2106,"date":"2021-03-25T04:08:26","date_gmt":"2021-03-25T04:08:26","guid":{"rendered":"http:\/\/localhost\/nuss\/?page_id=298"},"modified":"2025-12-04T11:13:27","modified_gmt":"2025-12-04T11:13:27","slug":"esperienze","status":"publish","type":"page","link":"https:\/\/primehotelbeijing.com\/it\/esperienze\/","title":{"rendered":"Recensioni dell&#039;Empark Prime Hotel di Pechino"},"content":{"rendered":"<div data-elementor-type=\"wp-page\" data-elementor-id=\"2106\" class=\"elementor elementor-2106\">\n\t\t\t\t\t\t<section class=\"elementor-section elementor-top-section elementor-element elementor-element-1954ffc elementor-section-boxed elementor-section-gap-beside-yes elementor-section-height-default elementor-section-height-default elementor-section-column-vertical-align-stretch\" data-id=\"1954ffc\" data-element_type=\"section\" data-e-type=\"section\">\n\t\t\t\t\t\t<div class=\"elementor-container elementor-column-gap-extended\">\n\t\t\t\t\t<div class=\"elementor-column elementor-col-100 elementor-top-column elementor-element elementor-element-86aebc5\" data-id=\"86aebc5\" data-element_type=\"column\" data-e-type=\"column\">\n\t\t\t<div class=\"elementor-widget-wrap elementor-element-populated\">\n\t\t\t\t\t\t<div class=\"elementor-element elementor-element-11803d1 elementor-widget__width-initial elementor-invisible elementor-widget elementor-widget-text-editor\" data-id=\"11803d1\" data-element_type=\"widget\" data-e-type=\"widget\" data-settings=\"{&quot;_animation&quot;:&quot;nussFadeInUp&quot;}\" data-widget_type=\"text-editor.default\">\n\t\t\t\t<div class=\"elementor-widget-container\">\n\t\t\t\t\t\t\t\t\tEsperienze e recensioni dei clienti per l&#039;Empark Prime Hotel di Pechino\n\t\t\t\t\t\t\t\t<\/div>\n\t\t\t\t<\/div>\n\t\t\t\t\t<\/div>\n\t\t<\/div>\n\t\t\t\t\t<\/div>\n\t\t<\/section>\n\t\t\t\t<section class=\"elementor-section elementor-top-section elementor-element elementor-element-b2344ff elementor-section-gap-beside-no elementor-section-boxed elementor-section-height-default elementor-section-height-default elementor-section-column-vertical-align-stretch\" data-id=\"b2344ff\" data-element_type=\"section\" data-e-type=\"section\">\n\t\t\t\t\t\t<div class=\"elementor-container elementor-column-gap-extended\">\n\t\t\t\t\t<div class=\"elementor-column elementor-col-50 elementor-top-column elementor-element elementor-element-4698ec8\" data-id=\"4698ec8\" data-element_type=\"column\" data-e-type=\"column\">\n\t\t\t<div class=\"elementor-widget-wrap elementor-element-populated\">\n\t\t\t\t\t\t<div class=\"elementor-element elementor-element-88e5290 elementor-invisible nuss-elementor-loading nuss-slide-in-right elementor-widget elementor-widget-image\" data-id=\"88e5290\" data-element_type=\"widget\" data-e-type=\"widget\" data-settings=\"{&quot;_animation&quot;:&quot;nussSlideInRight&quot;}\" data-widget_type=\"image.default\">\n\t\t\t\t<div class=\"elementor-widget-container\">\n\t\t\t\t\t\t\t\t\t\t\t\t\t\t\t<img fetchpriority=\"high\" decoding=\"async\" width=\"1248\" height=\"853\" src=\"https:\/\/primehotelbeijing.com\/wp-content\/uploads\/2025\/07\/Business-facilities-8.webp\" class=\"attachment-full size-full wp-image-5695\" alt=\"\" srcset=\"https:\/\/primehotelbeijing.com\/wp-content\/uploads\/2025\/07\/Business-facilities-8.webp 1248w, https:\/\/primehotelbeijing.com\/wp-content\/uploads\/2025\/07\/Business-facilities-8-300x205.webp 300w, https:\/\/primehotelbeijing.com\/wp-content\/uploads\/2025\/07\/Business-facilities-8-1024x700.webp 1024w, https:\/\/primehotelbeijing.com\/wp-content\/uploads\/2025\/07\/Business-facilities-8-768x525.webp 768w, https:\/\/primehotelbeijing.com\/wp-content\/uploads\/2025\/07\/Business-facilities-8-18x12.webp 18w\" sizes=\"(max-width: 1248px) 100vw, 1248px\" \/>\t\t\t\t\t\t\t\t\t\t\t\t\t\t\t<\/div>\n\t\t\t\t<\/div>\n\t\t\t\t\t<\/div>\n\t\t<\/div>\n\t\t\t\t<div class=\"elementor-column elementor-col-50 elementor-top-column elementor-element elementor-element-4b9e677\" data-id=\"4b9e677\" data-element_type=\"column\" data-e-type=\"column\">\n\t\t\t<div class=\"elementor-widget-wrap elementor-element-populated\">\n\t\t\t\t\t\t<div class=\"elementor-element elementor-element-bc0b7e2 elementor-invisible elementor-widget elementor-widget-text-editor\" data-id=\"bc0b7e2\" data-element_type=\"widget\" data-e-type=\"widget\" data-settings=\"{&quot;_animation&quot;:&quot;nussFadeInUp&quot;}\" data-widget_type=\"text-editor.default\">\n\t\t\t\t<div class=\"elementor-widget-container\">\n\t\t\t\t\t\t\t\t\t<p>Situato nel cuore di Pechino, al numero 2 di Wangfujing Avenue, Dongcheng, Pechino, Cina, 100006, l&#039;Empark Prime Hotel Beijing \u00e8 un punto di riferimento per il lusso e il comfort dei viaggiatori che desiderano un soggiorno indimenticabile nella vivace capitale cinese. Rinomato per la sua posizione privilegiata vicino all&#039;iconica Wangfujing Street, vivace centro di shopping, ristoranti e attrazioni culturali, questo hotel offre un mix eccezionale di eleganza moderna e tradizionale ospitalit\u00e0 cinese. Ma ci\u00f2 che distingue davvero l&#039;Empark Prime Hotel Beijing \u00e8 la ricchezza di feedback positivi e recensioni sincere da parte degli ospiti che hanno sperimentato in prima persona i suoi servizi di livello mondiale. Dalle entusiastiche testimonianze su piattaforme come TripAdvisor.com ai resoconti dettagliati condivisi su diverse agenzie di viaggio online (OTA) come Booking.com ed Expedia, l&#039;hotel si \u00e8 guadagnato un&#039;eccellente reputazione per l&#039;eccellente esperienza offerta ai propri clienti.<\/p>\t\t\t\t\t\t\t\t<\/div>\n\t\t\t\t<\/div>\n\t\t\t\t\t<\/div>\n\t\t<\/div>\n\t\t\t\t\t<\/div>\n\t\t<\/section>\n\t\t\t\t<section class=\"elementor-section elementor-top-section elementor-element elementor-element-575fc68 elementor-section-gap-beside-no elementor-section-boxed elementor-section-height-default elementor-section-height-default elementor-section-column-vertical-align-stretch\" data-id=\"575fc68\" data-element_type=\"section\" data-e-type=\"section\">\n\t\t\t\t\t\t<div class=\"elementor-container elementor-column-gap-extended\">\n\t\t\t\t\t<div class=\"elementor-column elementor-col-50 elementor-top-column elementor-element elementor-element-dd03a56\" data-id=\"dd03a56\" data-element_type=\"column\" data-e-type=\"column\">\n\t\t\t<div class=\"elementor-widget-wrap elementor-element-populated\">\n\t\t\t\t\t\t<div class=\"elementor-element elementor-element-78ab5be elementor-invisible nuss-elementor-loading nuss-slide-in-right elementor-widget elementor-widget-image\" data-id=\"78ab5be\" data-element_type=\"widget\" data-e-type=\"widget\" data-settings=\"{&quot;_animation&quot;:&quot;nussSlideInRight&quot;}\" data-widget_type=\"image.default\">\n\t\t\t\t<div class=\"elementor-widget-container\">\n\t\t\t\t\t\t\t\t\t\t\t\t\t\t\t<img decoding=\"async\" width=\"1200\" height=\"800\" src=\"https:\/\/primehotelbeijing.com\/wp-content\/uploads\/2025\/07\/prime-hotel-beijing-54.jpg\" class=\"attachment-full size-full wp-image-5577\" alt=\"\" srcset=\"https:\/\/primehotelbeijing.com\/wp-content\/uploads\/2025\/07\/prime-hotel-beijing-54.jpg 1200w, https:\/\/primehotelbeijing.com\/wp-content\/uploads\/2025\/07\/prime-hotel-beijing-54-300x200.jpg 300w, https:\/\/primehotelbeijing.com\/wp-content\/uploads\/2025\/07\/prime-hotel-beijing-54-1024x683.jpg 1024w, https:\/\/primehotelbeijing.com\/wp-content\/uploads\/2025\/07\/prime-hotel-beijing-54-768x512.jpg 768w\" sizes=\"(max-width: 1200px) 100vw, 1200px\" \/>\t\t\t\t\t\t\t\t\t\t\t\t\t\t\t<\/div>\n\t\t\t\t<\/div>\n\t\t\t\t\t<\/div>\n\t\t<\/div>\n\t\t\t\t<div class=\"elementor-column elementor-col-50 elementor-top-column elementor-element elementor-element-364a6b2\" data-id=\"364a6b2\" data-element_type=\"column\" data-e-type=\"column\">\n\t\t\t<div class=\"elementor-widget-wrap elementor-element-populated\">\n\t\t\t\t\t\t<div class=\"elementor-element elementor-element-ccbb94d elementor-invisible elementor-widget elementor-widget-text-editor\" data-id=\"ccbb94d\" data-element_type=\"widget\" data-e-type=\"widget\" data-settings=\"{&quot;_animation&quot;:&quot;nussFadeInUp&quot;}\" data-widget_type=\"text-editor.default\">\n\t\t\t\t<div class=\"elementor-widget-container\">\n\t\t\t\t\t\t\t\t\t<p>Gli ospiti elogiano spesso l&#039;hotel per il suo servizio impeccabile, e molti sottolineano il personale cordiale e attento che fa di tutto per garantire un soggiorno impeccabile. Che si tratti di assistenza nell&#039;organizzazione del viaggio, di consigli personalizzati per esplorare i monumenti storici di Pechino come la Citt\u00e0 Proibita e Piazza Tienanmen, o di soddisfare richieste speciali, il team dell&#039;Empark Prime Hotel Beijing riceve costantemente recensioni eccellenti per la sua dedizione. Su TripAdvisor.com, i viaggiatori descrivono spesso il loro soggiorno come &quot;eccezionale&quot;, con numerose recensioni a cinque stelle che enfatizzano le lussuose sistemazioni dell&#039;hotel, caratterizzate da camere spaziose, comfort moderni e viste mozzafiato sullo skyline della citt\u00e0. La meticolosa attenzione ai dettagli nel design delle camere, unita all&#039;atmosfera serena, crea un&#039;oasi di relax nel mezzo del trambusto di Pechino.<\/p>\t\t\t\t\t\t\t\t<\/div>\n\t\t\t\t<\/div>\n\t\t\t\t\t<\/div>\n\t\t<\/div>\n\t\t\t\t\t<\/div>\n\t\t<\/section>\n\t\t\t\t<section class=\"elementor-section elementor-top-section elementor-element elementor-element-7853fd5 elementor-section-gap-beside-no elementor-section-boxed elementor-section-height-default elementor-section-height-default elementor-section-column-vertical-align-stretch\" data-id=\"7853fd5\" data-element_type=\"section\" data-e-type=\"section\">\n\t\t\t\t\t\t<div class=\"elementor-container elementor-column-gap-extended\">\n\t\t\t\t\t<div class=\"elementor-column elementor-col-50 elementor-top-column elementor-element elementor-element-9a8fa64\" data-id=\"9a8fa64\" data-element_type=\"column\" data-e-type=\"column\">\n\t\t\t<div class=\"elementor-widget-wrap elementor-element-populated\">\n\t\t\t\t\t\t<div class=\"elementor-element elementor-element-6f7d3f1 elementor-invisible nuss-elementor-loading nuss-slide-in-right elementor-widget elementor-widget-image\" data-id=\"6f7d3f1\" data-element_type=\"widget\" data-e-type=\"widget\" data-settings=\"{&quot;_animation&quot;:&quot;nussSlideInRight&quot;}\" data-widget_type=\"image.default\">\n\t\t\t\t<div class=\"elementor-widget-container\">\n\t\t\t\t\t\t\t\t\t\t\t\t\t\t\t<img decoding=\"async\" width=\"1200\" height=\"1800\" src=\"https:\/\/primehotelbeijing.com\/wp-content\/uploads\/2025\/07\/prime-hotel-beijing-32.jpg\" class=\"attachment-full size-full wp-image-5555\" alt=\"\" srcset=\"https:\/\/primehotelbeijing.com\/wp-content\/uploads\/2025\/07\/prime-hotel-beijing-32.jpg 1200w, https:\/\/primehotelbeijing.com\/wp-content\/uploads\/2025\/07\/prime-hotel-beijing-32-200x300.jpg 200w, https:\/\/primehotelbeijing.com\/wp-content\/uploads\/2025\/07\/prime-hotel-beijing-32-683x1024.jpg 683w, https:\/\/primehotelbeijing.com\/wp-content\/uploads\/2025\/07\/prime-hotel-beijing-32-768x1152.jpg 768w, https:\/\/primehotelbeijing.com\/wp-content\/uploads\/2025\/07\/prime-hotel-beijing-32-1024x1536.jpg 1024w\" sizes=\"(max-width: 1200px) 100vw, 1200px\" \/>\t\t\t\t\t\t\t\t\t\t\t\t\t\t\t<\/div>\n\t\t\t\t<\/div>\n\t\t\t\t\t<\/div>\n\t\t<\/div>\n\t\t\t\t<div class=\"elementor-column elementor-col-50 elementor-top-column elementor-element elementor-element-abd874b\" data-id=\"abd874b\" data-element_type=\"column\" data-e-type=\"column\">\n\t\t\t<div class=\"elementor-widget-wrap elementor-element-populated\">\n\t\t\t\t\t\t<div class=\"elementor-element elementor-element-a80ff28 elementor-invisible elementor-widget elementor-widget-text-editor\" data-id=\"a80ff28\" data-element_type=\"widget\" data-e-type=\"widget\" data-settings=\"{&quot;_animation&quot;:&quot;nussFadeInUp&quot;}\" data-widget_type=\"text-editor.default\">\n\t\t\t\t<div class=\"elementor-widget-container\">\n\t\t\t\t\t\t\t\t\t<p>Oltre all&#039;esperienza in hotel, le recensioni sulle OTA elogiano spesso le opzioni di ristorazione dell&#039;hotel, che soddisfano un&#039;ampia gamma di palati. Dall&#039;autentica cucina cinese ai sapori internazionali, i ristoranti in loco sono stati elogiati per la loro qualit\u00e0 e presentazione, rendendo ogni pasto un momento memorabile del soggiorno. Inoltre, le strutture all&#039;avanguardia dell&#039;hotel, tra cui un centro fitness ben attrezzato, una spa rigenerante e spazi per eventi versatili, hanno ricevuto feedback positivi sia dai viaggiatori d&#039;affari che da quelli di piacere. Molte recensioni sulle OTA sottolineano anche la comodit\u00e0 della posizione dell&#039;hotel, sottolineando come la sua vicinanza alle principali attrazioni e ai mezzi pubblici lo renda una base ideale per esplorare la ricca storia e le meraviglie moderne di Pechino.<\/p>\t\t\t\t\t\t\t\t<\/div>\n\t\t\t\t<\/div>\n\t\t\t\t\t<\/div>\n\t\t<\/div>\n\t\t\t\t\t<\/div>\n\t\t<\/section>\n\t\t\t\t<section class=\"elementor-section elementor-top-section elementor-element elementor-element-5754916 elementor-section-gap-beside-no elementor-section-boxed elementor-section-height-default elementor-section-height-default elementor-section-column-vertical-align-stretch\" data-id=\"5754916\" data-element_type=\"section\" data-e-type=\"section\">\n\t\t\t\t\t\t<div class=\"elementor-container elementor-column-gap-extended\">\n\t\t\t\t\t<div class=\"elementor-column elementor-col-50 elementor-top-column elementor-element elementor-element-9d31b7c\" data-id=\"9d31b7c\" data-element_type=\"column\" data-e-type=\"column\">\n\t\t\t<div class=\"elementor-widget-wrap elementor-element-populated\">\n\t\t\t\t\t\t<div class=\"elementor-element elementor-element-da30226 elementor-invisible nuss-elementor-loading nuss-slide-in-right elementor-widget elementor-widget-image\" data-id=\"da30226\" data-element_type=\"widget\" data-e-type=\"widget\" data-settings=\"{&quot;_animation&quot;:&quot;nussSlideInRight&quot;}\" data-widget_type=\"image.default\">\n\t\t\t\t<div class=\"elementor-widget-container\">\n\t\t\t\t\t\t\t\t\t\t\t\t\t\t\t<img loading=\"lazy\" decoding=\"async\" width=\"1200\" height=\"800\" src=\"https:\/\/primehotelbeijing.com\/wp-content\/uploads\/2025\/07\/prime-hotel-beijing-31.jpg\" class=\"attachment-full size-full wp-image-5554\" alt=\"\" srcset=\"https:\/\/primehotelbeijing.com\/wp-content\/uploads\/2025\/07\/prime-hotel-beijing-31.jpg 1200w, https:\/\/primehotelbeijing.com\/wp-content\/uploads\/2025\/07\/prime-hotel-beijing-31-300x200.jpg 300w, https:\/\/primehotelbeijing.com\/wp-content\/uploads\/2025\/07\/prime-hotel-beijing-31-1024x683.jpg 1024w, https:\/\/primehotelbeijing.com\/wp-content\/uploads\/2025\/07\/prime-hotel-beijing-31-768x512.jpg 768w\" sizes=\"(max-width: 1200px) 100vw, 1200px\" \/>\t\t\t\t\t\t\t\t\t\t\t\t\t\t\t<\/div>\n\t\t\t\t<\/div>\n\t\t\t\t\t<\/div>\n\t\t<\/div>\n\t\t\t\t<div class=\"elementor-column elementor-col-50 elementor-top-column elementor-element elementor-element-1f19087\" data-id=\"1f19087\" data-element_type=\"column\" data-e-type=\"column\">\n\t\t\t<div class=\"elementor-widget-wrap elementor-element-populated\">\n\t\t\t\t\t\t<div class=\"elementor-element elementor-element-1453bd9 elementor-invisible elementor-widget elementor-widget-text-editor\" data-id=\"1453bd9\" data-element_type=\"widget\" data-e-type=\"widget\" data-settings=\"{&quot;_animation&quot;:&quot;nussFadeInUp&quot;}\" data-widget_type=\"text-editor.default\">\n\t\t\t\t<div class=\"elementor-widget-container\">\n\t\t\t\t\t\t\t\t\t<p>Ci\u00f2 che risuona davvero nelle esperienze dei clienti \u00e8 il tema ricorrente di sentirsi &quot;a casa&quot; pur essendo lontani da casa. Che si tratti di una vacanza in famiglia, di una fuga romantica o di un viaggio d&#039;affari, gli ospiti su piattaforme come TripAdvisor.com e diverse OTA spesso raccontano come l&#039;Empark Prime Hotel Beijing abbia superato le loro aspettative, trasformando un semplice soggiorno in un ricordo prezioso. Con un impressionante numero di recensioni positive e dettagliate che sottolineano l&#039;impegno dell&#039;hotel per l&#039;eccellenza, non sorprende che questa struttura continui a essere una delle scelte migliori per i viaggiatori pi\u00f9 esigenti in visita a Pechino.<\/p>\t\t\t\t\t\t\t\t<\/div>\n\t\t\t\t<\/div>\n\t\t\t\t\t<\/div>\n\t\t<\/div>\n\t\t\t\t\t<\/div>\n\t\t<\/section>\n\t\t\t\t<section class=\"elementor-section elementor-top-section elementor-element elementor-element-68d172e elementor-section-gap-beside-no elementor-section-boxed elementor-section-height-default elementor-section-height-default elementor-section-column-vertical-align-stretch\" data-id=\"68d172e\" data-element_type=\"section\" data-e-type=\"section\">\n\t\t\t\t\t\t<div class=\"elementor-container elementor-column-gap-extended\">\n\t\t\t\t\t<div class=\"elementor-column elementor-col-50 elementor-top-column elementor-element elementor-element-84e5595\" data-id=\"84e5595\" data-element_type=\"column\" data-e-type=\"column\">\n\t\t\t<div class=\"elementor-widget-wrap elementor-element-populated\">\n\t\t\t\t\t\t<div class=\"elementor-element elementor-element-aaf832a elementor-invisible nuss-elementor-loading nuss-slide-in-right elementor-widget elementor-widget-image\" data-id=\"aaf832a\" data-element_type=\"widget\" data-e-type=\"widget\" data-settings=\"{&quot;_animation&quot;:&quot;nussSlideInRight&quot;}\" data-widget_type=\"image.default\">\n\t\t\t\t<div class=\"elementor-widget-container\">\n\t\t\t\t\t\t\t\t\t\t\t\t\t\t\t<img loading=\"lazy\" decoding=\"async\" width=\"1200\" height=\"1800\" src=\"https:\/\/primehotelbeijing.com\/wp-content\/uploads\/2025\/07\/prime-hotel-beijing-50.jpg\" class=\"attachment-full size-full wp-image-5573\" alt=\"\" srcset=\"https:\/\/primehotelbeijing.com\/wp-content\/uploads\/2025\/07\/prime-hotel-beijing-50.jpg 1200w, https:\/\/primehotelbeijing.com\/wp-content\/uploads\/2025\/07\/prime-hotel-beijing-50-200x300.jpg 200w, https:\/\/primehotelbeijing.com\/wp-content\/uploads\/2025\/07\/prime-hotel-beijing-50-683x1024.jpg 683w, https:\/\/primehotelbeijing.com\/wp-content\/uploads\/2025\/07\/prime-hotel-beijing-50-768x1152.jpg 768w, https:\/\/primehotelbeijing.com\/wp-content\/uploads\/2025\/07\/prime-hotel-beijing-50-1024x1536.jpg 1024w\" sizes=\"(max-width: 1200px) 100vw, 1200px\" \/>\t\t\t\t\t\t\t\t\t\t\t\t\t\t\t<\/div>\n\t\t\t\t<\/div>\n\t\t\t\t\t<\/div>\n\t\t<\/div>\n\t\t\t\t<div class=\"elementor-column elementor-col-50 elementor-top-column elementor-element elementor-element-771cb22\" data-id=\"771cb22\" data-element_type=\"column\" data-e-type=\"column\">\n\t\t\t<div class=\"elementor-widget-wrap elementor-element-populated\">\n\t\t\t\t\t\t<div class=\"elementor-element elementor-element-293ce9a elementor-invisible elementor-widget elementor-widget-text-editor\" data-id=\"293ce9a\" data-element_type=\"widget\" data-e-type=\"widget\" data-settings=\"{&quot;_animation&quot;:&quot;nussFadeInUp&quot;}\" data-widget_type=\"text-editor.default\">\n\t\t\t\t<div class=\"elementor-widget-container\">\n\t\t\t\t\t\t\t\t\t<div class=\"markdown-SpwdOz __markdown\" dir=\"auto\"><p>Per chiunque stia pianificando un viaggio nella capitale cinese, il consenso unanime degli ospiti precedenti \u00e8 una testimonianza della qualit\u00e0 e del fascino dell&#039;Empark Prime Hotel Beijing. Immergetevi nella miriade di recensioni su TripAdvisor.com e sui principali siti di OTA per scoprire perch\u00e9 questo hotel \u00e8 celebrato come una destinazione di prim&#039;ordine per l&#039;ospitalit\u00e0 e lasciate che le esperienze di innumerevoli viaggiatori soddisfatti ispirino il vostro prossimo soggiorno indimenticabile al 2 di Wangfujing Avenue. Prenotate il vostro soggiorno oggi stesso ed entrate a far parte della crescente comunit\u00e0 di ospiti che hanno trovato una seconda casa nel cuore di Pechino!<\/p><\/div>\t\t\t\t\t\t\t\t<\/div>\n\t\t\t\t<\/div>\n\t\t\t\t\t<\/div>\n\t\t<\/div>\n\t\t\t\t\t<\/div>\n\t\t<\/section>\n\t\t\t\t<\/div>","protected":false},"excerpt":{"rendered":"<p>Customer Experiences &#038; Reviews for Empark Prime Hotel Beijing Nestled in the heart of Beijing at 2 Wangfujing Ave, Dongcheng, Beijing, China, 100006, the Empark Prime Hotel Beijing stands as a beacon of luxury and comfort for travelers seeking an unforgettable stay in the vibrant capital of China. Renowned for its prime location near the [&hellip;]<\/p>\n","protected":false},"author":1,"featured_media":0,"parent":0,"menu_order":0,"comment_status":"closed","ping_status":"closed","template":"","meta":{"footnotes":""},"class_list":["post-2106","page","type-page","status-publish","hentry","post-no-thumbnail"],"_links":{"self":[{"href":"https:\/\/primehotelbeijing.com\/it\/wp-json\/wp\/v2\/pages\/2106","targetHints":{"allow":["GET"]}}],"collection":[{"href":"https:\/\/primehotelbeijing.com\/it\/wp-json\/wp\/v2\/pages"}],"about":[{"href":"https:\/\/primehotelbeijing.com\/it\/wp-json\/wp\/v2\/types\/page"}],"author":[{"embeddable":true,"href":"https:\/\/primehotelbeijing.com\/it\/wp-json\/wp\/v2\/users\/1"}],"replies":[{"embeddable":true,"href":"https:\/\/primehotelbeijing.com\/it\/wp-json\/wp\/v2\/comments?post=2106"}],"version-history":[{"count":0,"href":"https:\/\/primehotelbeijing.com\/it\/wp-json\/wp\/v2\/pages\/2106\/revisions"}],"wp:attachment":[{"href":"https:\/\/primehotelbeijing.com\/it\/wp-json\/wp\/v2\/media?parent=2106"}],"curies":[{"name":"wp","href":"https:\/\/api.w.org\/{rel}","templated":true}]}}